

{"id":366,"date":"2018-12-28T09:22:15","date_gmt":"2018-12-28T09:22:15","guid":{"rendered":"https:\/\/www.alphinat.com\/new\/?page_id=366"},"modified":"2024-02-20T09:27:59","modified_gmt":"2024-02-20T14:27:59","slug":"civic-portal","status":"publish","type":"page","link":"https:\/\/www.alphinat.com\/en\/solutions\/government\/civic-portal\/","title":{"rendered":"SmartGuide\u00ae Civic Portal"},"content":{"rendered":"<div id=\"pl-366\"  class=\"panel-layout\" ><div id=\"pg-366-0\"  class=\"panel-grid panel-has-style\" ><div class=\"siteorigin-panels-stretch panel-row-style panel-row-style-for-366-0\" data-stretch-type=\"full\" ><div id=\"pgc-366-0-0\"  class=\"panel-grid-cell\" ><div id=\"panel-366-0-0-0\" class=\"so-panel widget widget_sow-editor panel-first-child\" data-index=\"0\" ><div\n\t\t\t\n\t\t\tclass=\"so-widget-sow-editor so-widget-sow-editor-base\"\n\t\t\t\n\t\t>\n<div class=\"siteorigin-widget-tinymce textwidget\">\n\t<h1 style=\"text-align: center; text-shadow: 3px 4px 5px #ccc;\">CIVIC PORTAL FOR MUNICIPAL SOLUTIONS<\/h1>\n<p><img fetchpriority=\"high\" fetchpriority=\"high\" decoding=\"async\" class=\"size-full wp-image-1236 aligncenter\" src=\"https:\/\/www.alphinat.com\/en\/wp-content\/uploads\/sites\/8\/2022\/05\/smartportal-for-municipalities-1024x565-1.png\" alt=\"\" width=\"1024\" height=\"565\" srcset=\"https:\/\/www.alphinat.com\/en\/wp-content\/uploads\/sites\/8\/2022\/05\/smartportal-for-municipalities-1024x565-1.png 1024w, https:\/\/www.alphinat.com\/en\/wp-content\/uploads\/sites\/8\/2022\/05\/smartportal-for-municipalities-1024x565-1-300x166.png 300w, https:\/\/www.alphinat.com\/en\/wp-content\/uploads\/sites\/8\/2022\/05\/smartportal-for-municipalities-1024x565-1-768x424.png 768w\" sizes=\"(max-width: 1024px) 100vw, 1024px\" \/><\/p>\n<h3 style=\"text-align: center; margin: 0;\">A responsive, accessible portal out-of-the-box<\/h3>\n<\/div>\n<\/div><\/div><div id=\"panel-366-0-0-1\" class=\"so-panel widget widget_sow-button panel-last-child\" data-index=\"1\" ><div class=\"panel-widget-style panel-widget-style-for-366-0-0-1\" ><div\n\t\t\t\n\t\t\tclass=\"so-widget-sow-button so-widget-sow-button-atom-857739567c6a-366\"\n\t\t\t\n\t\t><div class=\"ow-button-base ow-button-align-center\"\n>\n\t\t\t<a\n\t\t\t\t\thref=\"\/mt\/demo-request1\"\n\t\t\t\t\tclass=\"sowb-button ow-icon-placement-left ow-button-hover\" \t>\n\t\t<span>\n\t\t\t<span class=\"sow-icon-fontawesome sow-far\" data-sow-icon=\"&#xf274;\"\n\t\tstyle=\"\" \n\t\taria-hidden=\"true\"><\/span>\n\t\t\tSchedule a demo\t\t<\/span>\n\t\t\t<\/a>\n\t<\/div>\n<\/div><\/div><\/div><\/div><\/div><\/div><div id=\"pg-366-1\"  class=\"panel-grid panel-has-style\" ><div class=\"siteorigin-panels-stretch panel-row-style panel-row-style-for-366-1\" id=\"services\" data-stretch-type=\"full\" ><div id=\"pgc-366-1-0\"  class=\"panel-grid-cell\" ><div id=\"panel-366-1-0-0\" class=\"so-panel widget widget_sow-headline panel-first-child\" data-index=\"2\" ><div\n\t\t\t\n\t\t\tclass=\"so-widget-sow-headline so-widget-sow-headline-default-289e6261e3b9-366\"\n\t\t\t\n\t\t><div class=\"sow-headline-container \">\n\t\t\t\t\t\t\t<h1 class=\"sow-headline\">\n\t\t\t\t\t\tBENEFITS\t\t\t\t\t\t<\/h1>\n\t\t\t\t\t\t\t\t\t\t\t<div class=\"decoration\">\n\t\t\t\t\t\t<div class=\"decoration-inside\"><\/div>\n\t\t\t\t\t<\/div>\n\t\t\t\t\t\t\t\t\t\t\t<p class=\"sow-sub-headline\">\n\t\t\t\t\t\tMake the most of your municipal, permitting and licensing solutions with a bolt-on portal that\u2019s built for today's exacting customer.\t\t\t\t\t\t<\/p>\n\t\t\t\t\t\t<\/div>\n<\/div><\/div><div id=\"panel-366-1-0-1\" class=\"so-panel widget widget_sow-features panel-last-child\" data-index=\"3\" ><div class=\"panel-widget-style panel-widget-style-for-366-1-0-1\" ><div\n\t\t\t\n\t\t\tclass=\"so-widget-sow-features so-widget-sow-features-default-85c3ac44ca2e-366\"\n\t\t\t\n\t\t><ul\n\tclass=\"sow-features-list\n\tsow-features-responsive\">\n\n\t\t\t<li\n\t\t\tclass=\"sow-features-feature sow-icon-container-position-top\"\n\t\t\tstyle=\"display: flex; flex-direction: column; width: calc(50% - 25px);\"\n\t\t>\n\t\t\t\n\t\t\t\t\t\t<div\t\t\t\tclass=\"sow-icon-container sow-container-none\"\n\t\t\t\tstyle=\"color: #404040; \"\n\t\t\t\t\n\t\t\t\t\t\t\t>\n\t\t\t\t<span class=\"sow-icon-fontawesome sow-fas\" data-sow-icon=\"&#xf3d1;\"\n\t\tstyle=\"font-size: 54px; color: #333333\" \n\t\taria-hidden=\"true\"><\/span>\t\t\t<\/div>\n\n\t\t\t<div class=\"textwidget\">\n\t\t\t\t\n\t\t\t\t\t\t\t\t\t<h5 class=\"sow-features-feature-title\">\n\t\t\t\t\t\tGet paid faster with online payments\t\t\t\t\t<\/h5>\n\t\t\t\t\n\t\t\t\t\t\t\t\t\t<div class=\"sow-features-feature-text\">\n\t\t\t\t\t<p>Benefit from out-of-the-box integration with Moneris and allow citizens and business owners to pay for their licenses and permits online. It\u2019s more convenient for them and enables you to get paid faster. Our portal solution can also connect to other payment gateways.<\/p>\n\t\t\t\t\t<\/div>\n\t\t\t\t\t\t\t\t<\/div>\n\t\t\t\t\t\t\t\t<\/li>\n\n\t\t\t<li\n\t\t\tclass=\"sow-features-feature sow-icon-container-position-top\"\n\t\t\tstyle=\"display: flex; flex-direction: column; width: calc(50% - 25px);\"\n\t\t>\n\t\t\t\n\t\t\t\t\t\t<div\t\t\t\tclass=\"sow-icon-container sow-container-none\"\n\t\t\t\tstyle=\"color: #404040; \"\n\t\t\t\t\n\t\t\t\t\t\t\t>\n\t\t\t\t<span class=\"sow-icon-icomoon\" data-sow-icon=\"&#xea5a;\"\n\t\tstyle=\"font-size: 54px; color: #333333\" \n\t\taria-hidden=\"true\"><\/span>\t\t\t<\/div>\n\n\t\t\t<div class=\"textwidget\">\n\t\t\t\t\n\t\t\t\t\t\t\t\t\t<h5 class=\"sow-features-feature-title\">\n\t\t\t\t\t\tReduce costs through self-service tools\t\t\t\t\t<\/h5>\n\t\t\t\t\n\t\t\t\t\t\t\t\t\t<div class=\"sow-features-feature-text\">\n\t\t\t\t\t<p>Dealing with requests in person or over the phone is expensive. Drastically reduce your service delivery costs by allowing your constituents to create a portal account, submit and pay for permits and licenses and check their status online.<\/p>\n\t\t\t\t\t<\/div>\n\t\t\t\t\t\t\t\t<\/div>\n\t\t\t\t\t\t\t\t<\/li>\n\n\t\t\t<li\n\t\t\tclass=\"sow-features-feature sow-icon-container-position-top\"\n\t\t\tstyle=\"display: flex; flex-direction: column; width: calc(50% - 25px);\"\n\t\t>\n\t\t\t\n\t\t\t\t\t\t<div\t\t\t\tclass=\"sow-icon-container sow-container-none\"\n\t\t\t\tstyle=\"color: #404040; \"\n\t\t\t\t\n\t\t\t\t\t\t\t>\n\t\t\t\t<span class=\"sow-icon-fontawesome sow-far\" data-sow-icon=\"&#xf118;\"\n\t\tstyle=\"font-size: 54px; color: #333333\" \n\t\taria-hidden=\"true\"><\/span>\t\t\t<\/div>\n\n\t\t\t<div class=\"textwidget\">\n\t\t\t\t\n\t\t\t\t\t\t\t\t\t<h5 class=\"sow-features-feature-title\">\n\t\t\t\t\t\tProvide an outstanding user experience\t\t\t\t\t<\/h5>\n\t\t\t\t\n\t\t\t\t\t\t\t\t\t<div class=\"sow-features-feature-text\">\n\t\t\t\t\t<p>Empower citizens to get things done on their own terms and using the device of their choice. Our portal solution allows you to guide end-users through the application process in addition to being accessible to people with disabilities.<\/p>\n\t\t\t\t\t<\/div>\n\t\t\t\t\t\t\t\t<\/div>\n\t\t\t\t\t\t\t\t<\/li>\n\n\t\t\t<li\n\t\t\tclass=\"sow-features-feature sow-icon-container-position-top\"\n\t\t\tstyle=\"display: flex; flex-direction: column; width: calc(50% - 25px);\"\n\t\t>\n\t\t\t\n\t\t\t\t\t\t<div\t\t\t\tclass=\"sow-icon-container sow-container-none\"\n\t\t\t\tstyle=\"color: #404040; \"\n\t\t\t\t\n\t\t\t\t\t\t\t>\n\t\t\t\t<span class=\"sow-icon-icomoon\" data-sow-icon=\"&#xe975;\"\n\t\tstyle=\"font-size: 54px; color: #333333\" \n\t\taria-hidden=\"true\"><\/span>\t\t\t<\/div>\n\n\t\t\t<div class=\"textwidget\">\n\t\t\t\t\n\t\t\t\t\t\t\t\t\t<h5 class=\"sow-features-feature-title\">\n\t\t\t\t\t\tDeploy your portal with fewer resources\t\t\t\t\t<\/h5>\n\t\t\t\t\n\t\t\t\t\t\t\t\t\t<div class=\"sow-features-feature-text\">\n\t\t\t\t\t<p>Instead of building your portal from scratch, customize our prebuilt components to save you time and money. Or let us or one of our partners do it for you. In either case, customize the portal and even add custom functionality to fit your needs.<\/p>\n\t\t\t\t\t<\/div>\n\t\t\t\t\t\t\t\t<\/div>\n\t\t\t\t\t\t\t\t<\/li>\n\n\t<\/ul>\n<\/div><\/div><\/div><\/div><\/div><\/div><div id=\"pg-366-2\"  class=\"panel-grid panel-has-style\" ><div class=\"siteorigin-panels-stretch panel-row-style panel-row-style-for-366-2\" id=\"clients\" data-stretch-type=\"full\" ><div id=\"pgc-366-2-0\"  class=\"panel-grid-cell\" ><div id=\"panel-366-2-0-0\" class=\"so-panel widget widget_sow-headline panel-first-child panel-last-child\" data-index=\"4\" ><div\n\t\t\t\n\t\t\tclass=\"so-widget-sow-headline so-widget-sow-headline-default-dfa0bc55d1d2-366\"\n\t\t\t\n\t\t><div class=\"sow-headline-container \">\n\t\t\t\t\t\t\t<h1 class=\"sow-headline\">\n\t\t\t\t\t\t\u201cThanks again for all the work you and your team are doing. The new portal looks and works so much better than the previous one\u201d\t\t\t\t\t\t<\/h1>\n\t\t\t\t\t\t\t\t\t\t\t<div class=\"decoration\">\n\t\t\t\t\t\t<div class=\"decoration-inside\"><\/div>\n\t\t\t\t\t<\/div>\n\t\t\t\t\t<\/div>\n<\/div><\/div><\/div><\/div><\/div><div id=\"pg-366-3\"  class=\"panel-grid panel-has-style\" ><div class=\"siteorigin-panels-stretch panel-row-style panel-row-style-for-366-3\" id=\"work\" data-stretch-type=\"full\" ><div id=\"pgc-366-3-0\"  class=\"panel-grid-cell\" ><div id=\"panel-366-3-0-0\" class=\"so-panel widget widget_sow-headline panel-first-child panel-last-child\" data-index=\"5\" ><div\n\t\t\t\n\t\t\tclass=\"so-widget-sow-headline so-widget-sow-headline-default-289e6261e3b9-366\"\n\t\t\t\n\t\t><div class=\"sow-headline-container \">\n\t\t\t\t\t\t\t<h1 class=\"sow-headline\">\n\t\t\t\t\t\tFEATURES\t\t\t\t\t\t<\/h1>\n\t\t\t\t\t\t\t\t\t\t\t<div class=\"decoration\">\n\t\t\t\t\t\t<div class=\"decoration-inside\"><\/div>\n\t\t\t\t\t<\/div>\n\t\t\t\t\t\t\t\t\t\t\t<p class=\"sow-sub-headline\">\n\t\t\t\t\t\tThe Alphinat CIVIC PORTAL FOR MUNICIPAL SOLUTIONS comes with a slew of out-of-the-box features that save you time and money\t\t\t\t\t\t<\/p>\n\t\t\t\t\t\t<\/div>\n<\/div><\/div><\/div><\/div><\/div><div id=\"pg-366-4\"  class=\"panel-grid panel-has-style\" ><div class=\"panel-row-style panel-row-style-for-366-4\" ><div id=\"pgc-366-4-0\"  class=\"panel-grid-cell\" ><div id=\"panel-366-4-0-0\" class=\"so-panel widget widget_sow-editor panel-first-child panel-last-child\" data-index=\"6\" ><div class=\"img-container panel-widget-style panel-widget-style-for-366-4-0-0\" ><div\n\t\t\t\n\t\t\tclass=\"so-widget-sow-editor so-widget-sow-editor-base\"\n\t\t\t\n\t\t>\n<div class=\"siteorigin-widget-tinymce textwidget\">\n\t<p><img decoding=\"async\" class=\"size-full wp-image-378\" src=\"\/new\/files\/2019\/01\/online-wizard.png\" alt=\"\" width=\"100%\" srcset=\"https:\/\/www.alphinat.com\/en\/wp-content\/uploads\/sites\/8\/2019\/01\/online-wizard.png 588w, https:\/\/www.alphinat.com\/en\/wp-content\/uploads\/sites\/8\/2019\/01\/online-wizard-300x174.png 300w\" sizes=\"(max-width: 588px) 100vw, 588px\" \/><\/p>\n<p>Online wizard that quickly connects citizens and businesses with the permits and licenses they need<\/p>\n<\/div>\n<\/div><\/div><\/div><\/div><div id=\"pgc-366-4-1\"  class=\"panel-grid-cell\" ><div id=\"panel-366-4-1-0\" class=\"so-panel widget widget_sow-editor panel-first-child panel-last-child\" data-index=\"7\" ><div class=\"img-container panel-widget-style panel-widget-style-for-366-4-1-0\" ><div\n\t\t\t\n\t\t\tclass=\"so-widget-sow-editor so-widget-sow-editor-base\"\n\t\t\t\n\t\t>\n<div class=\"siteorigin-widget-tinymce textwidget\">\n\t<p><img decoding=\"async\" class=\"size-full wp-image-379\" src=\"\/new\/files\/2019\/01\/advanced-options.png\" alt=\"\" width=\"100%\" srcset=\"https:\/\/www.alphinat.com\/en\/wp-content\/uploads\/sites\/8\/2019\/01\/advanced-options.png 588w, https:\/\/www.alphinat.com\/en\/wp-content\/uploads\/sites\/8\/2019\/01\/advanced-options-300x174.png 300w\" sizes=\"(max-width: 588px) 100vw, 588px\" \/><\/p>\n<p>Quick access options for advanced users that don't require back-end calls to your back-office solutions.<\/p>\n<\/div>\n<\/div><\/div><\/div><\/div><\/div><\/div><div id=\"pg-366-5\"  class=\"panel-grid panel-has-style\" ><div class=\"panel-row-style panel-row-style-for-366-5\" ><div id=\"pgc-366-5-0\"  class=\"panel-grid-cell\" ><div id=\"panel-366-5-0-0\" class=\"so-panel widget widget_sow-editor panel-first-child panel-last-child\" data-index=\"8\" ><div class=\"img-container panel-widget-style panel-widget-style-for-366-5-0-0\" ><div\n\t\t\t\n\t\t\tclass=\"so-widget-sow-editor so-widget-sow-editor-base\"\n\t\t\t\n\t\t>\n<div class=\"siteorigin-widget-tinymce textwidget\">\n\t<p><img decoding=\"async\" src=\"\/new\/files\/2019\/01\/login.png\" alt=\"\" width=\"100%\" class=\"size-full wp-image-380\" srcset=\"https:\/\/www.alphinat.com\/en\/wp-content\/uploads\/sites\/8\/2019\/01\/login.png 589w, https:\/\/www.alphinat.com\/en\/wp-content\/uploads\/sites\/8\/2019\/01\/login-300x174.png 300w\" sizes=\"(max-width: 589px) 100vw, 589px\" \/><\/p>\n<p>Complete login flow, including <em>Remember me<\/em>, <em>Forgot password<\/em> and <em>Google reCAPTCHA<\/em> functionality<\/p>\n<\/div>\n<\/div><\/div><\/div><\/div><div id=\"pgc-366-5-1\"  class=\"panel-grid-cell\" ><div id=\"panel-366-5-1-0\" class=\"so-panel widget widget_sow-editor panel-first-child panel-last-child\" data-index=\"9\" ><div class=\"img-container panel-widget-style panel-widget-style-for-366-5-1-0\" ><div\n\t\t\t\n\t\t\tclass=\"so-widget-sow-editor so-widget-sow-editor-base\"\n\t\t\t\n\t\t>\n<div class=\"siteorigin-widget-tinymce textwidget\">\n\t<p><img decoding=\"async\" src=\"\/new\/files\/2019\/01\/create-account.png\" alt=\"\" width=\"100%\" class=\"size-full wp-image-381\" srcset=\"https:\/\/www.alphinat.com\/en\/wp-content\/uploads\/sites\/8\/2019\/01\/create-account.png 589w, https:\/\/www.alphinat.com\/en\/wp-content\/uploads\/sites\/8\/2019\/01\/create-account-300x174.png 300w\" sizes=\"(max-width: 589px) 100vw, 589px\" \/><\/p>\n<p>Self-service account creation for individuals and organizations, including two-factor authentication<\/p>\n<\/div>\n<\/div><\/div><\/div><\/div><\/div><\/div><div id=\"pg-366-6\"  class=\"panel-grid panel-has-style\" ><div class=\"siteorigin-panels-stretch panel-row-style panel-row-style-for-366-6\" id=\"work\" data-stretch-type=\"full\" ><div id=\"pgc-366-6-0\"  class=\"panel-grid-cell\" ><div id=\"panel-366-6-0-0\" class=\"so-panel widget widget_sow-headline panel-first-child panel-last-child\" data-index=\"10\" ><div\n\t\t\t\n\t\t\tclass=\"so-widget-sow-headline so-widget-sow-headline-default-289e6261e3b9-366\"\n\t\t\t\n\t\t><div class=\"sow-headline-container \">\n\t\t\t\t\t\t\t<h1 class=\"sow-headline\">\n\t\t\t\t\t\tand much more...\t\t\t\t\t\t<\/h1>\n\t\t\t\t\t\t\t\t\t\t\t<div class=\"decoration\">\n\t\t\t\t\t\t<div class=\"decoration-inside\"><\/div>\n\t\t\t\t\t<\/div>\n\t\t\t\t\t<\/div>\n<\/div><\/div><\/div><\/div><\/div><div id=\"pg-366-7\"  class=\"panel-grid panel-has-style\" ><div class=\"panel-row-style panel-row-style-for-366-7\" ><div id=\"pgc-366-7-0\"  class=\"panel-grid-cell\" ><div id=\"panel-366-7-0-0\" class=\"so-panel widget widget_sow-editor panel-first-child panel-last-child\" data-index=\"11\" ><div\n\t\t\t\n\t\t\tclass=\"so-widget-sow-editor so-widget-sow-editor-base\"\n\t\t\t\n\t\t>\n<div class=\"siteorigin-widget-tinymce textwidget\">\n\t<ul>\n<li>Address auto-complete functionality using data stored in the \"back-office\"<\/li>\n<li>Flexible interface for any type of permit and license. Reuse the same interfaces for multiple types or create a custom front-end experience for any type of permit and license<\/li>\n<li>Ability to automatically create fields from the \"back-office\" definition<\/li>\n<li>Advanced field validations to ensure high quality data<\/li>\n<\/ul>\n<\/div>\n<\/div><\/div><\/div><div id=\"pgc-366-7-1\"  class=\"panel-grid-cell\" ><div id=\"panel-366-7-1-0\" class=\"so-panel widget widget_sow-editor panel-first-child panel-last-child\" data-index=\"12\" ><div\n\t\t\t\n\t\t\tclass=\"so-widget-sow-editor so-widget-sow-editor-base\"\n\t\t\t\n\t\t>\n<div class=\"siteorigin-widget-tinymce textwidget\">\n\t<ul>\n<li>Int\u00e9gration imm\u00e9diate avec Moneris, y compris les paiements par carte de cr\u00e9dit et Interac<\/li>\n<li>Tableau de bord s\u00e9curis\u00e9 qui permet aux utilisateurs de v\u00e9rifier le statut de leur application et d'acc\u00e9der aux transactions pass\u00e9es \u00e0 partir de n'importe quel appareil, 24\/7<\/li>\n<li>Gestion des membres de l'organisation, y compris la possibilit\u00e9 d'ajouter des administrateurs, du personnel interne et des agents externes<\/li>\n<\/ul>\n<\/div>\n<\/div><\/div><\/div><\/div><\/div><div id=\"pg-366-8\"  class=\"panel-grid panel-has-style\" ><div class=\"panel-row-style panel-row-style-for-366-8\" ><div id=\"pgc-366-8-0\"  class=\"panel-grid-cell\" ><div id=\"panel-366-8-0-0\" class=\"so-panel widget widget_sow-button panel-first-child panel-last-child\" data-index=\"13\" ><div\n\t\t\t\n\t\t\tclass=\"so-widget-sow-button so-widget-sow-button-atom-36e22cfc6189-366\"\n\t\t\t\n\t\t><div class=\"ow-button-base ow-button-align-center\"\n>\n\t\t\t<a\n\t\t\t\t\thref=\"\/mt\/demo-request1\"\n\t\t\t\t\tclass=\"sowb-button ow-icon-placement-left ow-button-hover\" \t>\n\t\t<span>\n\t\t\t<span class=\"sow-icon-fontawesome sow-far\" data-sow-icon=\"&#xf274;\"\n\t\tstyle=\"\" \n\t\taria-hidden=\"true\"><\/span>\n\t\t\tSchedule a demo\t\t<\/span>\n\t\t\t<\/a>\n\t<\/div>\n<\/div><\/div><\/div><\/div><\/div><\/div>","protected":false},"excerpt":{"rendered":"<p>CIVIC PORTAL FOR MUNICIPAL SOLUTIONS A responsive, accessible portal out-of-the-box<\/p>\n","protected":false},"author":1,"featured_media":0,"parent":300,"menu_order":0,"comment_status":"closed","ping_status":"closed","template":"landing-page.php","meta":{"footnotes":""},"_links":{"self":[{"href":"https:\/\/www.alphinat.com\/en\/wp-json\/wp\/v2\/pages\/366"}],"collection":[{"href":"https:\/\/www.alphinat.com\/en\/wp-json\/wp\/v2\/pages"}],"about":[{"href":"https:\/\/www.alphinat.com\/en\/wp-json\/wp\/v2\/types\/page"}],"author":[{"embeddable":true,"href":"https:\/\/www.alphinat.com\/en\/wp-json\/wp\/v2\/users\/1"}],"replies":[{"embeddable":true,"href":"https:\/\/www.alphinat.com\/en\/wp-json\/wp\/v2\/comments?post=366"}],"version-history":[{"count":14,"href":"https:\/\/www.alphinat.com\/en\/wp-json\/wp\/v2\/pages\/366\/revisions"}],"predecessor-version":[{"id":2933,"href":"https:\/\/www.alphinat.com\/en\/wp-json\/wp\/v2\/pages\/366\/revisions\/2933"}],"up":[{"embeddable":true,"href":"https:\/\/www.alphinat.com\/en\/wp-json\/wp\/v2\/pages\/300"}],"wp:attachment":[{"href":"https:\/\/www.alphinat.com\/en\/wp-json\/wp\/v2\/media?parent=366"}],"curies":[{"name":"wp","href":"https:\/\/api.w.org\/{rel}","templated":true}]}}