

{"id":1495,"date":"2023-03-21T14:56:52","date_gmt":"2023-03-21T18:56:52","guid":{"rendered":"https:\/\/www.alphinat.com\/fr\/?page_id=1495"},"modified":"2024-01-29T15:08:22","modified_gmt":"2024-01-29T20:08:22","slug":"smartghgr-edition-saas","status":"publish","type":"page","link":"https:\/\/www.alphinat.com\/fr\/solutions\/smartghgr-edition-saas\/","title":{"rendered":"SMARTGHGR \u00c9dition SaaS"},"content":{"rendered":"\n<div class=\"wp-block-columns is-layout-flex wp-container-core-columns-layout-1 wp-block-columns-is-layout-flex\">\n<div class=\"wp-block-column is-layout-flow wp-block-column-is-layout-flow\"><\/div>\n<\/div>\n\n\n\n<div class=\"wp-block-cover is-light has-custom-content-position is-position-bottom-center\"><span aria-hidden=\"true\" class=\"wp-block-cover__background has-background-dim-0 has-background-dim\"><\/span><video class=\"wp-block-cover__video-background intrinsic-ignore\" autoplay muted loop playsinline src=\"https:\/\/www.alphinat.com\/fr\/wp-content\/uploads\/sites\/7\/2023\/03\/GHGR_French.mp4\" data-object-fit=\"cover\"><\/video><div class=\"wp-block-cover__inner-container is-layout-flow wp-block-cover-is-layout-flow\">\n<div class=\"wp-block-buttons is-content-justification-center is-layout-flex wp-container-core-buttons-layout-1 wp-block-buttons-is-layout-flex\"><\/div>\n<\/div><\/div>\n\n\n\n<h2 class=\"wp-block-heading has-text-align-center has-x-large-font-size\"><strong>SMARTGHGR \u00c9dition SaaS<\/strong><\/h2>\n\n\n\n<div class=\"wp-block-buttons is-content-justification-center is-layout-flex wp-container-core-buttons-layout-2 wp-block-buttons-is-layout-flex\">\n<div class=\"wp-block-button has-custom-font-size has-small-font-size\"><a class=\"wp-block-button__link has-white-color has-text-color has-background wp-element-button\" href=\"\/mt\/fr\/requete-demo\" style=\"border-radius:0px;background-color:#043925\" target=\"_blank\" rel=\"noreferrer noopener\"><strong>Planifier une d\u00e9mo<\/strong><\/a><\/div>\n<\/div>\n\n\n\n<div class=\"wp-block-columns is-layout-flex wp-container-core-columns-layout-2 wp-block-columns-is-layout-flex\">\n<div class=\"wp-block-column is-layout-flow wp-block-column-is-layout-flow\">\n<hr class=\"wp-block-separator has-css-opacity\"\/>\n<\/div>\n<\/div>\n\n\n\n<h3 class=\"wp-block-heading has-text-align-center has-medium-font-size\">SmartGHGR\u2122 est une solution logicielle innovante qui r\u00e9volutionne la collecte, la gestion, l&#8217;analyse et la conformit\u00e9 des donn\u00e9es pour les rapports GHGR (Greenhouse Gas Emission Reduction). S&#8217;appuyant sur SmartGuide\u2122 et l&#8217;automatisation de l&#8217;IA curat\u00e9e, elle offre une efficacit\u00e9, une pr\u00e9cision et une rapidit\u00e9 in\u00e9gal\u00e9es pour le d\u00e9veloppement et la fourniture de services num\u00e9riques dans le secteur public.<\/h3>\n\n\n<div id=\"pl-gb1495-69f3ac3b2abe1\"  class=\"panel-layout\" ><div id=\"pg-gb1495-69f3ac3b2abe1-0\"  class=\"panel-grid panel-no-style\" ><div id=\"pgc-gb1495-69f3ac3b2abe1-0-0\"  class=\"panel-grid-cell\" ><div id=\"panel-gb1495-69f3ac3b2abe1-0-0-0\" class=\"so-panel widget widget_sow-features panel-first-child panel-last-child\" data-index=\"0\" ><div\n\t\t\t\n\t\t\tclass=\"so-widget-sow-features so-widget-sow-features-default-233ce288a3e8-1495\"\n\t\t\t\n\t\t><ul\n\tclass=\"sow-features-list\n\tsow-features-responsive\">\n\n\t\t\t<li\n\t\t\tclass=\"sow-features-feature sow-icon-container-position-top\"\n\t\t\tstyle=\"display: flex; flex-direction: column; width: calc(33.333% - 25px);\"\n\t\t>\n\t\t\t\n\t\t\t\t\t\t<div\t\t\t\tclass=\"sow-icon-container sow-container-none\"\n\t\t\t\tstyle=\"color: #404040; \"\n\t\t\t\ttitle=\"SmartGHGR: Streamlining Greenhouse Gas Reporting and Compliance Automation\"\n\t\t\t\t\t\t\t>\n\t\t\t\t<span class=\"sow-icon-icomoon\" data-sow-icon=\"&#xe9ca;\"\n\t\tstyle=\"font-size: 65px; color: #000000\" \n\t\taria-hidden=\"true\"><\/span>\t\t\t<\/div>\n\n\t\t\t<div class=\"textwidget\">\n\t\t\t\t\n\t\t\t\t\t\t\t\t\t<h5 class=\"sow-features-feature-title\">\n\t\t\t\t\t\t Automatisation de la d\u00e9claration des gaz \u00e0 effet de serre et de la mise en conformit\u00e9\t\t\t\t\t<\/h5>\n\t\t\t\t\n\t\t\t\t\t\t\t\t\t<div class=\"sow-features-feature-text\">\n\t\t\t\t\t<p>Cet outil complet automatise l&#8217;ensemble du processus, de la collecte des donn\u00e9es \u00e0 la d\u00e9claration, tout en aidant les entit\u00e9s d\u00e9clarantes \u00e0 adh\u00e9rer et \u00e0 se conformer \u00e0 un paysage r\u00e9glementaire en constante \u00e9volution. SmartGHGR fournit un processus complet de d\u00e9claration des \u00e9missions annuelles et des \u00e9missions de r\u00e9f\u00e9rence et calcule des rapports de conformit\u00e9 configurables bas\u00e9s sur la l\u00e9gislation pour les installations, en garantissant l&#8217;\u00e9mission, le transfert et le retrait des cr\u00e9dits de performance et de fonds pour les gaz \u00e0 effet de serre et en rationalisant le processus de certification.<\/p>\n\t\t\t\t\t<\/div>\n\t\t\t\t\t\t\t\t<\/div>\n\t\t\t\t\t\t\t\t<\/li>\n\n\t\t\t<li\n\t\t\tclass=\"sow-features-feature sow-icon-container-position-top\"\n\t\t\tstyle=\"display: flex; flex-direction: column; width: calc(33.333% - 25px);\"\n\t\t>\n\t\t\t\n\t\t\t\t\t\t<div\t\t\t\tclass=\"sow-icon-container sow-container-none\"\n\t\t\t\tstyle=\"color: #404040; \"\n\t\t\t\ttitle=\"Sustainability Made Simple: SmartGHGR&#039;s User-Friendly Interface\"\n\t\t\t\t\t\t\t>\n\t\t\t\t<span class=\"sow-icon-icomoon\" data-sow-icon=\"&#xe9e1;\"\n\t\tstyle=\"font-size: 65px; color: #000000\" \n\t\taria-hidden=\"true\"><\/span>\t\t\t<\/div>\n\n\t\t\t<div class=\"textwidget\">\n\t\t\t\t\n\t\t\t\t\t\t\t\t\t<h5 class=\"sow-features-feature-title\">\n\t\t\t\t\t\tLe d\u00e9veloppement durable en toute simplicit\u00e9 Interface conviviale\t\t\t\t\t<\/h5>\n\t\t\t\t\n\t\t\t\t\t\t\t\t\t<div class=\"sow-features-feature-text\">\n\t\t\t\t\tSon interface de marque garantit une exp\u00e9rience conviviale inclusive et accessible, rendant les t\u00e2ches complexes plus simples et moins frustrantes. Gr\u00e2ce \u00e0 SmartGHGR, les gouvernements et les organisations peuvent facilement suivre, analyser et rapporter les donn\u00e9es relatives aux GES, ce qui permet une gestion efficace de la durabilit\u00e9 et contribue \u00e0 un avenir plus vert.\t\t\t\t\t<\/div>\n\t\t\t\t\t\t\t\t<\/div>\n\t\t\t\t\t\t\t\t<\/li>\n\n\t\t\t<li\n\t\t\tclass=\"sow-features-feature sow-icon-container-position-top\"\n\t\t\tstyle=\"display: flex; flex-direction: column; width: calc(33.333% - 25px);\"\n\t\t>\n\t\t\t\n\t\t\t\t\t\t<div\t\t\t\tclass=\"sow-icon-container sow-container-none\"\n\t\t\t\tstyle=\"color: #404040; \"\n\t\t\t\ttitle=\"Unlocking Actionable Insights: SmartGHGR Empowers Sustainable Decision-Making with Advanced Analysis and Compliance\"\n\t\t\t\t\t\t\t>\n\t\t\t\t<span class=\"sow-icon-icomoon\" data-sow-icon=\"&#xe9c9;\"\n\t\tstyle=\"font-size: 65px; color: #000000\" \n\t\taria-hidden=\"true\"><\/span>\t\t\t<\/div>\n\n\t\t\t<div class=\"textwidget\">\n\t\t\t\t\n\t\t\t\t\t\t\t\t\t<h5 class=\"sow-features-feature-title\">\n\t\t\t\t\t\t L&#8217;analyse avanc\u00e9e permet de prendre des d\u00e9cisions durables\t\t\t\t\t<\/h5>\n\t\t\t\t\n\t\t\t\t\t\t\t\t\t<div class=\"sow-features-feature-text\">\n\t\t\t\t\tLe logiciel SmartGHGR effectue des analyses complexes, g\u00e9n\u00e9rant des informations exploitables et identifiant les domaines \u00e0 am\u00e9liorer. Il g\u00e9n\u00e8re des rapports complets qui r\u00e9pondent aux exigences r\u00e9glementaires, facilitant ainsi le partage et la prise de d\u00e9cision. Les fonctions de conformit\u00e9 de SmartGHGR garantissent le respect des normes environnementales, r\u00e9duisant les risques et promouvant la durabilit\u00e9. Gr\u00e2ce \u00e0 l&#8217;innovation, SmartGHGR optimise l&#8217;efficacit\u00e9, la pr\u00e9cision et la responsabilit\u00e9 ESG.\t\t\t\t\t<\/div>\n\t\t\t\t\t\t\t\t<\/div>\n\t\t\t\t\t\t\t\t<\/li>\n\n\t<\/ul>\n<\/div><\/div><\/div><\/div><\/div>\n\n\n<div class=\"wp-block-buttons is-content-justification-center is-layout-flex wp-container-core-buttons-layout-3 wp-block-buttons-is-layout-flex\">\n<div class=\"wp-block-button has-custom-font-size has-medium-font-size\"><a class=\"wp-block-button__link has-white-color has-vivid-cyan-blue-background-color has-text-color has-background wp-element-button\" href=\"https:\/\/www.alphinat.com\/fr\/smartghgr-plus-info\/\" style=\"border-radius:0px\" target=\"_blank\" rel=\"noreferrer noopener\">Plus d&#8217;informations<\/a><\/div>\n<\/div>\n","protected":false},"excerpt":{"rendered":"<p>SMARTGHGR \u00c9dition SaaS SmartGHGR\u2122 est une solution logicielle innovante qui r\u00e9volutionne la collecte, la gestion, l&#8217;analyse et la conformit\u00e9 des donn\u00e9es pour les rapports GHGR (Greenhouse Gas Emission Reduction). S&#8217;appuyant sur SmartGuide\u2122 et l&#8217;automatisation de l&#8217;IA curat\u00e9e, elle offre une efficacit\u00e9, une pr\u00e9cision et une rapidit\u00e9 in\u00e9gal\u00e9es pour le d\u00e9veloppement et la fourniture de services [&hellip;]<\/p>\n","protected":false},"author":1,"featured_media":0,"parent":23,"menu_order":0,"comment_status":"closed","ping_status":"closed","template":"landing-page.php","meta":{"footnotes":""},"_links":{"self":[{"href":"https:\/\/www.alphinat.com\/fr\/wp-json\/wp\/v2\/pages\/1495"}],"collection":[{"href":"https:\/\/www.alphinat.com\/fr\/wp-json\/wp\/v2\/pages"}],"about":[{"href":"https:\/\/www.alphinat.com\/fr\/wp-json\/wp\/v2\/types\/page"}],"author":[{"embeddable":true,"href":"https:\/\/www.alphinat.com\/fr\/wp-json\/wp\/v2\/users\/1"}],"replies":[{"embeddable":true,"href":"https:\/\/www.alphinat.com\/fr\/wp-json\/wp\/v2\/comments?post=1495"}],"version-history":[{"count":15,"href":"https:\/\/www.alphinat.com\/fr\/wp-json\/wp\/v2\/pages\/1495\/revisions"}],"predecessor-version":[{"id":1908,"href":"https:\/\/www.alphinat.com\/fr\/wp-json\/wp\/v2\/pages\/1495\/revisions\/1908"}],"up":[{"embeddable":true,"href":"https:\/\/www.alphinat.com\/fr\/wp-json\/wp\/v2\/pages\/23"}],"wp:attachment":[{"href":"https:\/\/www.alphinat.com\/fr\/wp-json\/wp\/v2\/media?parent=1495"}],"curies":[{"name":"wp","href":"https:\/\/api.w.org\/{rel}","templated":true}]}}