

{"id":1527,"date":"2023-06-19T21:18:01","date_gmt":"2023-06-20T01:18:01","guid":{"rendered":"https:\/\/www.alphinat.com\/fr\/?page_id=1527"},"modified":"2024-01-29T14:51:54","modified_gmt":"2024-01-29T19:51:54","slug":"smartguide10","status":"publish","type":"page","link":"https:\/\/www.alphinat.com\/fr\/solutions\/smartguide10\/","title":{"rendered":"SmartGuide : Acc\u00e9l\u00e9rer le d\u00e9veloppement de vos logiciels"},"content":{"rendered":"\n<div class=\"wp-block-columns is-layout-flex wp-container-core-columns-layout-1 wp-block-columns-is-layout-flex\">\n<div class=\"wp-block-column is-layout-flow wp-block-column-is-layout-flow\"><\/div>\n<\/div>\n\n\n\n<div class=\"wp-block-cover is-light has-custom-content-position is-position-bottom-center\"><span aria-hidden=\"true\" class=\"wp-block-cover__background has-background-dim-0 has-background-dim\"><\/span><video class=\"wp-block-cover__video-background intrinsic-ignore\" autoplay muted loop playsinline src=\"https:\/\/www.alphinat.com\/fr\/wp-content\/uploads\/sites\/7\/2023\/06\/SmartGuide1-1.mp4\" data-object-fit=\"cover\"><\/video><div class=\"wp-block-cover__inner-container is-layout-flow wp-block-cover-is-layout-flow\">\n<div class=\"wp-block-buttons is-content-justification-center is-layout-flex wp-container-core-buttons-layout-1 wp-block-buttons-is-layout-flex\"><\/div>\n<\/div><\/div>\n\n\n\n<hr class=\"wp-block-separator has-css-opacity\"\/>\n\n\n\n<h1 class=\"wp-block-heading has-text-align-center has-x-large-font-size\"><strong>SmartGuide<strong>: <\/strong><\/strong>Acc\u00e9l\u00e9rer le D\u00e9veloppement de vos Logiciels<\/h1>\n\n\n\n<div class=\"wp-block-buttons is-content-justification-center is-layout-flex wp-container-core-buttons-layout-2 wp-block-buttons-is-layout-flex\">\n<div class=\"wp-block-button has-custom-font-size is-style-outline has-small-font-size\"><a class=\"wp-block-button__link has-white-color has-vivid-cyan-blue-background-color has-text-color has-background wp-element-button\" href=\"\/mt\/fr\/requete-demo\" style=\"border-radius:5px\" target=\"_blank\" rel=\"noreferrer noopener\"><strong>Planifier une d\u00e9mo<\/strong><\/a><\/div>\n<\/div>\n\n\n\n<div class=\"wp-block-columns is-layout-flex wp-container-core-columns-layout-2 wp-block-columns-is-layout-flex\">\n<div class=\"wp-block-column is-layout-flow wp-block-column-is-layout-flow\"><\/div>\n<\/div>\n\n\n\n<h2 class=\"wp-block-heading has-text-align-center\"><strong>SmartGuide est la solution ultime pour le d\u00e9veloppement rapide d&#8217;applications. Gr\u00e2ce \u00e0 ses puissants outils de d\u00e9veloppement de logiciels et son interface intuitive, SmartGuide vous permet de cr\u00e9er des applications s\u00e9curis\u00e9es, robustes et riches en fonctionnalit\u00e9s en un temps record.&nbsp;<\/strong><\/h2>\n\n\n\n<hr class=\"wp-block-separator has-css-opacity\"\/>\n\n\n\n<h3 class=\"wp-block-heading has-text-align-center\"><strong>Principales caract\u00e9ristiques:&nbsp;<\/strong><\/h3>\n\n\n<div id=\"pl-gb1527-69d4b26b4da80\"  class=\"panel-layout\" ><div id=\"pg-gb1527-69d4b26b4da80-0\"  class=\"panel-grid panel-no-style\" ><div id=\"pgc-gb1527-69d4b26b4da80-0-0\"  class=\"panel-grid-cell\" ><div id=\"panel-gb1527-69d4b26b4da80-0-0-0\" class=\"so-panel widget widget_sow-features panel-first-child panel-last-child\" data-index=\"0\" ><div\n\t\t\t\n\t\t\tclass=\"so-widget-sow-features so-widget-sow-features-default-233ce288a3e8-1527\"\n\t\t\t\n\t\t><ul\n\tclass=\"sow-features-list\n\tsow-features-responsive\">\n\n\t\t\t<li\n\t\t\tclass=\"sow-features-feature sow-icon-container-position-top\"\n\t\t\tstyle=\"display: flex; flex-direction: column; width: calc(33.333% - 25px);\"\n\t\t>\n\t\t\t\n\t\t\t\t\t\t<div\t\t\t\tclass=\"sow-icon-container sow-container-none\"\n\t\t\t\tstyle=\"color: #404040; \"\n\t\t\t\ttitle=\"Interface de type &quot;glisser-d\u00e9poser&quot;: \"\n\t\t\t\t\t\t\t>\n\t\t\t\t<span class=\"sow-icon-icomoon\" data-sow-icon=\"&#xe949;\"\n\t\tstyle=\"font-size: 65px; color: #000000\" \n\t\taria-hidden=\"true\"><\/span>\t\t\t<\/div>\n\n\t\t\t<div class=\"textwidget\">\n\t\t\t\t\n\t\t\t\t\t\t\t\t\t<h5 class=\"sow-features-feature-title\">\n\t\t\t\t\t\tInterface de type &#8220;glisser-d\u00e9poser&#8221;: \t\t\t\t\t<\/h5>\n\t\t\t\t\n\t\t\t\t\t\t\t\t\t<div class=\"sow-features-feature-text\">\n\t\t\t\t\tL&#8217;interface conviviale de SmartGuide vous permet de concevoir et de construire vos applications sans effort, gr\u00e2ce \u00e0 un simple processus de glisser-d\u00e9poser. Aucune comp\u00e9tence en codage n&#8217;est requise ! Concentrez-vous sur vos id\u00e9es et laissez SmartGuide s&#8217;occuper des complexit\u00e9s techniques. \t\t\t\t\t<\/div>\n\t\t\t\t\t\t\t\t<\/div>\n\t\t\t\t\t\t\t\t<\/li>\n\n\t\t\t<li\n\t\t\tclass=\"sow-features-feature sow-icon-container-position-top\"\n\t\t\tstyle=\"display: flex; flex-direction: column; width: calc(33.333% - 25px);\"\n\t\t>\n\t\t\t\n\t\t\t\t\t\t<div\t\t\t\tclass=\"sow-icon-container sow-container-none\"\n\t\t\t\tstyle=\"color: #404040; \"\n\t\t\t\ttitle=\"Smart solutions for targeted verticals\"\n\t\t\t\t\t\t\t>\n\t\t\t\t<span class=\"sow-icon-icomoon\" data-sow-icon=\"&#xe9b3;\"\n\t\tstyle=\"font-size: 65px; color: #000000\" \n\t\taria-hidden=\"true\"><\/span>\t\t\t<\/div>\n\n\t\t\t<div class=\"textwidget\">\n\t\t\t\t\n\t\t\t\t\t\t\t\t\t<h5 class=\"sow-features-feature-title\">\n\t\t\t\t\t\tVaste biblioth\u00e8que de composants: \t\t\t\t\t<\/h5>\n\t\t\t\t\n\t\t\t\t\t\t\t\t\t<div class=\"sow-features-feature-text\">\n\t\t\t\t\tAcc\u00e9dez \u00e0 une vaste biblioth\u00e8que de composants, de mod\u00e8les et de modules pr\u00e9construits qui acc\u00e9l\u00e8rent le d\u00e9veloppement. Choisissez parmi une large gamme d&#8217;\u00e9l\u00e9ments d&#8217;interface utilisateur, de connecteurs de base de donn\u00e9es, d&#8217;API, etc. pour am\u00e9liorer la fonctionnalit\u00e9 et l&#8217;esth\u00e9tique de vos applications. \t\t\t\t\t<\/div>\n\t\t\t\t\t\t\t\t<\/div>\n\t\t\t\t\t\t\t\t<\/li>\n\n\t\t\t<li\n\t\t\tclass=\"sow-features-feature sow-icon-container-position-top\"\n\t\t\tstyle=\"display: flex; flex-direction: column; width: calc(33.333% - 25px);\"\n\t\t>\n\t\t\t\n\t\t\t\t\t\t<div\t\t\t\tclass=\"sow-icon-container sow-container-none\"\n\t\t\t\tstyle=\"color: #404040; \"\n\t\t\t\ttitle=\"Maximize returns on your ICT investments\"\n\t\t\t\t\t\t\t>\n\t\t\t\t<span class=\"sow-icon-icomoon\" data-sow-icon=\"&#xeaad;\"\n\t\tstyle=\"font-size: 65px; color: #000000\" \n\t\taria-hidden=\"true\"><\/span>\t\t\t<\/div>\n\n\t\t\t<div class=\"textwidget\">\n\t\t\t\t\n\t\t\t\t\t\t\t\t\t<h5 class=\"sow-features-feature-title\">\n\t\t\t\t\t\tInt\u00e9gration transparente: \t\t\t\t\t<\/h5>\n\t\t\t\t\n\t\t\t\t\t\t\t\t\t<div class=\"sow-features-feature-text\">\n\t\t\t\t\tSmartGuide s&#8217;int\u00e8gre de mani\u00e8re transparente aux outils de d\u00e9veloppement, aux bases de donn\u00e9es et aux services tiers les plus courants. Connectez-vous aux syst\u00e8mes existants, exploitez les API et rationalisez le flux de donn\u00e9es pour cr\u00e9er des applications coh\u00e9rentes et interconnect\u00e9es. \t\t\t\t\t<\/div>\n\t\t\t\t\t\t\t\t<\/div>\n\t\t\t\t\t\t\t\t<\/li>\n\n\t\t\t<li\n\t\t\tclass=\"sow-features-feature sow-icon-container-position-top\"\n\t\t\tstyle=\"display: flex; flex-direction: column; width: calc(33.333% - 25px);\"\n\t\t>\n\t\t\t\n\t\t\t\t\t\t<div\t\t\t\tclass=\"sow-icon-container sow-container-none\"\n\t\t\t\tstyle=\"color: #404040; \"\n\t\t\t\ttitle=\"Accelerated SaaS and cloud development\"\n\t\t\t\t\t\t\t>\n\t\t\t\t<span class=\"sow-icon-icomoon\" data-sow-icon=\"&#xe97a;\"\n\t\tstyle=\"font-size: 65px; color: #000000\" \n\t\taria-hidden=\"true\"><\/span>\t\t\t<\/div>\n\n\t\t\t<div class=\"textwidget\">\n\t\t\t\t\n\t\t\t\t\t\t\t\t\t<h5 class=\"sow-features-feature-title\">\n\t\t\t\t\t\tIt\u00e9ration et prototypage rapides: \t\t\t\t\t<\/h5>\n\t\t\t\t\n\t\t\t\t\t\t\t\t\t<div class=\"sow-features-feature-text\">\n\t\t\t\t\tAvec SmartGuide, vous pouvez rapidement it\u00e9rer et prototyper vos applications, ce qui permet un retour d&#8217;information et une collaboration plus rapide. Effectuez des ajustements en temps r\u00e9el, recueillez des informations et affinez vos projets en toute simplicit\u00e9, r\u00e9duisant ainsi consid\u00e9rablement le d\u00e9lai de mise sur le march\u00e9. \t\t\t\t\t<\/div>\n\t\t\t\t\t\t\t\t<\/div>\n\t\t\t\t\t\t\t\t<\/li>\n\n\t\t\t<li\n\t\t\tclass=\"sow-features-feature sow-icon-container-position-top\"\n\t\t\tstyle=\"display: flex; flex-direction: column; width: calc(33.333% - 25px);\"\n\t\t>\n\t\t\t\n\t\t\t\t\t\t<div\t\t\t\tclass=\"sow-icon-container sow-container-none\"\n\t\t\t\tstyle=\"color: #404040; \"\n\t\t\t\ttitle=\"Compatibilit\u00e9 multiplateforme: \"\n\t\t\t\t\t\t\t>\n\t\t\t\t<span class=\"sow-icon-icomoon\" data-sow-icon=\"&#xe9cb;\"\n\t\tstyle=\"font-size: 65px; color: #000000\" \n\t\taria-hidden=\"true\"><\/span>\t\t\t<\/div>\n\n\t\t\t<div class=\"textwidget\">\n\t\t\t\t\n\t\t\t\t\t\t\t\t\t<h5 class=\"sow-features-feature-title\">\n\t\t\t\t\t\tCompatibilit\u00e9 multiplateforme: \t\t\t\t\t<\/h5>\n\t\t\t\t\n\t\t\t\t\t\t\t\t\t<div class=\"sow-features-feature-text\">\n\t\t\t\t\tD\u00e9veloppez des applications qui fonctionnent de mani\u00e8re transparente sur plusieurs plateformes, y compris le web, les mobiles et les ordinateurs de bureau. Cr\u00e9ez une fois et d\u00e9ployez partout, pour atteindre un public plus large et maximiser le potentiel de votre application. \t\t\t\t\t<\/div>\n\t\t\t\t\t\t\t\t<\/div>\n\t\t\t\t\t\t\t\t<\/li>\n\n\t\t\t<li\n\t\t\tclass=\"sow-features-feature sow-icon-container-position-top\"\n\t\t\tstyle=\"display: flex; flex-direction: column; width: calc(33.333% - 25px);\"\n\t\t>\n\t\t\t\n\t\t\t\t\t\t<div\t\t\t\tclass=\"sow-icon-container sow-container-none\"\n\t\t\t\tstyle=\"color: #404040; \"\n\t\t\t\ttitle=\"Tests et d\u00e9ploiements robustes: \"\n\t\t\t\t\t\t\t>\n\t\t\t\t<span class=\"sow-icon-icomoon\" data-sow-icon=\"&#xe996;\"\n\t\tstyle=\"font-size: 65px; color: #000000\" \n\t\taria-hidden=\"true\"><\/span>\t\t\t<\/div>\n\n\t\t\t<div class=\"textwidget\">\n\t\t\t\t\n\t\t\t\t\t\t\t\t\t<h5 class=\"sow-features-feature-title\">\n\t\t\t\t\t\tTests et d\u00e9ploiements robustes: \t\t\t\t\t<\/h5>\n\t\t\t\t\n\t\t\t\t\t\t\t\t\t<div class=\"sow-features-feature-text\">\n\t\t\t\t\tSmartGuide offre des capacit\u00e9s de test compl\u00e8tes, garantissant la qualit\u00e9 et la fiabilit\u00e9 de vos applications. D\u00e9ployez votre logiciel sans effort dans divers environnements, des serveurs locaux au cloud, gr\u00e2ce aux outils de d\u00e9ploiement int\u00e9gr\u00e9s. \t\t\t\t\t<\/div>\n\t\t\t\t\t\t\t\t<\/div>\n\t\t\t\t\t\t\t\t<\/li>\n\n\t<\/ul>\n<\/div><\/div><\/div><\/div><\/div>\n\n\n<h3 class=\"wp-block-heading has-text-align-center\">D\u00e9couvrez la puissance du d\u00e9veloppement rapide d&#8217;applications Web\/mobiles avec SmartGuide. Renforcez votre \u00e9quipe, augmentez votre productivit\u00e9 et donnez vie \u00e0 vos id\u00e9es logicielles en un rien de temps. Gardez une longueur d&#8217;avance sur la concurrence et lib\u00e9rez le plein potentiel de vos projets de d\u00e9veloppement.&nbsp;<\/h3>\n","protected":false},"excerpt":{"rendered":"<p>SmartGuide: Acc\u00e9l\u00e9rer le D\u00e9veloppement de vos Logiciels SmartGuide est la solution ultime pour le d\u00e9veloppement rapide d&#8217;applications. Gr\u00e2ce \u00e0 ses puissants outils de d\u00e9veloppement de logiciels et son interface intuitive, SmartGuide vous permet de cr\u00e9er des applications s\u00e9curis\u00e9es, robustes et riches en fonctionnalit\u00e9s en un temps record.&nbsp; Principales caract\u00e9ristiques:&nbsp; D\u00e9couvrez la puissance du d\u00e9veloppement rapide [&hellip;]<\/p>\n","protected":false},"author":1,"featured_media":0,"parent":23,"menu_order":0,"comment_status":"closed","ping_status":"closed","template":"landing-page.php","meta":{"footnotes":""},"_links":{"self":[{"href":"https:\/\/www.alphinat.com\/fr\/wp-json\/wp\/v2\/pages\/1527"}],"collection":[{"href":"https:\/\/www.alphinat.com\/fr\/wp-json\/wp\/v2\/pages"}],"about":[{"href":"https:\/\/www.alphinat.com\/fr\/wp-json\/wp\/v2\/types\/page"}],"author":[{"embeddable":true,"href":"https:\/\/www.alphinat.com\/fr\/wp-json\/wp\/v2\/users\/1"}],"replies":[{"embeddable":true,"href":"https:\/\/www.alphinat.com\/fr\/wp-json\/wp\/v2\/comments?post=1527"}],"version-history":[{"count":14,"href":"https:\/\/www.alphinat.com\/fr\/wp-json\/wp\/v2\/pages\/1527\/revisions"}],"predecessor-version":[{"id":1906,"href":"https:\/\/www.alphinat.com\/fr\/wp-json\/wp\/v2\/pages\/1527\/revisions\/1906"}],"up":[{"embeddable":true,"href":"https:\/\/www.alphinat.com\/fr\/wp-json\/wp\/v2\/pages\/23"}],"wp:attachment":[{"href":"https:\/\/www.alphinat.com\/fr\/wp-json\/wp\/v2\/media?parent=1527"}],"curies":[{"name":"wp","href":"https:\/\/api.w.org\/{rel}","templated":true}]}}