

{"id":1565,"date":"2023-06-28T16:32:09","date_gmt":"2023-06-28T20:32:09","guid":{"rendered":"https:\/\/www.alphinat.com\/fr\/?page_id=1565"},"modified":"2023-06-28T16:32:09","modified_gmt":"2023-06-28T20:32:09","slug":"smartghgr-plus-info","status":"publish","type":"page","link":"https:\/\/www.alphinat.com\/fr\/smartghgr-plus-info\/","title":{"rendered":"SMARTGHGR \u00c9DITION SAAS"},"content":{"rendered":"\n<figure class=\"wp-block-image size-large\"><img fetchpriority=\"high\" decoding=\"async\" width=\"1024\" height=\"681\" src=\"https:\/\/www.alphinat.com\/fr\/wp-content\/uploads\/sites\/7\/2023\/06\/pexels-pixabay-54601-1024x681.jpg\" alt=\"\" class=\"wp-image-1566\" srcset=\"https:\/\/www.alphinat.com\/fr\/wp-content\/uploads\/sites\/7\/2023\/06\/pexels-pixabay-54601-1024x681.jpg 1024w, https:\/\/www.alphinat.com\/fr\/wp-content\/uploads\/sites\/7\/2023\/06\/pexels-pixabay-54601-300x200.jpg 300w, https:\/\/www.alphinat.com\/fr\/wp-content\/uploads\/sites\/7\/2023\/06\/pexels-pixabay-54601-768x511.jpg 768w, https:\/\/www.alphinat.com\/fr\/wp-content\/uploads\/sites\/7\/2023\/06\/pexels-pixabay-54601-1536x1022.jpg 1536w, https:\/\/www.alphinat.com\/fr\/wp-content\/uploads\/sites\/7\/2023\/06\/pexels-pixabay-54601-2048x1363.jpg 2048w, https:\/\/www.alphinat.com\/fr\/wp-content\/uploads\/sites\/7\/2023\/06\/pexels-pixabay-54601-272x182.jpg 272w\" sizes=\"(max-width: 1024px) 100vw, 1024px\" \/><\/figure>\n\n\n\n<h3 class=\"has-text-align-center has-medium-font-size wp-block-heading\">Une version SaaS de SmartGHGR a \u00e9t\u00e9 con\u00e7ue pour fournir, exploiter, prendre en charge et maintenir une solution de technologie de l&#8217;information (TI) \u00e0 l&#8217;aide d&#8217;un mod\u00e8le de logiciel en tant que service (SaaS) afin de fournir efficacement un programme gouvernemental de normes de performance en mati\u00e8re d&#8217;\u00e9missions (EPS). La solution SmartGHGR est une solution de bout en bout qui inclut les licences requises pour h\u00e9berger la solution.<\/h3>\n\n\n\n<p>L&#8217;objectif de SmartGHGR SaaS Edition est d&#8217;activer le programme EPS des clients et de stimuler les r\u00e9ductions d&#8217;\u00e9missions de gaz \u00e0 effet de serre (GES) des grands \u00e9metteurs tout en maintenant la comp\u00e9titivit\u00e9 des entreprises constituantes du client et en minimisant les fuites de carbone (c&#8217;est-\u00e0-dire le risque que la production quitte l&#8217;usine du client juridiction pour d&#8217;autres juridictions ayant des politiques climatiques moins strictes).<\/p>\n\n\n\n<p>Normes de performance en mati\u00e8re d&#8217;\u00e9missions de gaz \u00e0 effet de serre (&#8220;r\u00e8glement RPE GES&#8221;) en vertu de la l\u00e9gislation sur la protection de l&#8217;environnement r\u00e9gissant les grands \u00e9metteurs Le r\u00e8glement RPE GES est un \u00e9l\u00e9ment cl\u00e9 de nombreux plans d&#8217;am\u00e9lioration de l&#8217;environnement visant \u00e0 r\u00e9duire les \u00e9missions de gaz \u00e0 effet de serre et \u00e0 atteindre la part provinciale de l&#8217;objectif du Canada \u00e0 l&#8217;horizon 2030.<\/p>\n\n\n\n<p>SmartGHGR permet la mise en \u0153uvre rapide de programmes de conformit\u00e9 efficaces qui suivent une approche r\u00e9glementaire \u00e9tablissant des normes d&#8217;\u00e9missions de GES au niveau d&#8217;un secteur ou d&#8217;une installation qui se traduisent par une limite d&#8217;\u00e9mission annuelle totale (&#8220;TAEL&#8221;) pour chaque installation r\u00e9glement\u00e9e. Le propri\u00e9taire et\/ou l&#8217;exploitant d&#8217;une installation r\u00e9glement\u00e9e d\u00e9termine sa limite d&#8217;\u00e9mission annuelle totale pour chaque p\u00e9riode de conformit\u00e9 conform\u00e9ment \u00e0 la m\u00e9thodologie publi\u00e9e par le minist\u00e8re. La TAEL est incluse dans la d\u00e9claration de v\u00e9rification de l&#8217;installation, qui est soumise au minist\u00e8re chaque ann\u00e9e.<\/p>\n\n\n\n<p>SmartGHGR permet aux clients qui ont besoin d&#8217;une solution informatique utilisant un mod\u00e8le de logiciel en tant que service (SaaS) d&#8217;op\u00e9rationnaliser leur programme d&#8217;EPS rapidement et efficacement de mani\u00e8re conforme. L&#8217;\u00e9dition SaaS de SmartGHGR comprend le d\u00e9veloppement (via la configuration ou la personnalisation) d&#8217;une solution informatique, des services d&#8217;assistance continue, de maintenance et de rafra\u00eechissement technologique, des licences et l&#8217;h\u00e9bergement.<\/p>\n\n\n<hr \/>\n<p>Les clients souhaitant \u00e9tablir un (1) contrat avec un fournisseur qualifi\u00e9 pour le SmartGHGR directement par l&#8217;interm\u00e9diaire du fournisseur ou de nos partenaires de livraison autoris\u00e9s qui d\u00e9velopperont et exploiteront la solution informatique de PSE r\u00e9pondant aux exigences du client.<\/p>\n<p>Voici un aper\u00e7u de haut niveau de ce que l&#8217;on attendait de la solution informatique :<\/p>\n<ul>\n<li>Maintenir un r\u00e9f\u00e9rentiel s\u00fbr et s\u00e9curis\u00e9 des informations relatives \u00e0 l&#8217;enregistrement et \u00e0 la conformit\u00e9 du programme, conform\u00e9ment aux exigences de confidentialit\u00e9 et de s\u00e9curit\u00e9 du service public et aux normes Protect-B du gouvernement du Canada (ou respecter les normes de chaque province ou \u00c9tat). Les informations relatives \u00e0 l&#8217;enregistrement comprennent les \u00e9l\u00e9ments requis par le r\u00e8glement sur les GES.<\/li>\n<li>Pr\u00e9senter des informations essentielles \u00e0 la communaut\u00e9 r\u00e9glement\u00e9e (via une interface consultable en lecture seule) qui l&#8217;aideront \u00e0 remplir ses obligations annuelles en mati\u00e8re de conformit\u00e9.<\/li>\n<li>Produire des rapports \u00e0 acc\u00e8s restreint pour le personnel des clients qui fournissent des d\u00e9tails sur le programme, l&#8217;utilisation du syst\u00e8me et des statistiques pour aider \u00e0 atteindre les objectifs du programme.<\/li>\n<li>Permettre au personnel du client de :<br \/>\n<ul>\n<li>Cr\u00e9er et modifier les d\u00e9tails du repr\u00e9sentant et du compte ;<\/li>\n<li>Ex\u00e9cuter et suivre les r\u00e9sultats des actions du programme ;<\/li>\n<li>Ex\u00e9cuter et suivre les r\u00e9sultats des \u00e9v\u00e9nements du programme ; et<\/li>\n<li>Communiquer avec les participants par le biais de bo\u00eetes de notification ou d&#8217;autres moyens si n\u00e9cessaire.<\/li>\n<\/ul>\n<\/li>\n<li>Ex\u00e9cuter une logique pour cr\u00e9er, s\u00e9rialiser et suivre le mouvement des instruments de conformit\u00e9 (au fur et \u00e0 mesure de leur distribution, de leur transfert, de leur retrait et de leur mise hors service) conform\u00e9ment aux r\u00e8gles et aux dispositions \u00e9nonc\u00e9es dans le r\u00e8glement SPE relatif aux gaz \u00e0 effet de serre.<\/li>\n<li>Une option suppl\u00e9mentaire consiste \u00e0 effectuer une migration ponctuelle des donn\u00e9es contenues dans d&#8217;autres bases de donn\u00e9es (par exemple des feuilles de calcul MS Excel) qui seront fournies par le client. Les donn\u00e9es de cette migration ponctuelle proviendront de la base de donn\u00e9es d&#8217;enregistrement du minist\u00e8re. 2.1.4 ci-dessous.<\/li>\n<li>Attribuer des r\u00f4les, des responsabilit\u00e9s et des privil\u00e8ges aux utilisateurs externes (la communaut\u00e9 r\u00e9glement\u00e9e) et aux utilisateurs internes (le personnel du client).<\/li>\n<\/ul>\n\n\n<div class=\"wp-block-media-text alignwide is-stacked-on-mobile\"><figure class=\"wp-block-media-text__media\"><img decoding=\"async\" src=\"https:\/\/www.alphinat.com\/en\/wp-content\/uploads\/sites\/8\/2023\/03\/SMARTGHGRsaas-1024x413.png\" alt=\"\" class=\"wp-image-1782 size-full\"\/><\/figure><div class=\"wp-block-media-text__content\">\n<p style=\"font-size:18px\">Alphinat et ses partenaires ont \u00e9t\u00e9 mandat\u00e9s pour d\u00e9velopper une solution SaaS afin de r\u00e9pondre aux besoins de trois clients provinciaux. La solution a \u00e9t\u00e9 configur\u00e9e \u00e0 l&#8217;aide de l&#8217;outil de d\u00e9veloppement rapide d&#8217;applications SmartGuide d&#8217;Alphinat et bas\u00e9e sur les registres de gaz \u00e0 effet de serre existants d&#8217;Alphinat pour la province de l&#8217;Ontario, Terre-Neuve et Labrador ainsi que pour la province du Nouveau-Brunswick.<\/p>\n<\/div><\/div>\n\n\n\n<p>En outre, la solution EPS est enti\u00e8rement conforme aux exigences provinciales et nationales, y compris les normes de s\u00e9curit\u00e9 de haut niveau, la conformit\u00e9 \u00e0 l&#8217;accessibilit\u00e9 (WET-4, WCAG 2.2, ADA (Section 508)), la facilit\u00e9 d&#8217;utilisation, les exigences de s\u00e9curit\u00e9 et d&#8217;authentification de l&#8217;Ontario, le processus de d\u00e9veloppement hybride\/agile, etc.<\/p>\n\n\n\n<p>La solution sera d\u00e9ploy\u00e9e dans les m\u00eames infrastructures informatiques que celles d\u00e9j\u00e0 approuv\u00e9es par la plupart des \u00c9tats et provinces dans le cadre des programmes Protected B au Canada et FedRAMP aux \u00c9tats-Unis.<\/p>\n","protected":false},"excerpt":{"rendered":"<p>Une version SaaS de SmartGHGR a \u00e9t\u00e9 con\u00e7ue pour fournir, exploiter, prendre en charge et maintenir une solution de technologie de l&#8217;information (TI) \u00e0 l&#8217;aide d&#8217;un mod\u00e8le de logiciel en tant que service (SaaS) afin de fournir efficacement un programme gouvernemental de normes de performance en mati\u00e8re d&#8217;\u00e9missions (EPS). La solution SmartGHGR est une solution [&hellip;]<\/p>\n","protected":false},"author":1,"featured_media":0,"parent":0,"menu_order":0,"comment_status":"closed","ping_status":"closed","template":"","meta":{"footnotes":""},"_links":{"self":[{"href":"https:\/\/www.alphinat.com\/fr\/wp-json\/wp\/v2\/pages\/1565"}],"collection":[{"href":"https:\/\/www.alphinat.com\/fr\/wp-json\/wp\/v2\/pages"}],"about":[{"href":"https:\/\/www.alphinat.com\/fr\/wp-json\/wp\/v2\/types\/page"}],"author":[{"embeddable":true,"href":"https:\/\/www.alphinat.com\/fr\/wp-json\/wp\/v2\/users\/1"}],"replies":[{"embeddable":true,"href":"https:\/\/www.alphinat.com\/fr\/wp-json\/wp\/v2\/comments?post=1565"}],"version-history":[{"count":4,"href":"https:\/\/www.alphinat.com\/fr\/wp-json\/wp\/v2\/pages\/1565\/revisions"}],"predecessor-version":[{"id":1574,"href":"https:\/\/www.alphinat.com\/fr\/wp-json\/wp\/v2\/pages\/1565\/revisions\/1574"}],"wp:attachment":[{"href":"https:\/\/www.alphinat.com\/fr\/wp-json\/wp\/v2\/media?parent=1565"}],"curies":[{"name":"wp","href":"https:\/\/api.w.org\/{rel}","templated":true}]}}