

{"id":1678,"date":"2023-07-27T11:29:01","date_gmt":"2023-07-27T15:29:01","guid":{"rendered":"https:\/\/www.alphinat.com\/fr\/?page_id=1678"},"modified":"2024-01-29T15:12:03","modified_gmt":"2024-01-29T20:12:03","slug":"smartgcs","status":"publish","type":"page","link":"https:\/\/www.alphinat.com\/fr\/solutions\/smartgcs\/","title":{"rendered":"SmartG&#038;Cs : &#8220;Rationalisation de la gestion des subventions et des contributions du secteur public&#8221;."},"content":{"rendered":"\n<div class=\"wp-block-columns is-layout-flex wp-container-core-columns-layout-1 wp-block-columns-is-layout-flex\">\n<div class=\"wp-block-column is-layout-flow wp-block-column-is-layout-flow\"><\/div>\n<\/div>\n\n\n\n<div class=\"wp-block-cover is-light has-custom-content-position is-position-bottom-center\"><span aria-hidden=\"true\" class=\"wp-block-cover__background has-background-dim-0 has-background-dim\"><\/span><video class=\"wp-block-cover__video-background intrinsic-ignore\" autoplay muted loop playsinline src=\"https:\/\/www.alphinat.com\/fr\/wp-content\/uploads\/sites\/7\/2023\/08\/GCs-3.mp4\" data-object-fit=\"cover\"><\/video><div class=\"wp-block-cover__inner-container is-layout-flow wp-block-cover-is-layout-flow\">\n<div class=\"wp-block-buttons is-content-justification-center is-layout-flex wp-container-core-buttons-layout-1 wp-block-buttons-is-layout-flex\"><\/div>\n<\/div><\/div>\n\n\n\n<hr class=\"wp-block-separator has-css-opacity\"\/>\n\n\n\n<div class=\"wp-block-buttons is-content-justification-center is-layout-flex wp-container-core-buttons-layout-2 wp-block-buttons-is-layout-flex\">\n<div class=\"wp-block-button has-custom-font-size is-style-outline has-small-font-size\"><a class=\"wp-block-button__link has-white-color has-vivid-cyan-blue-background-color has-text-color has-background wp-element-button\" href=\"\/mt\/fr\/requete-demo\" style=\"border-radius:5px\" target=\"_blank\" rel=\"noreferrer noopener\"><strong>Planifier une d\u00e9mo<\/strong><\/a><\/div>\n<\/div>\n\n\n\n<div class=\"wp-block-columns is-layout-flex wp-container-core-columns-layout-2 wp-block-columns-is-layout-flex\">\n<div class=\"wp-block-column is-layout-flow wp-block-column-is-layout-flow\"><\/div>\n<\/div>\n\n\n\n<h2 class=\"wp-block-heading has-text-align-center\">SmartG&amp;Cs est une solution logicielle de pointe con\u00e7ue pour rationaliser et am\u00e9liorer la gestion des subventions et contributions du secteur public. Gr\u00e2ce \u00e0 ses puissantes fonctionnalit\u00e9s et \u00e0 ses capacit\u00e9s avanc\u00e9es, SmartG&amp;Cs permet d&#8217;automatiser l&#8217;ensemble du processus. <\/h2>\n\n\n\n<h2 class=\"wp-block-heading has-text-align-center\">Il permet d&#8217;assurer une collecte pr\u00e9cise des donn\u00e9es, en s&#8217;appuyant sur la technologie logicielle de pointe SmartGuide<sup>TM<\/sup> pour recueillir efficacement les informations pertinentes. La plateforme logicielle permet aux \u00e9metteurs d&#8217;effectuer une analyse compl\u00e8te, fournissant des informations approfondies et des rapports pr\u00e9cis.<\/h2>\n\n\n<div id=\"pl-gb1678-69df7baf62c7c\"  class=\"panel-layout\" ><div id=\"pg-gb1678-69df7baf62c7c-0\"  class=\"panel-grid panel-no-style\" ><div id=\"pgc-gb1678-69df7baf62c7c-0-0\"  class=\"panel-grid-cell\" ><div id=\"panel-gb1678-69df7baf62c7c-0-0-0\" class=\"so-panel widget widget_sow-features panel-first-child panel-last-child\" data-index=\"0\" ><div\n\t\t\t\n\t\t\tclass=\"so-widget-sow-features so-widget-sow-features-default-233ce288a3e8-1678\"\n\t\t\t\n\t\t><ul\n\tclass=\"sow-features-list\n\tsow-features-responsive\">\n\n\t\t\t<li\n\t\t\tclass=\"sow-features-feature sow-icon-container-position-top\"\n\t\t\tstyle=\"display: flex; flex-direction: column; width: calc(33.333% - 25px);\"\n\t\t>\n\t\t\t\n\t\t\t\t\t\t<div\t\t\t\tclass=\"sow-icon-container sow-container-none\"\n\t\t\t\tstyle=\"color: #404040; \"\n\t\t\t\ttitle=\"Efficiency-Compliance-Distribution\"\n\t\t\t\t\t\t\t>\n\t\t\t\t<span class=\"sow-icon-icomoon\" data-sow-icon=\"&#xe9c5;\"\n\t\tstyle=\"font-size: 65px; color: #000000\" \n\t\taria-hidden=\"true\"><\/span>\t\t\t<\/div>\n\n\t\t\t<div class=\"textwidget\">\n\t\t\t\t\n\t\t\t\t\t\t\t\t\t<h5 class=\"sow-features-feature-title\">\n\t\t\t\t\t\tEfficacit\u00e9-Conformit\u00e9-Distribution\t\t\t\t\t<\/h5>\n\t\t\t\t\n\t\t\t\t\t\t\t\t\t<div class=\"sow-features-feature-text\">\n\t\t\t\t\t<p>SmartG&amp;Cs garantit la conformit\u00e9 avec les exigences politiques et r\u00e9glementaires, en minimisant les erreurs et en maximisant la responsabilit\u00e9. Cette plateforme r\u00e9utilisable simplifie la cr\u00e9ation de nouveaux appels \u00e0 propositions et les processus de s\u00e9lection et d&#8217;\u00e9valuation de l&#8217;\u00e9ligibilit\u00e9, ce qui permet une \u00e9valuation et une distribution transparentes aux b\u00e9n\u00e9ficiaires m\u00e9ritants.<\/p>\n\t\t\t\t\t<\/div>\n\t\t\t\t\t\t\t\t<\/div>\n\t\t\t\t\t\t\t\t<\/li>\n\n\t\t\t<li\n\t\t\tclass=\"sow-features-feature sow-icon-container-position-top\"\n\t\t\tstyle=\"display: flex; flex-direction: column; width: calc(33.333% - 25px);\"\n\t\t>\n\t\t\t\n\t\t\t\t\t\t<div\t\t\t\tclass=\"sow-icon-container sow-container-none\"\n\t\t\t\tstyle=\"color: #404040; \"\n\t\t\t\ttitle=\"Efficient, Inclusive, User-Friendly\"\n\t\t\t\t\t\t\t>\n\t\t\t\t<span class=\"sow-icon-icomoon\" data-sow-icon=\"&#xe9e2;\"\n\t\tstyle=\"font-size: 65px; color: #000000\" \n\t\taria-hidden=\"true\"><\/span>\t\t\t<\/div>\n\n\t\t\t<div class=\"textwidget\">\n\t\t\t\t\n\t\t\t\t\t\t\t\t\t<h5 class=\"sow-features-feature-title\">\n\t\t\t\t\t\tEfficace, accessible \u00e0 tous, convivial\t\t\t\t\t<\/h5>\n\t\t\t\t\n\t\t\t\t\t\t\t\t\t<div class=\"sow-features-feature-text\">\n\t\t\t\t\t<p>Bas\u00e9 sur le logiciel de d\u00e9veloppement SmartGuide\uf0d4, il offre une interface de marque et conviviale qui garantit une exp\u00e9rience utilisateur inclusive et accessible, rendant les t\u00e2ches complexes plus simples et moins frustrantes.<\/p>\n\t\t\t\t\t<\/div>\n\t\t\t\t\t\t\t\t<\/div>\n\t\t\t\t\t\t\t\t<\/li>\n\n\t\t\t<li\n\t\t\tclass=\"sow-features-feature sow-icon-container-position-top\"\n\t\t\tstyle=\"display: flex; flex-direction: column; width: calc(33.333% - 25px);\"\n\t\t>\n\t\t\t\n\t\t\t\t\t\t<div\t\t\t\tclass=\"sow-icon-container sow-container-none\"\n\t\t\t\tstyle=\"color: #404040; \"\n\t\t\t\ttitle=\"Compliance-Driven Excellence Solution\"\n\t\t\t\t\t\t\t>\n\t\t\t\t<span class=\"sow-icon-icomoon\" data-sow-icon=\"&#xea10;\"\n\t\tstyle=\"font-size: 65px; color: #000000\" \n\t\taria-hidden=\"true\"><\/span>\t\t\t<\/div>\n\n\t\t\t<div class=\"textwidget\">\n\t\t\t\t\n\t\t\t\t\t\t\t\t\t<h5 class=\"sow-features-feature-title\">\n\t\t\t\t\t\tSolution d&#8217;excellence ax\u00e9e sur la conformit\u00e9\t\t\t\t\t<\/h5>\n\t\t\t\t\n\t\t\t\t\t\t\t\t\t<div class=\"sow-features-feature-text\">\n\t\t\t\t\t<p>SmartGs&amp;Cs aide \u00e0 garantir la conformit\u00e9 r\u00e9glementaire en g\u00e9n\u00e9rant les meilleurs rapports conformes et en facilitant les processus d&#8217;audit transparents. Il s&#8217;agit de la solution ultime pour une gestion efficace et efficiente des biens et services du secteur public.<\/p>\n\t\t\t\t\t<\/div>\n\t\t\t\t\t\t\t\t<\/div>\n\t\t\t\t\t\t\t\t<\/li>\n\n\t<\/ul>\n<\/div><\/div><\/div><\/div><\/div>\n\n\n<h3 class=\"wp-block-heading has-text-align-center\">R\u00e9servez une&nbsp;<a href=\"https:\/\/www.alphinat.com\/mt\/demo-request\">une d\u00e9monstration en t\u00eate-\u00e0-t\u00eate<\/a>&nbsp;aujourd&#8217;hui!<\/h3>\n\n\n\n<p><\/p>\n","protected":false},"excerpt":{"rendered":"<p>SmartG&amp;Cs est une solution logicielle de pointe con\u00e7ue pour rationaliser et am\u00e9liorer la gestion des subventions et contributions du secteur public. Gr\u00e2ce \u00e0 ses puissantes fonctionnalit\u00e9s et \u00e0 ses capacit\u00e9s avanc\u00e9es, SmartG&amp;Cs permet d&#8217;automatiser l&#8217;ensemble du processus. Il permet d&#8217;assurer une collecte pr\u00e9cise des donn\u00e9es, en s&#8217;appuyant sur la technologie logicielle de pointe SmartGuideTM pour [&hellip;]<\/p>\n","protected":false},"author":1,"featured_media":0,"parent":23,"menu_order":0,"comment_status":"closed","ping_status":"closed","template":"landing-page.php","meta":{"footnotes":""},"_links":{"self":[{"href":"https:\/\/www.alphinat.com\/fr\/wp-json\/wp\/v2\/pages\/1678"}],"collection":[{"href":"https:\/\/www.alphinat.com\/fr\/wp-json\/wp\/v2\/pages"}],"about":[{"href":"https:\/\/www.alphinat.com\/fr\/wp-json\/wp\/v2\/types\/page"}],"author":[{"embeddable":true,"href":"https:\/\/www.alphinat.com\/fr\/wp-json\/wp\/v2\/users\/1"}],"replies":[{"embeddable":true,"href":"https:\/\/www.alphinat.com\/fr\/wp-json\/wp\/v2\/comments?post=1678"}],"version-history":[{"count":6,"href":"https:\/\/www.alphinat.com\/fr\/wp-json\/wp\/v2\/pages\/1678\/revisions"}],"predecessor-version":[{"id":1909,"href":"https:\/\/www.alphinat.com\/fr\/wp-json\/wp\/v2\/pages\/1678\/revisions\/1909"}],"up":[{"embeddable":true,"href":"https:\/\/www.alphinat.com\/fr\/wp-json\/wp\/v2\/pages\/23"}],"wp:attachment":[{"href":"https:\/\/www.alphinat.com\/fr\/wp-json\/wp\/v2\/media?parent=1678"}],"curies":[{"name":"wp","href":"https:\/\/api.w.org\/{rel}","templated":true}]}}