

{"id":1751,"date":"2023-09-21T13:12:05","date_gmt":"2023-09-21T17:12:05","guid":{"rendered":"https:\/\/www.alphinat.com\/fr\/?page_id=1751"},"modified":"2024-02-19T13:18:44","modified_gmt":"2024-02-19T18:18:44","slug":"liveaiassist","status":"publish","type":"page","link":"https:\/\/www.alphinat.com\/fr\/plateforme-low-code\/liveaiassist\/","title":{"rendered":"LIVEaiASSIST"},"content":{"rendered":"<div id=\"pl-gb1751-69e4850e6fa03\"  class=\"panel-layout\" ><div id=\"pg-gb1751-69e4850e6fa03-0\"  class=\"panel-grid panel-has-style\" ><div class=\"siteorigin-panels-stretch panel-row-style panel-row-style-for-gb1751-69e4850e6fa03-0\" data-stretch-type=\"full-width-stretch\" ><div id=\"pgc-gb1751-69e4850e6fa03-0-0\"  class=\"panel-grid-cell\" ><div id=\"panel-gb1751-69e4850e6fa03-0-0-0\" class=\"so-panel widget widget_sow-hero panel-first-child panel-last-child\" data-index=\"0\" ><div\n\t\t\t\n\t\t\tclass=\"so-widget-sow-hero so-widget-sow-hero-default-861d522684bc-1751 so-widget-fittext-wrapper\"\n\t\t\t data-fit-text-compressor=\"0.85\"\n\t\t>\t\t\t\t<div class=\"sow-slider-base\" style=\"display: none\" tabindex=\"0\">\n\t\t\t\t\t<ul\n\t\t\t\t\tclass=\"sow-slider-images\"\n\t\t\t\t\tdata-settings=\"{&quot;pagination&quot;:true,&quot;speed&quot;:800,&quot;timeout&quot;:8000,&quot;paused&quot;:false,&quot;pause_on_hover&quot;:false,&quot;swipe&quot;:true,&quot;nav_always_show_desktop&quot;:&quot;&quot;,&quot;nav_always_show_mobile&quot;:&quot;&quot;,&quot;breakpoint&quot;:&quot;780px&quot;,&quot;unmute&quot;:false,&quot;anchor&quot;:null}\"\n\t\t\t\t\t\t\t\t\t\tdata-anchor-id=\"\"\n\t\t\t\t>\t\t<li class=\"sow-slider-image  sow-slider-image-cover\" style=\"visibility: visible;;background-color: #333333\" >\n\t\t\t\t\t<div class=\"sow-slider-image-container\">\n\t\t\t<div class=\"sow-slider-image-wrapper\">\n\t\t\t\t<h1 style=\"text-align: center;max-width: 860px;margin: 0 auto;font-size: 3em\">D\u00e9couvrez l\u2019avenir du d\u00e9veloppement rapide d\u2019applications avec LIVEaiASSIST<\/h1>\n<div class=\"sow-hero-buttons\" style=\"text-align: center\"><div\n\t\t\t\n\t\t\tclass=\"so-widget-sow-button so-widget-sow-button-atom-121032b39f41\"\n\t\t\t\n\t\t><div class=\"ow-button-base ow-button-align-center\"\n>\n\t\t\t<a\n\t\t\t\t\thref=\"\/mt\/fr\/requete-demo\"\n\t\t\t\t\tclass=\"sowb-button ow-icon-placement-left ow-button-hover\" target=\"_blank\" rel=\"noopener noreferrer\" \t>\n\t\t<span>\n\t\t\t\n\t\t\tPlanifier une d\u00e9mo\t\t<\/span>\n\t\t\t<\/a>\n\t<\/div>\n<\/div><\/div>\t\t\t<\/div>\n\t\t<\/div>\n\t\t<div class=\"sow-slider-image-overlay sow-slider-image-cover\" style=\"opacity: 0.6;background-image: url(https:\/\/www.alphinat.com\/fr\/wp-content\/uploads\/sites\/7\/2023\/09\/ai-point-finger-2.jpg)\"  ><\/div>\t\t<\/li>\n\t\t<\/ul>\t\t\t\t<ol class=\"sow-slider-pagination\">\n\t\t\t\t\t\t\t\t\t\t\t<li><a href=\"#\" data-goto=\"0\" aria-label=\"Display slide 1\"><\/a><\/li>\n\t\t\t\t\t\t\t\t\t<\/ol>\n\n\t\t\t\t<div class=\"sow-slide-nav sow-slide-nav-next\">\n\t\t\t\t\t<a href=\"#\" data-goto=\"next\" aria-label=\"Next slide\" data-action=\"next\">\n\t\t\t\t\t\t<em class=\"sow-sld-icon-thin-right\"><\/em>\n\t\t\t\t\t<\/a>\n\t\t\t\t<\/div>\n\n\t\t\t\t<div class=\"sow-slide-nav sow-slide-nav-prev\">\n\t\t\t\t\t<a href=\"#\" data-goto=\"previous\" aria-label=\"Previous slide\" data-action=\"prev\">\n\t\t\t\t\t\t<em class=\"sow-sld-icon-thin-left\"><\/em>\n\t\t\t\t\t<\/a>\n\t\t\t\t<\/div>\n\t\t\t\t<\/div><\/div><\/div><\/div><\/div><\/div><\/div>\n\n\n<div class=\"wp-block-buttons is-content-justification-center is-layout-flex wp-container-core-buttons-layout-1 wp-block-buttons-is-layout-flex\">\n<div class=\"wp-block-button has-custom-font-size is-style-outline has-medium-font-size\"><a class=\"wp-block-button__link has-white-color has-vivid-cyan-blue-background-color has-text-color has-background wp-element-button\" style=\"border-radius:100px\"><strong>En savoir plus sur LIVEaiASSIST<\/strong><\/a><\/div>\n<\/div>\n\n\n<div id=\"pl-gb1751-69e4850e721e3\"  class=\"panel-layout\" ><div id=\"pg-gb1751-69e4850e721e3-0\"  class=\"panel-grid panel-no-style\" ><div id=\"pgc-gb1751-69e4850e721e3-0-0\"  class=\"panel-grid-cell\" ><div id=\"panel-gb1751-69e4850e721e3-0-0-0\" class=\"so-panel widget widget_sow-features panel-first-child panel-last-child\" data-index=\"0\" ><div\n\t\t\t\n\t\t\tclass=\"so-widget-sow-features so-widget-sow-features-default-233ce288a3e8-1751\"\n\t\t\t\n\t\t><ul\n\tclass=\"sow-features-list\n\tsow-features-responsive\">\n\n\t\t\t<li\n\t\t\tclass=\"sow-features-feature sow-icon-container-position-top\"\n\t\t\tstyle=\"display: flex; flex-direction: column; width: calc(33.333% - 25px);\"\n\t\t>\n\t\t\t\n\t\t\t\t\t\t<div\t\t\t\tclass=\"sow-icon-container sow-container-none\"\n\t\t\t\tstyle=\"color: #404040; \"\n\t\t\t\ttitle=\"Agilit\u00e9, Intelligence, Autonomisation\"\n\t\t\t\t\t\t\t>\n\t\t\t\t<span class=\"sow-icon-elegantline\" data-sow-icon=\"&#xe030;\"\n\t\tstyle=\"font-size: 65px; color: #1e73be\" \n\t\taria-hidden=\"true\"><\/span>\t\t\t<\/div>\n\n\t\t\t<div class=\"textwidget\">\n\t\t\t\t\n\t\t\t\t\t\t\t\t\t<h5 class=\"sow-features-feature-title\">\n\t\t\t\t\t\tAgilit\u00e9, Intelligence, Autonomisation\t\t\t\t\t<\/h5>\n\t\t\t\t\n\t\t\t\t\t\t\t\t\t<div class=\"sow-features-feature-text\">\n\t\t\t\t\t<p>En choisissant LIVEaiASSIST, les d\u00e9veloppeurs peuvent acqu\u00e9rir un avantage concurrentiel en cr\u00e9ant des applications hautement r\u00e9actives qui s&#8217;alignent sur les demandes changeantes de leur public, comblant ainsi le foss\u00e9 entre le code et l&#8217;ambition.<\/p>\n\t\t\t\t\t<\/div>\n\t\t\t\t\t\t\t\t<\/div>\n\t\t\t\t\t\t\t\t<\/li>\n\n\t\t\t<li\n\t\t\tclass=\"sow-features-feature sow-icon-container-position-top\"\n\t\t\tstyle=\"display: flex; flex-direction: column; width: calc(33.333% - 25px);\"\n\t\t>\n\t\t\t\n\t\t\t\t\t\t<div\t\t\t\tclass=\"sow-icon-container sow-container-none\"\n\t\t\t\tstyle=\"color: #000000; \"\n\t\t\t\ttitle=\"Intelligent, transparent, pr\u00eat pour l&#039;avenir\"\n\t\t\t\t\t\t\t>\n\t\t\t\t<span class=\"sow-icon-elegantline\" data-sow-icon=\"&#xe04e;\"\n\t\tstyle=\"font-size: 65px; color: #1e73be\" \n\t\taria-hidden=\"true\"><\/span>\t\t\t<\/div>\n\n\t\t\t<div class=\"textwidget\">\n\t\t\t\t\n\t\t\t\t\t\t\t\t\t<h5 class=\"sow-features-feature-title\">\n\t\t\t\t\t\tIntelligent, transparent, pr\u00eat pour l&#8217;avenir\t\t\t\t\t<\/h5>\n\t\t\t\t\n\t\t\t\t\t\t\t\t\t<div class=\"sow-features-feature-text\">\n\t\t\t\t\t<p>Il offre une assistance intelligente pour le d\u00e9veloppement d&#8217;applications, garantissant un flux de travail transparent avec des informations bas\u00e9es sur l&#8217;IA et des mesures de s\u00e9curit\u00e9 robustes, pr\u00e9parant ainsi les applications pour l&#8217;avenir.<\/p>\n\t\t\t\t\t<\/div>\n\t\t\t\t\t\t\t\t<\/div>\n\t\t\t\t\t\t\t\t<\/li>\n\n\t\t\t<li\n\t\t\tclass=\"sow-features-feature sow-icon-container-position-top\"\n\t\t\tstyle=\"display: flex; flex-direction: column; width: calc(33.333% - 25px);\"\n\t\t>\n\t\t\t\n\t\t\t\t\t\t<div\t\t\t\tclass=\"sow-icon-container sow-container-none\"\n\t\t\t\tstyle=\"color: #404040; \"\n\t\t\t\ttitle=\"Avant-gardiste, \u00e9volutif, s\u00e9curis\u00e9\"\n\t\t\t\t\t\t\t>\n\t\t\t\t<span class=\"sow-icon-elegantline\" data-sow-icon=\"&#xe020;\"\n\t\tstyle=\"font-size: 65px; color: #1e73be\" \n\t\taria-hidden=\"true\"><\/span>\t\t\t<\/div>\n\n\t\t\t<div class=\"textwidget\">\n\t\t\t\t\n\t\t\t\t\t\t\t\t\t<h5 class=\"sow-features-feature-title\">\n\t\t\t\t\t\tAvant-gardiste, \u00e9volutif, s\u00e9curis\u00e9\t\t\t\t\t<\/h5>\n\t\t\t\t\n\t\t\t\t\t\t\t\t\t<div class=\"sow-features-feature-text\">\n\t\t\t\t\t<p>LIVEaiASSIST est un module acc\u00e9l\u00e9rateur de d\u00e9veloppement rapide d&#8217;applications (RAD) de pointe qui am\u00e9liore les applications SmartGuide en am\u00e9liorant l&#8217;efficacit\u00e9 et la s\u00e9curit\u00e9.<\/p>\n\t\t\t\t\t<\/div>\n\t\t\t\t\t\t\t\t<\/div>\n\t\t\t\t\t\t\t\t<\/li>\n\n\t<\/ul>\n<\/div><\/div><\/div><\/div><\/div>\n\n\n<hr class=\"wp-block-separator has-css-opacity\"\/>\n\n\n<div\n\t\t\t\n\t\t\tclass=\"so-widget-sow-editor so-widget-sow-editor-base\"\n\t\t\t\n\t\t>\n<div class=\"siteorigin-widget-tinymce textwidget\">\n\t<p style=\"text-align: center\">Dans un monde qui \u00e9volue \u00e0 un rythme acc\u00e9l\u00e9r\u00e9, garder une longueur d\u2019avance n\u2019est plus un luxe mais une n\u00e9cessit\u00e9. D\u00e9couvrez LIVEaiASSIST, le module acc\u00e9l\u00e9rateur r\u00e9volutionnaire de d\u00e9veloppement rapide d&#8217;applications (RAD) con\u00e7u pour amener vos cr\u00e9ations d&#8217;applications SmartGuide \u00e0 un tout nouveau niveau d&#8217;efficacit\u00e9 et d&#8217;innovation. Con\u00e7u pour rationaliser votre flux de travail, mais va encore plus loin pour offrir des fonctionnalit\u00e9s qui d\u00e9finissent les besoins de s\u00e9curit\u00e9 de demain. D\u00e9couvrez la fluidit\u00e9 de la cr\u00e9ation d&#8217;applications avec une assistance intelligente qui comprend vos objectifs, vous guidant vers une ex\u00e9cution s\u00fbre et des informations en temps r\u00e9el bas\u00e9es sur l&#8217;IA. La s\u00e9curit\u00e9 reste primordiale, avec des mesures de s\u00e9curit\u00e9 robustes SmartGuide en place pour garantir que votre paysage de d\u00e9veloppement reste imprenable. Avec LIVEaiASSIST, soyez t\u00e9moin du m\u00e9lange harmonieux de vitesse, de fiabilit\u00e9 et de pr\u00e9voyance, alors que vous cr\u00e9ez des applications qui ne sont pas seulement pour aujourd&#8217;hui mais pr\u00eates pour les tendances futures.<\/p>\n<p>\u00a0<\/p>\n<\/div>\n<\/div>\n\n<div class=\"wp-block-image\">\n<figure class=\"aligncenter size-large is-resized\"><img fetchpriority=\"high\" decoding=\"async\" width=\"1024\" height=\"600\" src=\"https:\/\/www.alphinat.com\/fr\/wp-content\/uploads\/sites\/7\/2023\/09\/ai-diverse-people-1024x600.jpg\" alt=\"\" class=\"wp-image-1755\" style=\"width:1024px;height:600px\" srcset=\"https:\/\/www.alphinat.com\/fr\/wp-content\/uploads\/sites\/7\/2023\/09\/ai-diverse-people-1024x600.jpg 1024w, https:\/\/www.alphinat.com\/fr\/wp-content\/uploads\/sites\/7\/2023\/09\/ai-diverse-people-300x176.jpg 300w, https:\/\/www.alphinat.com\/fr\/wp-content\/uploads\/sites\/7\/2023\/09\/ai-diverse-people-768x450.jpg 768w, https:\/\/www.alphinat.com\/fr\/wp-content\/uploads\/sites\/7\/2023\/09\/ai-diverse-people-1536x900.jpg 1536w\" sizes=\"(max-width: 1024px) 100vw, 1024px\" \/><\/figure><\/div>\n\n\n<hr class=\"wp-block-separator has-css-opacity\"\/>\n\n\n<div\n\t\t\t\n\t\t\tclass=\"so-widget-sow-editor so-widget-sow-editor-base\"\n\t\t\t\n\t\t>\n<div class=\"siteorigin-widget-tinymce textwidget\">\n\t<p style=\"text-align: center\">Dans un paysage de march\u00e9 concurrentiel, l\u2019agilit\u00e9 et l\u2019intelligence sont vos alli\u00e9es. LIVEaiASSIST permet aux d\u00e9veloppeurs de transformer le processus de d\u00e9veloppement d&#8217;applications (RAD) en une entreprise fluide, intuitive et hautement r\u00e9active. Il ne s&#8217;agit pas seulement de cr\u00e9er des applications plus rapidement, mais plus intelligemment, avec une modification des modifications pour s&#8217;adapter \u00e0 vos besoins, en fournissant des solutions et des informations parfaitement adapt\u00e9es \u00e0 vos objectifs. Explorez un niveau sans pr\u00e9c\u00e9dent de compr\u00e9hension et de coop\u00e9ration entre vous et votre outil de d\u00e9veloppement. Avec un partenaire comme LIVEaiASSIST, b\u00e9n\u00e9ficiez de l&#8217;avantage concurrentiel li\u00e9 \u00e0 la cr\u00e9ation d&#8217;applications ultra-r\u00e9actives qui r\u00e9pondent aux besoins \u00e9volutifs de votre public. Entrez dans un monde au potentiel illimit\u00e9 o\u00f9 vos visions prennent vie avec un assistant qui comprend non seulement les codes, mais aussi vos ambitions. Choisissez LIVEaiASSIST, o\u00f9 chaque construction est un pont vers l&#8217;avenir.<\/p>\n<\/div>\n<\/div>\n\n<div id=\"pl-gb1751-69e4850e741a6\"  class=\"panel-layout\" ><div id=\"pg-gb1751-69e4850e741a6-0\"  class=\"panel-grid panel-has-style\" ><div class=\"panel-row-style panel-row-style-for-gb1751-69e4850e741a6-0\" ><div id=\"pgc-gb1751-69e4850e741a6-0-0\"  class=\"panel-grid-cell\" ><div id=\"panel-gb1751-69e4850e741a6-0-0-0\" class=\"so-panel widget widget_sow-headline panel-first-child panel-last-child\" data-index=\"0\" ><div\n\t\t\t\n\t\t\tclass=\"so-widget-sow-headline so-widget-sow-headline-default-a534b8630666-1751\"\n\t\t\t\n\t\t><div class=\"sow-headline-container \">\n\t\t\t\t\t\t\t<h2 class=\"sow-headline\">\n\t\t\t\t\t\t&#8220;D\u00e9bloquez un monde de possibilit\u00e9s et d\u00e9couvrez toutes les fonctionnalit\u00e9s remarquables que LIVEaiASSIST a \u00e0 offrir \u2013 et bien plus encore.&#8221;\t\t\t\t\t\t<\/h2>\n\t\t\t\t\t\t\t\t\t\t\t<div class=\"decoration\">\n\t\t\t\t\t\t<div class=\"decoration-inside\"><\/div>\n\t\t\t\t\t<\/div>\n\t\t\t\t\t<\/div>\n<\/div><\/div><\/div><\/div><\/div><\/div>\n\n<div id=\"pl-gb1751-69e4850e746dc\"  class=\"panel-layout\" ><div id=\"pg-gb1751-69e4850e746dc-0\"  class=\"panel-grid panel-no-style\" ><div id=\"pgc-gb1751-69e4850e746dc-0-0\"  class=\"panel-grid-cell\" ><div id=\"panel-gb1751-69e4850e746dc-0-0-0\" class=\"so-panel widget widget_sow-editor panel-first-child panel-last-child\" data-index=\"0\" ><div\n\t\t\t\n\t\t\tclass=\"so-widget-sow-editor so-widget-sow-editor-base\"\n\t\t\t\n\t\t>\n<div class=\"siteorigin-widget-tinymce textwidget\">\n\t<h3 style=\"text-align: center;\">Ne manquez pas l&#8217;opportunit\u00e9 d&#8217;assister \u00e0 LIVEaiASSIST en action. Planifiez votre <a href=\"\/mt\/fr\/requete-demo\">d\u00e9monstration individuelle<\/a> d\u00e8s aujourd&#8217;hui\u00a0!<\/h3>\n<\/div>\n<\/div><\/div><\/div><\/div><\/div>\n\n\n<div class=\"wp-block-buttons is-layout-flex wp-block-buttons-is-layout-flex\">\n\n\n\n<\/div>\n","protected":false},"excerpt":{"rendered":"","protected":false},"author":1,"featured_media":1747,"parent":343,"menu_order":0,"comment_status":"closed","ping_status":"closed","template":"landing-page.php","meta":{"footnotes":""},"_links":{"self":[{"href":"https:\/\/www.alphinat.com\/fr\/wp-json\/wp\/v2\/pages\/1751"}],"collection":[{"href":"https:\/\/www.alphinat.com\/fr\/wp-json\/wp\/v2\/pages"}],"about":[{"href":"https:\/\/www.alphinat.com\/fr\/wp-json\/wp\/v2\/types\/page"}],"author":[{"embeddable":true,"href":"https:\/\/www.alphinat.com\/fr\/wp-json\/wp\/v2\/users\/1"}],"replies":[{"embeddable":true,"href":"https:\/\/www.alphinat.com\/fr\/wp-json\/wp\/v2\/comments?post=1751"}],"version-history":[{"count":19,"href":"https:\/\/www.alphinat.com\/fr\/wp-json\/wp\/v2\/pages\/1751\/revisions"}],"predecessor-version":[{"id":1918,"href":"https:\/\/www.alphinat.com\/fr\/wp-json\/wp\/v2\/pages\/1751\/revisions\/1918"}],"up":[{"embeddable":true,"href":"https:\/\/www.alphinat.com\/fr\/wp-json\/wp\/v2\/pages\/343"}],"wp:featuredmedia":[{"embeddable":true,"href":"https:\/\/www.alphinat.com\/fr\/wp-json\/wp\/v2\/media\/1747"}],"wp:attachment":[{"href":"https:\/\/www.alphinat.com\/fr\/wp-json\/wp\/v2\/media?parent=1751"}],"curies":[{"name":"wp","href":"https:\/\/api.w.org\/{rel}","templated":true}]}}