

{"id":1941,"date":"2024-11-05T14:32:38","date_gmt":"2024-11-05T19:32:38","guid":{"rendered":"https:\/\/www.alphinat.com\/fr\/?page_id=1941"},"modified":"2026-02-04T14:26:03","modified_gmt":"2026-02-04T19:26:03","slug":"etatsfinanciers","status":"publish","type":"page","link":"https:\/\/www.alphinat.com\/fr\/etatsfinanciers\/","title":{"rendered":"\u00c9tats financiers et rapports de gestion"},"content":{"rendered":"<div id=\"pl-1941\"  class=\"panel-layout\" ><div id=\"pg-1941-0\"  class=\"panel-grid panel-has-style\" ><div class=\"siteorigin-panels-stretch panel-row-style panel-row-style-for-1941-0\" data-stretch-type=\"full-width-stretch\" ><div id=\"pgc-1941-0-0\"  class=\"panel-grid-cell\" ><div id=\"panel-1941-0-0-0\" class=\"so-panel widget widget_sow-hero panel-first-child panel-last-child\" data-index=\"0\" ><div\n\t\t\t\n\t\t\tclass=\"so-widget-sow-hero so-widget-sow-hero-default-94e98e6aebe4-1941 so-widget-fittext-wrapper\"\n\t\t\t data-fit-text-compressor=\"0.85\"\n\t\t>\t\t\t\t<div class=\"sow-slider-base\" style=\"display: none\" tabindex=\"0\">\n\t\t\t\t\t<ul\n\t\t\t\t\tclass=\"sow-slider-images\"\n\t\t\t\t\tdata-settings=\"{&quot;pagination&quot;:true,&quot;speed&quot;:800,&quot;timeout&quot;:8000,&quot;paused&quot;:false,&quot;pause_on_hover&quot;:false,&quot;swipe&quot;:true,&quot;nav_always_show_desktop&quot;:&quot;&quot;,&quot;nav_always_show_mobile&quot;:&quot;&quot;,&quot;breakpoint&quot;:&quot;780px&quot;,&quot;unmute&quot;:false,&quot;anchor&quot;:null}\"\n\t\t\t\t\t\t\t\t\t\tdata-anchor-id=\"\"\n\t\t\t\t>\t\t<li class=\"sow-slider-image  sow-slider-image-cover\" style=\"visibility: visible;;background-color: #333333\" >\n\t\t\t\t\t<div class=\"sow-slider-image-container\">\n\t\t\t<div class=\"sow-slider-image-wrapper\">\n\t\t\t\t<h1 style=\"text-align: center\">Comment pouvons nous aider?<\/h1>\n<h3 style=\"text-align: center\">Vous trouverez un moyen facile de nous contacter juste ici<\/h3>\n\t\t\t<\/div>\n\t\t<\/div>\n\t\t<div class=\"sow-slider-image-overlay sow-slider-image-cover\" style=\"opacity: 0.6;background-image: url(https:\/\/www.alphinat.com\/fr\/wp-content\/uploads\/sites\/7\/2019\/03\/contact-us-2697949_1280.jpg)\"  ><\/div>\t\t<\/li>\n\t\t<\/ul>\t\t\t\t<ol class=\"sow-slider-pagination\">\n\t\t\t\t\t\t\t\t\t\t\t<li><a href=\"#\" data-goto=\"0\" aria-label=\"Display slide 1\"><\/a><\/li>\n\t\t\t\t\t\t\t\t\t<\/ol>\n\n\t\t\t\t<div class=\"sow-slide-nav sow-slide-nav-next\">\n\t\t\t\t\t<a href=\"#\" data-goto=\"next\" aria-label=\"Next slide\" data-action=\"next\">\n\t\t\t\t\t\t<em class=\"sow-sld-icon-thin-right\"><\/em>\n\t\t\t\t\t<\/a>\n\t\t\t\t<\/div>\n\n\t\t\t\t<div class=\"sow-slide-nav sow-slide-nav-prev\">\n\t\t\t\t\t<a href=\"#\" data-goto=\"previous\" aria-label=\"Previous slide\" data-action=\"prev\">\n\t\t\t\t\t\t<em class=\"sow-sld-icon-thin-left\"><\/em>\n\t\t\t\t\t<\/a>\n\t\t\t\t<\/div>\n\t\t\t\t<\/div><\/div><\/div><\/div><\/div><\/div><div id=\"pg-1941-1\"  class=\"panel-grid panel-no-style\" ><div id=\"pgc-1941-1-0\"  class=\"panel-grid-cell\" ><div id=\"panel-1941-1-0-0\" class=\"so-panel widget widget_sow-editor panel-first-child panel-last-child\" data-index=\"1\" ><div\n\t\t\t\n\t\t\tclass=\"so-widget-sow-editor so-widget-sow-editor-base\"\n\t\t\t\n\t\t>\n<div class=\"siteorigin-widget-tinymce textwidget\">\n\t<h3>\u00c9tats financiers et rapports de gestion<\/h3>\n<p><a href='https:\/\/www.alphinat.com\/en\/wp-content\/uploads\/sites\/8\/2026\/02\/Alphinat_Circular-FR-F20252026_01_2890601179.3.pdf' target='_blank' rel=\"noopener\">AVIS DE CONVOCATION \u00c0 ASSEMBL\u00c9E G\u00c9N\u00c9RALE ANNUELLE ET ASSEMBL\u00c9E SP\u00c9CIALE DES ACTIONNAIRES 2026<\/a><\/p>\n<p><a href='https:\/\/www.alphinat.com\/fr\/wp-content\/uploads\/sites\/7\/2026\/02\/APHQ_SEDAR_Proxy_French-4.pdf' target='_blank' rel=\"noopener\">Formulaire de procuration 2026<\/a><\/p>\n<p><a href='https:\/\/www.alphinat.com\/fr\/wp-content\/uploads\/sites\/7\/2026\/02\/FR_Rapport-de-gestion-2025_08_3120251219BoD.pdf' target='_blank' rel=\"noopener\">Analyse par la direction de la situation financi\u00e8re et des r\u00e9sultats d\u2019exploitation 31 ao\u00fbt, 2025 (V\u00e9rifi\u00e9)<\/a><\/p>\n<p><a href='https:\/\/www.alphinat.com\/fr\/wp-content\/uploads\/sites\/7\/2026\/02\/2025-08-31-Alphinat-FR-FINALE.pdf' target='_blank' rel=\"noopener\">\u00c9tats financiers F2025 31 ao\u00fbt, 2025 (V\u00e9rifi\u00e9)<\/a><\/p>\n<p><a href='https:\/\/www.alphinat.com\/fr\/wp-content\/uploads\/sites\/7\/2024\/11\/Rapport-de-gestion-2023_08_31FR_20241104Finale.Vf_.pdf' target='_blank' rel=\"noopener\">Analyse par la direction de la situation financi\u00e8re et des r\u00e9sultats d\u2019exploitation Q1 - NOVEMBER 30, 2023 (Non v\u00e9rifi\u00e9)<\/a><\/p>\n<p><a href='https:\/\/www.alphinat.com\/fr\/wp-content\/uploads\/sites\/7\/2024\/11\/2023-08-31-Alphinat-FR-FINALE-2024-03-19.pdf' target='_blank' rel=\"noopener\">\u00c9tats financiers Q1 F2024 NOVEMBER 30, 2023 (Non v\u00e9rifi\u00e9)<\/a><\/p>\n<\/div>\n<\/div><\/div><\/div><\/div><\/div>","protected":false},"excerpt":{"rendered":"<p>\u00c9tats financiers et rapports de gestion AVIS DE CONVOCATION \u00c0 ASSEMBL\u00c9E G\u00c9N\u00c9RALE ANNUELLE ET ASSEMBL\u00c9E SP\u00c9CIALE DES ACTIONNAIRES 2026 Formulaire de procuration 2026 Analyse par la direction de la situation financi\u00e8re et des r\u00e9sultats d\u2019exploitation 31 ao\u00fbt, 2025 (V\u00e9rifi\u00e9) \u00c9tats financiers F2025 31 ao\u00fbt, 2025 (V\u00e9rifi\u00e9) Analyse par la direction de la situation financi\u00e8re et [&hellip;]<\/p>\n","protected":false},"author":12,"featured_media":0,"parent":0,"menu_order":0,"comment_status":"closed","ping_status":"closed","template":"landing-page.php","meta":{"footnotes":""},"_links":{"self":[{"href":"https:\/\/www.alphinat.com\/fr\/wp-json\/wp\/v2\/pages\/1941"}],"collection":[{"href":"https:\/\/www.alphinat.com\/fr\/wp-json\/wp\/v2\/pages"}],"about":[{"href":"https:\/\/www.alphinat.com\/fr\/wp-json\/wp\/v2\/types\/page"}],"author":[{"embeddable":true,"href":"https:\/\/www.alphinat.com\/fr\/wp-json\/wp\/v2\/users\/12"}],"replies":[{"embeddable":true,"href":"https:\/\/www.alphinat.com\/fr\/wp-json\/wp\/v2\/comments?post=1941"}],"version-history":[{"count":12,"href":"https:\/\/www.alphinat.com\/fr\/wp-json\/wp\/v2\/pages\/1941\/revisions"}],"predecessor-version":[{"id":1973,"href":"https:\/\/www.alphinat.com\/fr\/wp-json\/wp\/v2\/pages\/1941\/revisions\/1973"}],"wp:attachment":[{"href":"https:\/\/www.alphinat.com\/fr\/wp-json\/wp\/v2\/media?parent=1941"}],"curies":[{"name":"wp","href":"https:\/\/api.w.org\/{rel}","templated":true}]}}