

{"id":30,"date":"2017-07-04T11:58:25","date_gmt":"2017-07-04T15:58:25","guid":{"rendered":"http:\/\/localhost\/proto1\/?page_id=30"},"modified":"2026-04-07T11:00:57","modified_gmt":"2026-04-07T15:00:57","slug":"compagnie","status":"publish","type":"page","link":"https:\/\/www.alphinat.com\/fr\/compagnie\/","title":{"rendered":"Compagnie"},"content":{"rendered":"<div id=\"pl-30\"  class=\"panel-layout\" ><div id=\"pg-30-0\"  class=\"panel-grid panel-has-style\" ><div class=\"siteorigin-panels-stretch panel-row-style panel-row-style-for-30-0\" data-stretch-type=\"full-width-stretch\" ><div id=\"pgc-30-0-0\"  class=\"panel-grid-cell\" ><div id=\"panel-30-0-0-0\" class=\"so-panel widget widget_sow-hero panel-first-child panel-last-child\" data-index=\"0\" ><div\n\t\t\t\n\t\t\tclass=\"so-widget-sow-hero so-widget-sow-hero-default-09a9c2aa85c6-30 so-widget-fittext-wrapper\"\n\t\t\t data-fit-text-compressor=\"0.85\"\n\t\t>\t\t\t\t<div class=\"sow-slider-base\" style=\"display: none\" tabindex=\"0\">\n\t\t\t\t\t<ul\n\t\t\t\t\tclass=\"sow-slider-images\"\n\t\t\t\t\tdata-settings=\"{&quot;pagination&quot;:true,&quot;speed&quot;:800,&quot;timeout&quot;:8000,&quot;paused&quot;:false,&quot;pause_on_hover&quot;:false,&quot;swipe&quot;:true,&quot;nav_always_show_desktop&quot;:&quot;&quot;,&quot;nav_always_show_mobile&quot;:&quot;&quot;,&quot;breakpoint&quot;:&quot;780px&quot;,&quot;unmute&quot;:false,&quot;anchor&quot;:null}\"\n\t\t\t\t\t\t\t\t\t\tdata-anchor-id=\"\"\n\t\t\t\t>\t\t<li class=\"sow-slider-image  sow-slider-image-cover\" style=\"visibility: visible;;background-color: #333333;background-image: url(https:\/\/www.alphinat.com\/fr\/wp-content\/uploads\/sites\/7\/2019\/03\/about-us-banner-1732847_1280.jpg)\" >\n\t\t\t\t\t<div class=\"sow-slider-image-container\">\n\t\t\t<div class=\"sow-slider-image-wrapper\">\n\t\t\t\t<h1 style=\"text-align: center;font-size: 38px;max-width: 800px;margin: 0px auto\">On vous apporte des solutions innovantes afin de mieux impliquer vos clients, employ\u00e9s et partenaires<\/h1>\n\t\t\t<\/div>\n\t\t<\/div>\n\t\t\t\t<\/li>\n\t\t<\/ul>\t\t\t\t<ol class=\"sow-slider-pagination\">\n\t\t\t\t\t\t\t\t\t\t\t<li><a href=\"#\" data-goto=\"0\" aria-label=\"Display slide 1\"><\/a><\/li>\n\t\t\t\t\t\t\t\t\t<\/ol>\n\n\t\t\t\t<div class=\"sow-slide-nav sow-slide-nav-next\">\n\t\t\t\t\t<a href=\"#\" data-goto=\"next\" aria-label=\"Next slide\" data-action=\"next\">\n\t\t\t\t\t\t<em class=\"sow-sld-icon-thin-right\"><\/em>\n\t\t\t\t\t<\/a>\n\t\t\t\t<\/div>\n\n\t\t\t\t<div class=\"sow-slide-nav sow-slide-nav-prev\">\n\t\t\t\t\t<a href=\"#\" data-goto=\"previous\" aria-label=\"Previous slide\" data-action=\"prev\">\n\t\t\t\t\t\t<em class=\"sow-sld-icon-thin-left\"><\/em>\n\t\t\t\t\t<\/a>\n\t\t\t\t<\/div>\n\t\t\t\t<\/div><\/div><\/div><\/div><\/div><\/div><div id=\"pg-30-1\"  class=\"panel-grid panel-has-style\" ><div class=\"siteorigin-panels-stretch panel-row-style panel-row-style-for-30-1\" id=\"statistics\" data-stretch-type=\"full\" ><div id=\"pgc-30-1-0\"  class=\"panel-grid-cell\" ><div id=\"panel-30-1-0-0\" class=\"so-panel widget widget_sow-headline panel-first-child panel-last-child\" data-index=\"1\" ><div\n\t\t\t\n\t\t\tclass=\"so-widget-sow-headline so-widget-sow-headline-default-e66f56748bdf-30\"\n\t\t\t\n\t\t><div class=\"sow-headline-container \">\n\t\t\t\t\t\t\t<h3 class=\"sow-headline\">\n\t\t\t\t\t\t250+\t\t\t\t\t\t<\/h3>\n\t\t\t\t\t\t\t\t\t\t\t\t<p class=\"sow-sub-headline\">\n\t\t\t\t\t\tImpl\u00e9mentations\t\t\t\t\t\t<\/p>\n\t\t\t\t\t\t<\/div>\n<\/div><\/div><\/div><div id=\"pgc-30-1-1\"  class=\"panel-grid-cell\" ><div id=\"panel-30-1-1-0\" class=\"so-panel widget widget_sow-headline panel-first-child panel-last-child\" data-index=\"2\" ><div\n\t\t\t\n\t\t\tclass=\"so-widget-sow-headline so-widget-sow-headline-default-e66f56748bdf-30\"\n\t\t\t\n\t\t><div class=\"sow-headline-container \">\n\t\t\t\t\t\t\t<h3 class=\"sow-headline\">\n\t\t\t\t\t\t15 000 000+\t\t\t\t\t\t<\/h3>\n\t\t\t\t\t\t\t\t\t\t\t\t<p class=\"sow-sub-headline\">\n\t\t\t\t\t\tInteractions ex\u00e9cut\u00e9es\t\t\t\t\t\t<\/p>\n\t\t\t\t\t\t<\/div>\n<\/div><\/div><\/div><div id=\"pgc-30-1-2\"  class=\"panel-grid-cell\" ><div id=\"panel-30-1-2-0\" class=\"so-panel widget widget_sow-headline panel-first-child panel-last-child\" data-index=\"3\" ><div\n\t\t\t\n\t\t\tclass=\"so-widget-sow-headline so-widget-sow-headline-default-e66f56748bdf-30\"\n\t\t\t\n\t\t><div class=\"sow-headline-container \">\n\t\t\t\t\t\t\t<h3 class=\"sow-headline\">\n\t\t\t\t\t\tJusqu'\u00e0 97.5%\t\t\t\t\t\t<\/h3>\n\t\t\t\t\t\t\t\t\t\t\t\t<p class=\"sow-sub-headline\">\n\t\t\t\t\t\t\u00c9conomies de co\u00fbts\t\t\t\t\t\t<\/p>\n\t\t\t\t\t\t<\/div>\n<\/div><\/div><\/div><\/div><\/div><div id=\"pg-30-2\"  class=\"panel-grid panel-no-style\" ><div id=\"pgc-30-2-0\"  class=\"panel-grid-cell\" ><div id=\"panel-30-2-0-0\" class=\"so-panel widget widget_text panel-first-child panel-last-child\" data-index=\"4\" ><div id=\"About\" class=\"panel-widget-style panel-widget-style-for-30-2-0-0\" ><h3 class=\"widget-title\">\u00c0 propos d&#8217;Alphinat<\/h3>\t\t\t<div class=\"textwidget\"><p>Chez Alphinat, nous sommes motiv\u00e9s par la passion de rendre le d\u00e9veloppement d\u2019applications \u00e0 la port\u00e9e de tous. Il nous a toujours sembl\u00e9 \u00e9trange que les personnes ayant la vision de l&#8217;apparence et du comportement d&#8217;une application finie ne soient impliqu\u00e9es qu&#8217;au d\u00e9but du processus. Apr\u00e8s tout, quel meilleur moyen d\u2019assurer le succ\u00e8s d\u2019un projet que d\u2019impliquer les individus le plus pr\u00e8s des utilisateurs-finaux tout au long du processus?<\/p>\n<p>C&#8217;est pourquoi nous vous apportons de nouvelles fa\u00e7ons d&#8217;habiliter les bonnes personnes au bon moment dans le processus de d\u00e9veloppement d&#8217;applications. En m\u00eame temps, nous travaillons constamment \u00e0 r\u00e9duire le besoin de coder afin de rendre le d\u00e9veloppement et la maintenance d\u2019applications plus simples, tout en r\u00e9duisant les risques d\u2019erreurs.<\/p>\n<p>Que vous choisissiez de d\u00e9velopper vos applications \u00e0 l&#8217;aide de notre plateforme \u00ab low-code \u00bb SmartGuide\u00ae, d\u2019acc\u00e9l\u00e9rer le lancement de votre projet avec l\u2019une de nos applications pr\u00e9-construites ou de faire appel \u00e0 nous ou \u00e0 l&#8217;un de nos partenaires pour vous accompagner, nous sommes l\u00e0 pour vous aider \u00e0 d\u00e9ployer de meilleures applications en un temps record. Visitez https:\/\/www.alphinat.com\/fr pour plus d&#8217;informations.<\/p>\n<\/div>\n\t\t<\/div><\/div><\/div><div id=\"pgc-30-2-1\"  class=\"panel-grid-cell\" ><div id=\"panel-30-2-1-0\" class=\"so-panel widget widget_sow-editor panel-first-child panel-last-child\" data-index=\"5\" ><div class=\"panel-widget-style panel-widget-style-for-30-2-1-0\" ><div\n\t\t\t\n\t\t\tclass=\"so-widget-sow-editor so-widget-sow-editor-base\"\n\t\t\t\n\t\t>\n<div class=\"siteorigin-widget-tinymce textwidget\">\n\t<h3 class=\"widget-title\" style=\"margin-bottom: 10px; text-align: center; font-size: 18px; font-weight: 600;\">PARLONS<\/h3>\n<p><iframe style=\"width: 1px; min-width: 100%;\" src=\"\/\/site.alphinat.com\/smartlets\/sfjsp?interviewID=inquiry-form&lang=fr\" frameborder=\"0\" scrolling=\"no\"><\/iframe><\/p>\n<\/div>\n<\/div><\/div><\/div><\/div><\/div><div id=\"pg-30-3\"  class=\"panel-grid panel-no-style\" ><div id=\"pgc-30-3-0\"  class=\"panel-grid-cell\" ><div id=\"panel-30-3-0-0\" class=\"so-panel widget widget_sow-editor panel-first-child panel-last-child\" data-index=\"6\" ><div class=\"hidden-xs hidden-sm panel-widget-style panel-widget-style-for-30-3-0-0\" ><div\n\t\t\t\n\t\t\tclass=\"so-widget-sow-editor so-widget-sow-editor-base\"\n\t\t\t\n\t\t>\n<div class=\"siteorigin-widget-tinymce textwidget\">\n\t<p><a href=\"https:\/\/www.alphinat.com\/fr\/wp-content\/uploads\/sites\/7\/2020\/11\/Gouvernance-20201105.pdf\"><img decoding=\"async\" class=\"alignleft size-full wp-image-1191\" src=\"https:\/\/www.alphinat.com\/fr\/wp-content\/uploads\/sites\/7\/2020\/11\/sbeforms.gif\" alt=\"Gouvernance d'entreprise Logo\" width=\"119\" height=\"149\" \/><\/a>Consultez notre<br \/>\n<a title=\"Gouvernance d'entreprise\" href=\"https:\/\/www.alphinat.com\/fr\/wp-content\/uploads\/sites\/7\/2020\/11\/Gouvernance-20201105.pdf\" target=\"_blank\" rel=\"noopener noreferrer\">Gouvernance d'entreprise<\/a>.<\/p>\n<\/div>\n<\/div><\/div><\/div><\/div><div id=\"pgc-30-3-1\"  class=\"panel-grid-cell\" ><div id=\"panel-30-3-1-0\" class=\"so-panel widget widget_sow-editor panel-first-child panel-last-child\" data-index=\"7\" ><div class=\"hidden-xs hidden-sm panel-widget-style panel-widget-style-for-30-3-1-0\" ><div\n\t\t\t\n\t\t\tclass=\"so-widget-sow-editor so-widget-sow-editor-base\"\n\t\t\t\n\t\t>\n<div class=\"siteorigin-widget-tinymce textwidget\">\n\t<p><a href=\"https:\/\/www.alphinat.com\/fr\/wp-content\/uploads\/sites\/7\/2020\/11\/Gouvernance-20201105.pdf\"><img decoding=\"async\" class=\"alignleft size-full wp-image-1191\" src=\"https:\/\/www.alphinat.com\/fr\/wp-content\/uploads\/sites\/7\/2020\/11\/sbeforms.gif\" alt=\"Gouvernance d'entreprise Logo\" width=\"119\" height=\"149\" \/><\/a>Consultez notre<br \/>\n<a title=\"Gouvernance d'entreprise\" href=\"https:\/\/www.alphinat.com\/fr\/wp-content\/uploads\/sites\/7\/2026\/04\/Alphinat_Politique_Environnementale_Avril_2026.pdf\" target=\"_blank\" rel=\"noopener noreferrer\">Politique environnementale<\/a>.<\/p>\n<\/div>\n<\/div><\/div><\/div><\/div><div id=\"pgc-30-3-2\"  class=\"panel-grid-cell\" ><div id=\"panel-30-3-2-0\" class=\"so-panel widget widget_sow-editor panel-first-child panel-last-child\" data-index=\"8\" ><div class=\"hidden-xs hidden-sm panel-widget-style panel-widget-style-for-30-3-2-0\" ><div\n\t\t\t\n\t\t\tclass=\"so-widget-sow-editor so-widget-sow-editor-base\"\n\t\t\t\n\t\t>\n<div class=\"siteorigin-widget-tinymce textwidget\">\n\t<p><a href=\"https:\/\/www.alphinat.com\/fr\/wp-content\/uploads\/sites\/7\/2020\/11\/Gouvernance-20201105.pdf\"><img decoding=\"async\" class=\"alignleft size-full wp-image-1191\" src=\"https:\/\/www.alphinat.com\/fr\/wp-content\/uploads\/sites\/7\/2020\/11\/sbeforms.gif\" alt=\"Gouvernance d'entreprise Logo\" width=\"119\" height=\"149\" \/><\/a>Consultez notre<br \/>\n<a title=\"Gouvernance d'entreprise\" href=\"https:\/\/www.alphinat.com\/fr\/wp-content\/uploads\/sites\/7\/2026\/04\/Alphinat_Strategie_Reduction_GES_FR_updated.pdf\" target=\"_blank\" rel=\"noopener noreferrer\">Strat\u00e9gie de r\u00e9duction des GES<\/a>.<\/p>\n<\/div>\n<\/div><\/div><\/div><\/div><\/div><\/div>","protected":false},"excerpt":{"rendered":"<p>On vous apporte des solutions innovantes afin de mieux impliquer vos clients, employ\u00e9s et partenaires 250+ Impl\u00e9mentations 15 000 000+ Interactions ex\u00e9cut\u00e9es Jusqu&#8217;\u00e0 97.5% \u00c9conomies de co\u00fbts \u00c0 propos d&#8217;Alphinat Chez Alphinat, nous sommes motiv\u00e9s par la passion de rendre le d\u00e9veloppement d\u2019applications \u00e0 la port\u00e9e de tous. Il nous a toujours sembl\u00e9 \u00e9trange que [&hellip;]<\/p>\n","protected":false},"author":1,"featured_media":0,"parent":0,"menu_order":0,"comment_status":"closed","ping_status":"closed","template":"landing-page.php","meta":{"footnotes":""},"_links":{"self":[{"href":"https:\/\/www.alphinat.com\/fr\/wp-json\/wp\/v2\/pages\/30"}],"collection":[{"href":"https:\/\/www.alphinat.com\/fr\/wp-json\/wp\/v2\/pages"}],"about":[{"href":"https:\/\/www.alphinat.com\/fr\/wp-json\/wp\/v2\/types\/page"}],"author":[{"embeddable":true,"href":"https:\/\/www.alphinat.com\/fr\/wp-json\/wp\/v2\/users\/1"}],"replies":[{"embeddable":true,"href":"https:\/\/www.alphinat.com\/fr\/wp-json\/wp\/v2\/comments?post=30"}],"version-history":[{"count":10,"href":"https:\/\/www.alphinat.com\/fr\/wp-json\/wp\/v2\/pages\/30\/revisions"}],"predecessor-version":[{"id":1980,"href":"https:\/\/www.alphinat.com\/fr\/wp-json\/wp\/v2\/pages\/30\/revisions\/1980"}],"wp:attachment":[{"href":"https:\/\/www.alphinat.com\/fr\/wp-json\/wp\/v2\/media?parent=30"}],"curies":[{"name":"wp","href":"https:\/\/api.w.org\/{rel}","templated":true}]}}