

{"id":366,"date":"2018-12-28T09:22:15","date_gmt":"2018-12-28T09:22:15","guid":{"rendered":"https:\/\/www.alphinat.com\/new\/?page_id=366"},"modified":"2022-05-31T14:37:41","modified_gmt":"2022-05-31T18:37:41","slug":"portail-civique","status":"publish","type":"page","link":"https:\/\/www.alphinat.com\/fr\/solutions\/gouvernement\/portail-civique\/","title":{"rendered":"Portail civique SmartGuide\u00ae"},"content":{"rendered":"<div id=\"pl-366\"  class=\"panel-layout\" ><div id=\"pg-366-0\"  class=\"panel-grid panel-has-style\" ><div class=\"siteorigin-panels-stretch panel-row-style panel-row-style-for-366-0\" data-stretch-type=\"full\" ><div id=\"pgc-366-0-0\"  class=\"panel-grid-cell\" ><div id=\"panel-366-0-0-0\" class=\"so-panel widget widget_sow-editor panel-first-child\" data-index=\"0\" ><div\n\t\t\t\n\t\t\tclass=\"so-widget-sow-editor so-widget-sow-editor-base\"\n\t\t\t\n\t\t>\n<div class=\"siteorigin-widget-tinymce textwidget\">\n\t<h1 style=\"text-align: center; text-shadow: 3px 4px 5px #ccc;\">PORTAIL CIVIQUE POUR SOLUTIONS MUNICIPALES<\/h1>\n<p><img fetchpriority=\"high\" fetchpriority=\"high\" decoding=\"async\" class=\"size-full wp-image-1283 aligncenter\" src=\"https:\/\/www.alphinat.com\/fr\/wp-content\/uploads\/sites\/7\/2022\/05\/smartportal-for-municipalities-1024x565-1-e1654022096673.png\" alt=\"\" width=\"1024\" height=\"565\" \/><\/p>\n<h3 style=\"text-align: center; margin: 0;\">Un portail responsive et accessible pr\u00eat \u00e0 l'emploi<\/h3>\n<\/div>\n<\/div><\/div><div id=\"panel-366-0-0-1\" class=\"so-panel widget widget_sow-button panel-last-child\" data-index=\"1\" ><div class=\"panel-widget-style panel-widget-style-for-366-0-0-1\" ><div\n\t\t\t\n\t\t\tclass=\"so-widget-sow-button so-widget-sow-button-atom-857739567c6a-366\"\n\t\t\t\n\t\t><div class=\"ow-button-base ow-button-align-center\"\n>\n\t\t\t<a\n\t\t\t\t\thref=\"\/mt\/fr\/requete-demo\"\n\t\t\t\t\tclass=\"sowb-button ow-icon-placement-left ow-button-hover\" \t>\n\t\t<span>\n\t\t\t<span class=\"sow-icon-fontawesome sow-far\" data-sow-icon=\"&#xf274;\"\n\t\tstyle=\"\" \n\t\taria-hidden=\"true\"><\/span>\n\t\t\tPlanifiez une d\u00e9mo\t\t<\/span>\n\t\t\t<\/a>\n\t<\/div>\n<\/div><\/div><\/div><\/div><\/div><\/div><div id=\"pg-366-1\"  class=\"panel-grid panel-has-style\" ><div class=\"siteorigin-panels-stretch panel-row-style panel-row-style-for-366-1\" id=\"services\" data-stretch-type=\"full\" ><div id=\"pgc-366-1-0\"  class=\"panel-grid-cell\" ><div id=\"panel-366-1-0-0\" class=\"so-panel widget widget_sow-headline panel-first-child\" data-index=\"2\" ><div\n\t\t\t\n\t\t\tclass=\"so-widget-sow-headline so-widget-sow-headline-default-289e6261e3b9-366\"\n\t\t\t\n\t\t><div class=\"sow-headline-container \">\n\t\t\t\t\t\t\t<h1 class=\"sow-headline\">\n\t\t\t\t\t\tAVANTAGES\t\t\t\t\t\t<\/h1>\n\t\t\t\t\t\t\t\t\t\t\t<div class=\"decoration\">\n\t\t\t\t\t\t<div class=\"decoration-inside\"><\/div>\n\t\t\t\t\t<\/div>\n\t\t\t\t\t\t\t\t\t\t\t<p class=\"sow-sub-headline\">\n\t\t\t\t\t\tTirez le meilleur parti de vos solutions municipales de d\u00e9livrance de permis et de licences avec un portail unique con\u00e7u pour les citoyens les plus exigeants.\t\t\t\t\t\t<\/p>\n\t\t\t\t\t\t<\/div>\n<\/div><\/div><div id=\"panel-366-1-0-1\" class=\"so-panel widget widget_sow-features panel-last-child\" data-index=\"3\" ><div class=\"panel-widget-style panel-widget-style-for-366-1-0-1\" ><div\n\t\t\t\n\t\t\tclass=\"so-widget-sow-features so-widget-sow-features-default-85c3ac44ca2e-366\"\n\t\t\t\n\t\t><ul\n\tclass=\"sow-features-list\n\tsow-features-responsive\">\n\n\t\t\t<li\n\t\t\tclass=\"sow-features-feature sow-icon-container-position-top\"\n\t\t\tstyle=\"display: flex; flex-direction: column; width: calc(50% - 25px);\"\n\t\t>\n\t\t\t\n\t\t\t\t\t\t<div\t\t\t\tclass=\"sow-icon-container sow-container-none\"\n\t\t\t\tstyle=\"color: #404040; \"\n\t\t\t\t\n\t\t\t\t\t\t\t>\n\t\t\t\t<span class=\"sow-icon-fontawesome sow-fas\" data-sow-icon=\"&#xf3d1;\"\n\t\tstyle=\"font-size: 54px; color: #333333\" \n\t\taria-hidden=\"true\"><\/span>\t\t\t<\/div>\n\n\t\t\t<div class=\"textwidget\">\n\t\t\t\t\n\t\t\t\t\t\t\t\t\t<h5 class=\"sow-features-feature-title\">\n\t\t\t\t\t\tFaites-vous payer plus rapidement avec les paiements en ligne\t\t\t\t\t<\/h5>\n\t\t\t\t\n\t\t\t\t\t\t\t\t\t<div class=\"sow-features-feature-text\">\n\t\t\t\t\t<p>B\u00e9n\u00e9ficiez d'une int\u00e9gration pr\u00eate \u00e0 l'emploi avec Moneris et permettez aux citoyens et aux propri\u00e9taires d'entreprise de payer leurs licences et permis en ligne. C\u2019est plus pratique pour eux et vous permet d\u2019\u00eatre pay\u00e9 plus rapidement. Notre solution de portail peut \u00e9galement se connecter \u00e0 d'autres passerelles de paiement.<\/p>\n\t\t\t\t\t<\/div>\n\t\t\t\t\t\t\t\t<\/div>\n\t\t\t\t\t\t\t\t<\/li>\n\n\t\t\t<li\n\t\t\tclass=\"sow-features-feature sow-icon-container-position-top\"\n\t\t\tstyle=\"display: flex; flex-direction: column; width: calc(50% - 25px);\"\n\t\t>\n\t\t\t\n\t\t\t\t\t\t<div\t\t\t\tclass=\"sow-icon-container sow-container-none\"\n\t\t\t\tstyle=\"color: #404040; \"\n\t\t\t\t\n\t\t\t\t\t\t\t>\n\t\t\t\t<span class=\"sow-icon-icomoon\" data-sow-icon=\"&#xea5a;\"\n\t\tstyle=\"font-size: 54px; color: #333333\" \n\t\taria-hidden=\"true\"><\/span>\t\t\t<\/div>\n\n\t\t\t<div class=\"textwidget\">\n\t\t\t\t\n\t\t\t\t\t\t\t\t\t<h5 class=\"sow-features-feature-title\">\n\t\t\t\t\t\tR\u00e9duisez vos co\u00fbts gr\u00e2ce aux outils de libre-service\t\t\t\t\t<\/h5>\n\t\t\t\t\n\t\t\t\t\t\t\t\t\t<div class=\"sow-features-feature-text\">\n\t\t\t\t\t<p>R\u00e9pondre aux demandes en personne ou par t\u00e9l\u00e9phone co\u00fbte cher. R\u00e9duisez consid\u00e9rablement vos co\u00fbts de prestation de services en permettant \u00e0 vos demandeurs de cr\u00e9er un compte portail, de soumettre et de payer des permis et des licences et de v\u00e9rifier leur statut en ligne.<\/p>\n\t\t\t\t\t<\/div>\n\t\t\t\t\t\t\t\t<\/div>\n\t\t\t\t\t\t\t\t<\/li>\n\n\t\t\t<li\n\t\t\tclass=\"sow-features-feature sow-icon-container-position-top\"\n\t\t\tstyle=\"display: flex; flex-direction: column; width: calc(50% - 25px);\"\n\t\t>\n\t\t\t\n\t\t\t\t\t\t<div\t\t\t\tclass=\"sow-icon-container sow-container-none\"\n\t\t\t\tstyle=\"color: #404040; \"\n\t\t\t\t\n\t\t\t\t\t\t\t>\n\t\t\t\t<span class=\"sow-icon-fontawesome sow-far\" data-sow-icon=\"&#xf118;\"\n\t\tstyle=\"font-size: 54px; color: #333333\" \n\t\taria-hidden=\"true\"><\/span>\t\t\t<\/div>\n\n\t\t\t<div class=\"textwidget\">\n\t\t\t\t\n\t\t\t\t\t\t\t\t\t<h5 class=\"sow-features-feature-title\">\n\t\t\t\t\t\tProcurez une exp\u00e9rience utilisateur exceptionnelle\t\t\t\t\t<\/h5>\n\t\t\t\t\n\t\t\t\t\t\t\t\t\t<div class=\"sow-features-feature-text\">\n\t\t\t\t\t<p>Permettez aux gens de faire les choses \u00e0 leur mani\u00e8re et en utilisant l'appareil de leur choix. Notre solution de portail vous permet de guider les utilisateurs tout au long du processus de candidature, en plus d\u2019\u00eatre accessible aux personnes handicap\u00e9es.<\/p>\n\t\t\t\t\t<\/div>\n\t\t\t\t\t\t\t\t<\/div>\n\t\t\t\t\t\t\t\t<\/li>\n\n\t\t\t<li\n\t\t\tclass=\"sow-features-feature sow-icon-container-position-top\"\n\t\t\tstyle=\"display: flex; flex-direction: column; width: calc(50% - 25px);\"\n\t\t>\n\t\t\t\n\t\t\t\t\t\t<div\t\t\t\tclass=\"sow-icon-container sow-container-none\"\n\t\t\t\tstyle=\"color: #404040; \"\n\t\t\t\t\n\t\t\t\t\t\t\t>\n\t\t\t\t<span class=\"sow-icon-icomoon\" data-sow-icon=\"&#xe975;\"\n\t\tstyle=\"font-size: 54px; color: #333333\" \n\t\taria-hidden=\"true\"><\/span>\t\t\t<\/div>\n\n\t\t\t<div class=\"textwidget\">\n\t\t\t\t\n\t\t\t\t\t\t\t\t\t<h5 class=\"sow-features-feature-title\">\n\t\t\t\t\t\tD\u00e9ployez votre portail avec moins de ressources\t\t\t\t\t<\/h5>\n\t\t\t\t\n\t\t\t\t\t\t\t\t\t<div class=\"sow-features-feature-text\">\n\t\t\t\t\t<p>Au lieu de cr\u00e9er votre portail \u00e0 partir de z\u00e9ro, personnalisez nos composants pr\u00e9d\u00e9finis pour vous faire \u00e9conomiser temps et argent. Ou laissez-nous, ou l'un de nos partenaires, le faire pour vous. Dans les deux cas, personnalisez le portail et ajoutez m\u00eame des fonctionnalit\u00e9s personnalis\u00e9es pour r\u00e9pondre \u00e0 vos besoins.<\/p>\n\t\t\t\t\t<\/div>\n\t\t\t\t\t\t\t\t<\/div>\n\t\t\t\t\t\t\t\t<\/li>\n\n\t<\/ul>\n<\/div><\/div><\/div><\/div><\/div><\/div><div id=\"pg-366-2\"  class=\"panel-grid panel-has-style\" ><div class=\"siteorigin-panels-stretch panel-row-style panel-row-style-for-366-2\" id=\"clients\" data-stretch-type=\"full\" ><div id=\"pgc-366-2-0\"  class=\"panel-grid-cell\" ><div id=\"panel-366-2-0-0\" class=\"so-panel widget widget_sow-headline panel-first-child panel-last-child\" data-index=\"4\" ><div\n\t\t\t\n\t\t\tclass=\"so-widget-sow-headline so-widget-sow-headline-default-dfa0bc55d1d2-366\"\n\t\t\t\n\t\t><div class=\"sow-headline-container \">\n\t\t\t\t\t\t\t<h1 class=\"sow-headline\">\n\t\t\t\t\t\t\u201cMerci encore pour tout le travail que vous et votre \u00e9quipe faites. Le nouveau portail a l'air et fonctionne tellement mieux que le pr\u00e9c\u00e9dent\u201d\t\t\t\t\t\t<\/h1>\n\t\t\t\t\t\t\t\t\t\t\t<div class=\"decoration\">\n\t\t\t\t\t\t<div class=\"decoration-inside\"><\/div>\n\t\t\t\t\t<\/div>\n\t\t\t\t\t<\/div>\n<\/div><\/div><\/div><\/div><\/div><div id=\"pg-366-3\"  class=\"panel-grid panel-has-style\" ><div class=\"siteorigin-panels-stretch panel-row-style panel-row-style-for-366-3\" id=\"work\" data-stretch-type=\"full\" ><div id=\"pgc-366-3-0\"  class=\"panel-grid-cell\" ><div id=\"panel-366-3-0-0\" class=\"so-panel widget widget_sow-headline panel-first-child panel-last-child\" data-index=\"5\" ><div\n\t\t\t\n\t\t\tclass=\"so-widget-sow-headline so-widget-sow-headline-default-289e6261e3b9-366\"\n\t\t\t\n\t\t><div class=\"sow-headline-container \">\n\t\t\t\t\t\t\t<h1 class=\"sow-headline\">\n\t\t\t\t\t\tFONCTIONNALIT\u00c9S\t\t\t\t\t\t<\/h1>\n\t\t\t\t\t\t\t\t\t\t\t<div class=\"decoration\">\n\t\t\t\t\t\t<div class=\"decoration-inside\"><\/div>\n\t\t\t\t\t<\/div>\n\t\t\t\t\t\t\t\t\t\t\t<p class=\"sow-sub-headline\">\n\t\t\t\t\t\tLe PORTAIL CIVIC d\u2019Alphinat pour solutions municipales est livr\u00e9 avec une foule de fonctionnalit\u00e9s pr\u00eates \u00e0 l\u2019emploi qui vous font \u00e9conomiser temps et argent\t\t\t\t\t\t<\/p>\n\t\t\t\t\t\t<\/div>\n<\/div><\/div><\/div><\/div><\/div><div id=\"pg-366-4\"  class=\"panel-grid panel-has-style\" ><div class=\"panel-row-style panel-row-style-for-366-4\" ><div id=\"pgc-366-4-0\"  class=\"panel-grid-cell\" ><div id=\"panel-366-4-0-0\" class=\"so-panel widget widget_sow-editor panel-first-child panel-last-child\" data-index=\"6\" ><div class=\"img-container panel-widget-style panel-widget-style-for-366-4-0-0\" ><div\n\t\t\t\n\t\t\tclass=\"so-widget-sow-editor so-widget-sow-editor-base\"\n\t\t\t\n\t\t>\n<div class=\"siteorigin-widget-tinymce textwidget\">\n\t<p><img decoding=\"async\" class=\"size-full wp-image-378\" src=\"\/fr\/files\/2019\/01\/online-wizard.png\" alt=\"\" width=\"100%\" srcset=\"https:\/\/www.alphinat.com\/fr\/wp-content\/uploads\/sites\/7\/2019\/01\/online-wizard.png 588w, https:\/\/www.alphinat.com\/fr\/wp-content\/uploads\/sites\/7\/2019\/01\/online-wizard-300x174.png 300w\" sizes=\"(max-width: 588px) 100vw, 588px\" \/><\/p>\n<p>Assistant en ligne qui connecte rapidement les citoyens et les entreprises aux permis et aux licences dont ils ont besoin<\/p>\n<\/div>\n<\/div><\/div><\/div><\/div><div id=\"pgc-366-4-1\"  class=\"panel-grid-cell\" ><div id=\"panel-366-4-1-0\" class=\"so-panel widget widget_sow-editor panel-first-child panel-last-child\" data-index=\"7\" ><div class=\"img-container panel-widget-style panel-widget-style-for-366-4-1-0\" ><div\n\t\t\t\n\t\t\tclass=\"so-widget-sow-editor so-widget-sow-editor-base\"\n\t\t\t\n\t\t>\n<div class=\"siteorigin-widget-tinymce textwidget\">\n\t<p><img decoding=\"async\" class=\"size-full wp-image-379\" src=\"\/fr\/files\/2019\/01\/advanced-options.png\" alt=\"\" width=\"100%\" srcset=\"https:\/\/www.alphinat.com\/fr\/wp-content\/uploads\/sites\/7\/2019\/01\/advanced-options.png 588w, https:\/\/www.alphinat.com\/fr\/wp-content\/uploads\/sites\/7\/2019\/01\/advanced-options-300x174.png 300w\" sizes=\"(max-width: 588px) 100vw, 588px\" \/><\/p>\n<p>Options d'acc\u00e8s rapide pour les utilisateurs avanc\u00e9s qui ne n\u00e9cessitent pas d'appels au \"back-office\"<\/p>\n<\/div>\n<\/div><\/div><\/div><\/div><\/div><\/div><div id=\"pg-366-5\"  class=\"panel-grid panel-has-style\" ><div class=\"panel-row-style panel-row-style-for-366-5\" ><div id=\"pgc-366-5-0\"  class=\"panel-grid-cell\" ><div id=\"panel-366-5-0-0\" class=\"so-panel widget widget_sow-editor panel-first-child panel-last-child\" data-index=\"8\" ><div class=\"img-container panel-widget-style panel-widget-style-for-366-5-0-0\" ><div\n\t\t\t\n\t\t\tclass=\"so-widget-sow-editor so-widget-sow-editor-base\"\n\t\t\t\n\t\t>\n<div class=\"siteorigin-widget-tinymce textwidget\">\n\t<p><img decoding=\"async\" src=\"\/fr\/files\/2019\/01\/login.png\" alt=\"\" width=\"100%\" class=\"size-full wp-image-380\" srcset=\"https:\/\/www.alphinat.com\/fr\/wp-content\/uploads\/sites\/7\/2019\/01\/login.png 589w, https:\/\/www.alphinat.com\/fr\/wp-content\/uploads\/sites\/7\/2019\/01\/login-300x174.png 300w\" sizes=\"(max-width: 589px) 100vw, 589px\" \/><\/p>\n<p>Flux de connexion complet, y compris les fonctionnalit\u00e9s <em> M\u00e9moriser mes informations <\/em>, <em> Mot de passe oubli\u00e9 <\/em> et <em> Google reCAPTCHA <\/em><\/p>\n<\/div>\n<\/div><\/div><\/div><\/div><div id=\"pgc-366-5-1\"  class=\"panel-grid-cell\" ><div id=\"panel-366-5-1-0\" class=\"so-panel widget widget_sow-editor panel-first-child panel-last-child\" data-index=\"9\" ><div class=\"img-container panel-widget-style panel-widget-style-for-366-5-1-0\" ><div\n\t\t\t\n\t\t\tclass=\"so-widget-sow-editor so-widget-sow-editor-base\"\n\t\t\t\n\t\t>\n<div class=\"siteorigin-widget-tinymce textwidget\">\n\t<p><img decoding=\"async\" src=\"\/fr\/files\/2019\/01\/create-account.png\" alt=\"\" width=\"100%\" class=\"size-full wp-image-381\" srcset=\"https:\/\/www.alphinat.com\/fr\/wp-content\/uploads\/sites\/7\/2019\/01\/create-account.png 589w, https:\/\/www.alphinat.com\/fr\/wp-content\/uploads\/sites\/7\/2019\/01\/create-account-300x174.png 300w\" sizes=\"(max-width: 589px) 100vw, 589px\" \/><\/p>\n<p>Cr\u00e9ation de comptes en libre-service pour des particuliers et des organisations, y compris l'authentification \u00e0 deux facteurs<\/p>\n<\/div>\n<\/div><\/div><\/div><\/div><\/div><\/div><div id=\"pg-366-6\"  class=\"panel-grid panel-has-style\" ><div class=\"siteorigin-panels-stretch panel-row-style panel-row-style-for-366-6\" id=\"work\" data-stretch-type=\"full\" ><div id=\"pgc-366-6-0\"  class=\"panel-grid-cell\" ><div id=\"panel-366-6-0-0\" class=\"so-panel widget widget_sow-headline panel-first-child panel-last-child\" data-index=\"10\" ><div\n\t\t\t\n\t\t\tclass=\"so-widget-sow-headline so-widget-sow-headline-default-289e6261e3b9-366\"\n\t\t\t\n\t\t><div class=\"sow-headline-container \">\n\t\t\t\t\t\t\t<h1 class=\"sow-headline\">\n\t\t\t\t\t\tet beaucoup plus...\t\t\t\t\t\t<\/h1>\n\t\t\t\t\t\t\t\t\t\t\t<div class=\"decoration\">\n\t\t\t\t\t\t<div class=\"decoration-inside\"><\/div>\n\t\t\t\t\t<\/div>\n\t\t\t\t\t<\/div>\n<\/div><\/div><\/div><\/div><\/div><div id=\"pg-366-7\"  class=\"panel-grid panel-has-style\" ><div class=\"panel-row-style panel-row-style-for-366-7\" ><div id=\"pgc-366-7-0\"  class=\"panel-grid-cell\" ><div id=\"panel-366-7-0-0\" class=\"so-panel widget widget_origin_list panel-first-child panel-last-child\" data-index=\"11\" ><div class=\"origin-widget origin-widget-list origin-widget-list-simple-charcoal\"><ul>\n<li> Fonctionnalit\u00e9 de saisie semi-automatique des adresses utilisant les donn\u00e9es stock\u00e9es dans le \"back-office\"<\/li>\n<li> Interface flexible pour tout type de permis et de licence. R\u00e9utilisez les m\u00eames interfaces pour plusieurs types ou cr\u00e9ez une exp\u00e9rience frontale personnalis\u00e9e pour tout type de permis et de licence<\/li>\n<li> Possibilit\u00e9 de cr\u00e9er automatiquement des champs \u00e0 partir de la d\u00e9finition du \"back-office\"<\/li>\n<li> Validations de champs avanc\u00e9es pour garantir des donn\u00e9es de haute qualit\u00e9<\/li>\n<\/ul>\n<\/div><\/div><\/div><div id=\"pgc-366-7-1\"  class=\"panel-grid-cell\" ><div id=\"panel-366-7-1-0\" class=\"so-panel widget widget_origin_list panel-first-child panel-last-child\" data-index=\"12\" ><div class=\"origin-widget origin-widget-list origin-widget-list-simple-charcoal\"><ul>\n<li> Int\u00e9gration imm\u00e9diate avec Moneris, y compris les paiements par carte de cr\u00e9dit et Interac<\/li>\n<li> Tableau de bord s\u00e9curis\u00e9 qui permet aux utilisateurs de v\u00e9rifier le statut de leur application et d'acc\u00e9der aux transactions pass\u00e9es \u00e0 partir de n'importe quel appareil, 24\/7<\/li>\n<li> Gestion des membres de l'organisation, y compris la possibilit\u00e9 d'ajouter des administrateurs, du personnel interne et des agents externes<\/li>\n<\/ul>\n<\/div><\/div><\/div><\/div><\/div><div id=\"pg-366-8\"  class=\"panel-grid panel-has-style\" ><div class=\"panel-row-style panel-row-style-for-366-8\" ><div id=\"pgc-366-8-0\"  class=\"panel-grid-cell\" ><div id=\"panel-366-8-0-0\" class=\"so-panel widget widget_sow-button panel-first-child panel-last-child\" data-index=\"13\" ><div\n\t\t\t\n\t\t\tclass=\"so-widget-sow-button so-widget-sow-button-atom-857739567c6a-366\"\n\t\t\t\n\t\t><div class=\"ow-button-base ow-button-align-center\"\n>\n\t\t\t<a\n\t\t\t\t\thref=\"\/mt\/fr\/requete-demo\"\n\t\t\t\t\tclass=\"sowb-button ow-icon-placement-left ow-button-hover\" \t>\n\t\t<span>\n\t\t\t<span class=\"sow-icon-fontawesome sow-far\" data-sow-icon=\"&#xf274;\"\n\t\tstyle=\"\" \n\t\taria-hidden=\"true\"><\/span>\n\t\t\tPlanifiez une d\u00e9mo\t\t<\/span>\n\t\t\t<\/a>\n\t<\/div>\n<\/div><\/div><\/div><\/div><\/div><\/div>","protected":false},"excerpt":{"rendered":"<p>PORTAIL CIVIQUE POUR SOLUTIONS MUNICIPALES Un portail responsive et accessible pr\u00eat \u00e0 l&#8217;emploi<\/p>\n","protected":false},"author":1,"featured_media":0,"parent":300,"menu_order":0,"comment_status":"closed","ping_status":"closed","template":"landing-page.php","meta":{"footnotes":""},"_links":{"self":[{"href":"https:\/\/www.alphinat.com\/fr\/wp-json\/wp\/v2\/pages\/366"}],"collection":[{"href":"https:\/\/www.alphinat.com\/fr\/wp-json\/wp\/v2\/pages"}],"about":[{"href":"https:\/\/www.alphinat.com\/fr\/wp-json\/wp\/v2\/types\/page"}],"author":[{"embeddable":true,"href":"https:\/\/www.alphinat.com\/fr\/wp-json\/wp\/v2\/users\/1"}],"replies":[{"embeddable":true,"href":"https:\/\/www.alphinat.com\/fr\/wp-json\/wp\/v2\/comments?post=366"}],"version-history":[{"count":22,"href":"https:\/\/www.alphinat.com\/fr\/wp-json\/wp\/v2\/pages\/366\/revisions"}],"predecessor-version":[{"id":1289,"href":"https:\/\/www.alphinat.com\/fr\/wp-json\/wp\/v2\/pages\/366\/revisions\/1289"}],"up":[{"embeddable":true,"href":"https:\/\/www.alphinat.com\/fr\/wp-json\/wp\/v2\/pages\/300"}],"wp:attachment":[{"href":"https:\/\/www.alphinat.com\/fr\/wp-json\/wp\/v2\/media?parent=366"}],"curies":[{"name":"wp","href":"https:\/\/api.w.org\/{rel}","templated":true}]}}