

{"id":478,"date":"2019-01-17T11:29:30","date_gmt":"2019-01-17T16:29:30","guid":{"rendered":"http:\/\/localhost\/en\/?page_id=478"},"modified":"2024-03-19T16:07:33","modified_gmt":"2024-03-19T20:07:33","slug":"portail-dynamics","status":"publish","type":"page","link":"https:\/\/www.alphinat.com\/fr\/solutions\/portail-dynamics\/","title":{"rendered":"Portail pour Dynamics 365"},"content":{"rendered":"<div id=\"pl-gb478-69f3f253d9e15\"  class=\"panel-layout\" ><div id=\"pg-gb478-69f3f253d9e15-0\"  class=\"panel-grid panel-has-style\" ><div class=\"siteorigin-panels-stretch panel-row-style panel-row-style-for-gb478-69f3f253d9e15-0\" data-stretch-type=\"full-width-stretch\" ><div id=\"pgc-gb478-69f3f253d9e15-0-0\"  class=\"panel-grid-cell\" ><div id=\"panel-gb478-69f3f253d9e15-0-0-0\" class=\"so-panel widget widget_sow-hero panel-first-child panel-last-child\" data-index=\"0\" ><div\n\t\t\t\n\t\t\tclass=\"so-widget-sow-hero so-widget-sow-hero-default-a4fb07084f25-478 so-widget-fittext-wrapper\"\n\t\t\t data-fit-text-compressor=\"0.85\"\n\t\t>\t\t\t\t<div class=\"sow-slider-base\" style=\"display: none\" tabindex=\"0\">\n\t\t\t\t\t<ul\n\t\t\t\t\tclass=\"sow-slider-images\"\n\t\t\t\t\tdata-settings=\"{&quot;pagination&quot;:true,&quot;speed&quot;:800,&quot;timeout&quot;:8000,&quot;paused&quot;:false,&quot;pause_on_hover&quot;:false,&quot;swipe&quot;:true,&quot;nav_always_show_desktop&quot;:&quot;&quot;,&quot;nav_always_show_mobile&quot;:&quot;&quot;,&quot;breakpoint&quot;:&quot;780px&quot;,&quot;unmute&quot;:false,&quot;anchor&quot;:null}\"\n\t\t\t\t\t\t\t\t\t\tdata-anchor-id=\"\"\n\t\t\t\t>\t\t<li class=\"sow-slider-image  sow-slider-image-cover\" style=\"visibility: visible;;background-color: #333333\" >\n\t\t\t\t\t<div class=\"sow-slider-image-container\">\n\t\t\t<div class=\"sow-slider-image-wrapper\">\n\t\t\t\t<h1 style=\"text-align: center;max-width: 700px;margin: 0 auto 20px\">Votre portail client Dynamics 365, jusqu&#8217;\u00e0 90% plus rapide<\/h1>\n<p style=\"text-align: center;max-width: 760px;line-height: 200%;margin: 0 auto\">SmartPortal pour Dynamics 365 est un portail responsif et accessible pr\u00eat \u00e0 l&#8217;emploi, qui exploite vos donn\u00e9es et fonctionnalit\u00e9s CRM sans codage.<\/p>\n<div class=\"sow-hero-buttons\" style=\"text-align: center\"><div\n\t\t\t\n\t\t\tclass=\"so-widget-sow-button so-widget-sow-button-atom-f54c0409268f\"\n\t\t\t\n\t\t><div class=\"ow-button-base ow-button-align-center\"\n>\n\t\t\t<a\n\t\t\t\t\thref=\"\/mt\/fr\/requete-demo\"\n\t\t\t\t\tclass=\"sowb-button ow-icon-placement-left ow-button-hover\" \t>\n\t\t<span>\n\t\t\t\n\t\t\tPlanifiez une d\u00e9mo\t\t<\/span>\n\t\t\t<\/a>\n\t<\/div>\n<\/div><\/div>\n\t\t\t<\/div>\n\t\t<\/div>\n\t\t<div class=\"sow-slider-image-overlay sow-slider-image-cover\" style=\"opacity: 0.5;background-image: url(https:\/\/www.alphinat.com\/fr\/wp-content\/uploads\/sites\/7\/2019\/03\/analytics-3265840_1280.jpg)\"  ><\/div>\t\t<\/li>\n\t\t<\/ul>\t\t\t\t<ol class=\"sow-slider-pagination\">\n\t\t\t\t\t\t\t\t\t\t\t<li><a href=\"#\" data-goto=\"0\" aria-label=\"Display slide 1\"><\/a><\/li>\n\t\t\t\t\t\t\t\t\t<\/ol>\n\n\t\t\t\t<div class=\"sow-slide-nav sow-slide-nav-next\">\n\t\t\t\t\t<a href=\"#\" data-goto=\"next\" aria-label=\"Next slide\" data-action=\"next\">\n\t\t\t\t\t\t<em class=\"sow-sld-icon-thin-right\"><\/em>\n\t\t\t\t\t<\/a>\n\t\t\t\t<\/div>\n\n\t\t\t\t<div class=\"sow-slide-nav sow-slide-nav-prev\">\n\t\t\t\t\t<a href=\"#\" data-goto=\"previous\" aria-label=\"Previous slide\" data-action=\"prev\">\n\t\t\t\t\t\t<em class=\"sow-sld-icon-thin-left\"><\/em>\n\t\t\t\t\t<\/a>\n\t\t\t\t<\/div>\n\t\t\t\t<\/div><\/div><\/div><\/div><\/div><\/div><\/div>\n\n<div id=\"pl-gb478-69f3f253dad05\"  class=\"panel-layout\" ><div id=\"pg-gb478-69f3f253dad05-0\"  class=\"panel-grid panel-has-style\" ><div class=\"panel-row-style panel-row-style-for-gb478-69f3f253dad05-0\" ><div id=\"pgc-gb478-69f3f253dad05-0-0\"  class=\"panel-grid-cell\" ><div id=\"panel-gb478-69f3f253dad05-0-0-0\" class=\"so-panel widget widget_sow-headline panel-first-child\" data-index=\"0\" ><div\n\t\t\t\n\t\t\tclass=\"so-widget-sow-headline so-widget-sow-headline-default-1d1750db748d-478\"\n\t\t\t\n\t\t><div class=\"sow-headline-container \">\n\t\t\t\t\t\t\t<h1 class=\"sow-headline\">\n\t\t\t\t\t\tAVANTAGES\t\t\t\t\t\t<\/h1>\n\t\t\t\t\t\t\t\t\t\t\t<div class=\"decoration\">\n\t\t\t\t\t\t<div class=\"decoration-inside\"><\/div>\n\t\t\t\t\t<\/div>\n\t\t\t\t\t\t\t\t\t\t\t<p class=\"sow-sub-headline\">\n\t\t\t\t\t\tCr\u00e9ez facilement des portails clients enti\u00e8rement personnalis\u00e9s bas\u00e9s sur Dynamics 365, que vous d\u00e9ployiez sur vos installations ou dans le Cloud.\t\t\t\t\t\t<\/p>\n\t\t\t\t\t\t<\/div>\n<\/div><\/div><div id=\"panel-gb478-69f3f253dad05-0-0-1\" class=\"so-panel widget widget_sow-features panel-last-child\" data-index=\"1\" ><div\n\t\t\t\n\t\t\tclass=\"so-widget-sow-features so-widget-sow-features-default-685524fc2801-478\"\n\t\t\t\n\t\t><ul\n\tclass=\"sow-features-list\n\tsow-features-responsive\">\n\n\t\t\t<li\n\t\t\tclass=\"sow-features-feature sow-icon-container-position-top\"\n\t\t\tstyle=\"display: flex; flex-direction: column; width: calc(33.333% - 25px);\"\n\t\t>\n\t\t\t\n\t\t\t\t\t\t<div\t\t\t\tclass=\"sow-icon-container sow-container-none\"\n\t\t\t\tstyle=\"color: #404040; \"\n\t\t\t\ttitle=\"Construisez votre portail jusqu&#039;\u00e0 90% plus rapidement\"\n\t\t\t\t\t\t\t>\n\t\t\t\t<span class=\"sow-icon-icomoon\" data-sow-icon=\"&#xe9b5;\"\n\t\tstyle=\"font-size: 54px; color: #000000\" \n\t\taria-hidden=\"true\"><\/span>\t\t\t<\/div>\n\n\t\t\t<div class=\"textwidget\">\n\t\t\t\t\n\t\t\t\t\t\t\t\t\t<h5 class=\"sow-features-feature-title\">\n\t\t\t\t\t\tConstruisez votre portail jusqu&#8217;\u00e0 90% plus rapidement\t\t\t\t\t<\/h5>\n\t\t\t\t\n\t\t\t\t\t\t\t\t\t<div class=\"sow-features-feature-text\">\n\t\t\t\t\t<p>Automatisez l&#8217;int\u00e9gration technique \u00e0 l&#8217;aide des extensions SmartPortal pour Dynamics 365. Celles-ci cr\u00e9eront automatiquement des connexions bidirectionnelles pouvant \u00eatre utilis\u00e9es par des personnes non techniques pour assembler visuellement un portail enti\u00e8rement int\u00e9gr\u00e9 dans un environnement WYSIWYG.<\/p>\n\t\t\t\t\t<\/div>\n\t\t\t\t\t\t\t\t<\/div>\n\t\t\t\t\t\t\t\t<\/li>\n\n\t\t\t<li\n\t\t\tclass=\"sow-features-feature sow-icon-container-position-top\"\n\t\t\tstyle=\"display: flex; flex-direction: column; width: calc(33.333% - 25px);\"\n\t\t>\n\t\t\t\n\t\t\t\t\t\t<div\t\t\t\tclass=\"sow-icon-container sow-container-none\"\n\t\t\t\tstyle=\"color: #404040; \"\n\t\t\t\ttitle=\"Procurez une exp\u00e9rience utilisateur exceptionnelle\"\n\t\t\t\t\t\t\t>\n\t\t\t\t<span class=\"sow-icon-icomoon\" data-sow-icon=\"&#xe9df;\"\n\t\tstyle=\"font-size: 54px; color: #000000\" \n\t\taria-hidden=\"true\"><\/span>\t\t\t<\/div>\n\n\t\t\t<div class=\"textwidget\">\n\t\t\t\t\n\t\t\t\t\t\t\t\t\t<h5 class=\"sow-features-feature-title\">\n\t\t\t\t\t\tProcurez une exp\u00e9rience utilisateur exceptionnelle\t\t\t\t\t<\/h5>\n\t\t\t\t\n\t\t\t\t\t\t\t\t\t<div class=\"sow-features-feature-text\">\n\t\t\t\t\t<p>Donnez aux personnes les moyens d\u2019accomplir des t\u00e2ches en utilisant le p\u00e9riph\u00e9rique de leur choix. SmartPortal pour Dynamics 365 fournit une conformit\u00e9 imm\u00e9diate avec les directives d&#8217;accessibilit\u00e9 ainsi que des mod\u00e8les de pr\u00e9sentation responsif pr\u00eats pour la production.<\/p>\n\t\t\t\t\t<\/div>\n\t\t\t\t\t\t\t\t<\/div>\n\t\t\t\t\t\t\t\t<\/li>\n\n\t\t\t<li\n\t\t\tclass=\"sow-features-feature sow-icon-container-position-top\"\n\t\t\tstyle=\"display: flex; flex-direction: column; width: calc(33.333% - 25px);\"\n\t\t>\n\t\t\t\n\t\t\t\t\t\t<div\t\t\t\tclass=\"sow-icon-container sow-container-none\"\n\t\t\t\tstyle=\"color: #404040; \"\n\t\t\t\ttitle=\"Facilit\u00e9 d&#039;int\u00e9gration avec d&#039;autres syst\u00e8mes\"\n\t\t\t\t\t\t\t>\n\t\t\t\t<span class=\"sow-icon-icomoon\" data-sow-icon=\"&#xea82;\"\n\t\tstyle=\"font-size: 54px; color: #000000\" \n\t\taria-hidden=\"true\"><\/span>\t\t\t<\/div>\n\n\t\t\t<div class=\"textwidget\">\n\t\t\t\t\n\t\t\t\t\t\t\t\t\t<h5 class=\"sow-features-feature-title\">\n\t\t\t\t\t\tFacilit\u00e9 d&#8217;int\u00e9gration avec d&#8217;autres syst\u00e8mes\t\t\t\t\t<\/h5>\n\t\t\t\t\n\t\t\t\t\t\t\t\t\t<div class=\"sow-features-feature-text\">\n\t\t\t\t\t<p>Connectez-vous de mani\u00e8re transparente \u00e0 d&#8217;autres syst\u00e8mes dorsaux \u00e0 l&#8217;aide de services Web SOAP et REST (y compris OData) ou \u00e0 l&#8217;aide d&#8217;une puissante API .NET ou Java. Pour plus de commodit\u00e9, permettez aux utilisateurs finaux d&#8217;acc\u00e9der \u00e0 ces diff\u00e9rents syst\u00e8mes en utilisant une connexion unique.<\/p>\n\t\t\t\t\t<\/div>\n\t\t\t\t\t\t\t\t<\/div>\n\t\t\t\t\t\t\t\t<\/li>\n\n\t<\/ul>\n<\/div><\/div><\/div><\/div><\/div><\/div>\n\n<div id=\"pl-gb478-69f3f253dc02f\"  class=\"panel-layout\" ><div id=\"pg-gb478-69f3f253dc02f-0\"  class=\"panel-grid panel-has-style\" ><div class=\"siteorigin-panels-stretch panel-row-style panel-row-style-for-gb478-69f3f253dc02f-0\" data-stretch-type=\"full\" ><div id=\"pgc-gb478-69f3f253dc02f-0-0\"  class=\"panel-grid-cell\" ><div id=\"panel-gb478-69f3f253dc02f-0-0-0\" class=\"so-panel widget widget_sow-headline panel-first-child panel-last-child\" data-index=\"0\" ><div\n\t\t\t\n\t\t\tclass=\"so-widget-sow-headline so-widget-sow-headline-default-3e83c8b2f449-478\"\n\t\t\t\n\t\t><div class=\"sow-headline-container \">\n\t\t\t\t\t\t\t<h2 class=\"sow-headline\">\n\t\t\t\t\t\t\u00abSmartPortal pour Dynamics 365 offre une productivit\u00e9 de 50% \u00e0 90% sup\u00e9rieure \u00e0 celle de la base de Dynamics Portal ou d&#8217;Adobe Experience Manager\u00bb\t\t\t\t\t\t<\/h2>\n\t\t\t\t\t\t<\/div>\n<\/div><\/div><\/div><\/div><\/div><\/div>\n\n<div id=\"pl-gb478-69f3f253dc85b\"  class=\"panel-layout\" ><div id=\"pg-gb478-69f3f253dc85b-0\"  class=\"panel-grid panel-has-style\" ><div class=\"panel-row-style panel-row-style-for-gb478-69f3f253dc85b-0\" ><div id=\"pgc-gb478-69f3f253dc85b-0-0\"  class=\"panel-grid-cell\" ><div id=\"panel-gb478-69f3f253dc85b-0-0-0\" class=\"so-panel widget widget_sow-headline panel-first-child panel-last-child\" data-index=\"0\" ><div\n\t\t\t\n\t\t\tclass=\"so-widget-sow-headline so-widget-sow-headline-default-1d1750db748d-478\"\n\t\t\t\n\t\t><div class=\"sow-headline-container \">\n\t\t\t\t\t\t\t<h1 class=\"sow-headline\">\n\t\t\t\t\t\tFONCTIONNALIT\u00c9S\t\t\t\t\t\t<\/h1>\n\t\t\t\t\t\t\t\t\t\t\t<div class=\"decoration\">\n\t\t\t\t\t\t<div class=\"decoration-inside\"><\/div>\n\t\t\t\t\t<\/div>\n\t\t\t\t\t\t\t\t\t\t\t<p class=\"sow-sub-headline\">\n\t\t\t\t\t\t SmartPortal pour Dynamics 365 contient un large \u00e9ventail de fonctionnalit\u00e9s qui peuvent vous aider \u00e0 r\u00e9duire consid\u00e9rablement les d\u00e9lais de livraison de votre portail.\t\t\t\t\t\t<\/p>\n\t\t\t\t\t\t<\/div>\n<\/div><\/div><\/div><\/div><\/div><div id=\"pg-gb478-69f3f253dc85b-1\"  class=\"panel-grid panel-has-style\" ><div class=\"features panel-row-style panel-row-style-for-gb478-69f3f253dc85b-1\" ><div id=\"pgc-gb478-69f3f253dc85b-1-0\"  class=\"panel-grid-cell\" ><div id=\"panel-gb478-69f3f253dc85b-1-0-0\" class=\"so-panel widget widget_media_image panel-first-child panel-last-child\" data-index=\"1\" ><img fetchpriority=\"high\" decoding=\"async\" width=\"539\" height=\"300\" src=\"https:\/\/www.alphinat.com\/fr\/wp-content\/uploads\/sites\/7\/2019\/03\/auto-create-fields-and-connections.png\" class=\"image wp-image-858  attachment-full size-full\" alt=\"\" style=\"max-width: 100%; height: auto;\" srcset=\"https:\/\/www.alphinat.com\/fr\/wp-content\/uploads\/sites\/7\/2019\/03\/auto-create-fields-and-connections.png 539w, https:\/\/www.alphinat.com\/fr\/wp-content\/uploads\/sites\/7\/2019\/03\/auto-create-fields-and-connections-300x167.png 300w\" sizes=\"(max-width: 539px) 100vw, 539px\" \/><\/div><\/div><div id=\"pgc-gb478-69f3f253dc85b-1-1\"  class=\"panel-grid-cell\" ><div id=\"panel-gb478-69f3f253dc85b-1-1-0\" class=\"so-panel widget widget_sow-editor panel-first-child panel-last-child\" data-index=\"2\" ><div\n\t\t\t\n\t\t\tclass=\"so-widget-sow-editor so-widget-sow-editor-base\"\n\t\t\t\n\t\t>\n<div class=\"siteorigin-widget-tinymce textwidget\">\n\t<h4>Cr\u00e9ation automatique de champs<\/h4>\n<h3>Cr\u00e9ez automatiquement des champs et des connexions<\/h3>\n<p>Un ensemble complet d&#8217;outils permet d&#8217;exposer et de cr\u00e9er automatiquement toutes les biblioth\u00e8ques et les connexions RESTful n\u00e9cessaires \u00e0 la gestion des interactions entre le portail et le back-office. De plus, les biblioth\u00e8ques et les connexions sont automatiquement mises \u00e0 jour lorsque des modifications sont apport\u00e9es au back-office.<\/p>\n<\/div>\n<\/div><\/div><\/div><\/div><\/div><div id=\"pg-gb478-69f3f253dc85b-2\"  class=\"panel-grid panel-has-style\" ><div class=\"features panel-row-style panel-row-style-for-gb478-69f3f253dc85b-2\" ><div id=\"pgc-gb478-69f3f253dc85b-2-0\"  class=\"panel-grid-cell\" ><div id=\"panel-gb478-69f3f253dc85b-2-0-0\" class=\"so-panel widget widget_sow-editor panel-first-child panel-last-child\" data-index=\"3\" ><div\n\t\t\t\n\t\t\tclass=\"so-widget-sow-editor so-widget-sow-editor-base\"\n\t\t\t\n\t\t>\n<div class=\"siteorigin-widget-tinymce textwidget\">\n\t<h4>Facilit\u00e9 de d\u00e9veloppement<\/h4>\n<h3>D\u00e9mocratisez le d\u00e9veloppement de votre portail<\/h3>\n<p>SmartPortal pour Dynamics 365 permet d\u2019utiliser les biblioth\u00e8ques et les connexions expos\u00e9es pour assembler le portail client sans codage. Cela ouvre le processus de d\u00e9veloppement \u00e0 un tout nouveau public, permettant aux experts en la mati\u00e8re de cr\u00e9er visuellement la logique d&#8217;affaire de l&#8217;application dans un environnement WYSIWYG.<\/p>\n<\/div>\n<\/div><\/div><\/div><div id=\"pgc-gb478-69f3f253dc85b-2-1\"  class=\"panel-grid-cell\" ><div id=\"panel-gb478-69f3f253dc85b-2-1-0\" class=\"so-panel widget widget_media_image panel-first-child panel-last-child\" data-index=\"4\" ><img decoding=\"async\" width=\"540\" height=\"280\" src=\"https:\/\/www.alphinat.com\/fr\/wp-content\/uploads\/sites\/7\/2019\/03\/ease-of-development.png\" class=\"image wp-image-859  attachment-full size-full\" alt=\"\" style=\"max-width: 100%; height: auto;\" srcset=\"https:\/\/www.alphinat.com\/fr\/wp-content\/uploads\/sites\/7\/2019\/03\/ease-of-development.png 540w, https:\/\/www.alphinat.com\/fr\/wp-content\/uploads\/sites\/7\/2019\/03\/ease-of-development-300x156.png 300w\" sizes=\"(max-width: 540px) 100vw, 540px\" \/><\/div><\/div><\/div><\/div><div id=\"pg-gb478-69f3f253dc85b-3\"  class=\"panel-grid panel-has-style\" ><div class=\"features panel-row-style panel-row-style-for-gb478-69f3f253dc85b-3\" ><div id=\"pgc-gb478-69f3f253dc85b-3-0\"  class=\"panel-grid-cell\" ><div id=\"panel-gb478-69f3f253dc85b-3-0-0\" class=\"so-panel widget widget_media_image panel-first-child panel-last-child\" data-index=\"5\" ><img decoding=\"async\" width=\"450\" height=\"245\" src=\"https:\/\/www.alphinat.com\/fr\/wp-content\/uploads\/sites\/7\/2019\/03\/flexible-deployment-options.png\" class=\"image wp-image-861  attachment-full size-full\" alt=\"\" style=\"max-width: 100%; height: auto;\" srcset=\"https:\/\/www.alphinat.com\/fr\/wp-content\/uploads\/sites\/7\/2019\/03\/flexible-deployment-options.png 450w, https:\/\/www.alphinat.com\/fr\/wp-content\/uploads\/sites\/7\/2019\/03\/flexible-deployment-options-300x163.png 300w\" sizes=\"(max-width: 450px) 100vw, 450px\" \/><\/div><\/div><div id=\"pgc-gb478-69f3f253dc85b-3-1\"  class=\"panel-grid-cell\" ><div id=\"panel-gb478-69f3f253dc85b-3-1-0\" class=\"so-panel widget widget_sow-editor panel-first-child panel-last-child\" data-index=\"6\" ><div\n\t\t\t\n\t\t\tclass=\"so-widget-sow-editor so-widget-sow-editor-base\"\n\t\t\t\n\t\t>\n<div class=\"siteorigin-widget-tinymce textwidget\">\n\t<h4>Options de d\u00e9ploiement flexibles<\/h4>\n<h3>\u00c9tendez le portail de base ou construisez le v\u00f4tre<\/h3>\n<p>Vous pouvez exposer vos services \u00e9lectroniques directement dans le portail de base ou les int\u00e9grer \u00e0 votre portail existant .NET ou Java (SiteCore, Kentico, WebSphere Portal, Oracle, n\u2019importe quel site .NET ou Java) et les ex\u00e9cuter en mode autonome, directement \u00e0 partir de <a href=\"\/fr\/plateforme-low-code\/\"> SmartGuide <\/a>.<\/p>\n<\/div>\n<\/div><\/div><\/div><\/div><\/div><div id=\"pg-gb478-69f3f253dc85b-4\"  class=\"panel-grid panel-has-style\" ><div class=\"features panel-row-style panel-row-style-for-gb478-69f3f253dc85b-4\" ><div id=\"pgc-gb478-69f3f253dc85b-4-0\"  class=\"panel-grid-cell\" ><div id=\"panel-gb478-69f3f253dc85b-4-0-0\" class=\"so-panel widget widget_sow-editor panel-first-child panel-last-child\" data-index=\"7\" ><div\n\t\t\t\n\t\t\tclass=\"so-widget-sow-editor so-widget-sow-editor-base\"\n\t\t\t\n\t\t>\n<div class=\"siteorigin-widget-tinymce textwidget\">\n\t<h4>Support multi-organisation<\/h4>\n<h3>Int\u00e9gration simple aux syst\u00e8mes dont vous avez besoin<\/h3>\n<p>SmartPortal pour Dynamics 365 prend en charge plusieurs organisations et s&#8217;int\u00e8gre \u00e0 d&#8217;autres syst\u00e8mes CRM, ERP et syst\u00e8mes h\u00e9rit\u00e9s. Pr\u00eates \u00e0 l&#8217;emploi, les extensions CRM vous permettent de travailler avec plusieurs mod\u00e8les d&#8217;organisation CRM sans configuration suppl\u00e9mentaire complexe.<\/p>\n<\/div>\n<\/div><\/div><\/div><div id=\"pgc-gb478-69f3f253dc85b-4-1\"  class=\"panel-grid-cell\" ><div id=\"panel-gb478-69f3f253dc85b-4-1-0\" class=\"so-panel widget widget_media_image panel-first-child panel-last-child\" data-index=\"8\" ><div class=\"panel-widget-style panel-widget-style-for-gb478-69f3f253dc85b-4-1-0\" ><img loading=\"lazy\" decoding=\"async\" width=\"397\" height=\"300\" src=\"https:\/\/www.alphinat.com\/fr\/wp-content\/uploads\/sites\/7\/2019\/03\/muti-organization-support.png\" class=\"image wp-image-864  attachment-full size-full\" alt=\"\" style=\"max-width: 100%; height: auto;\" srcset=\"https:\/\/www.alphinat.com\/fr\/wp-content\/uploads\/sites\/7\/2019\/03\/muti-organization-support.png 397w, https:\/\/www.alphinat.com\/fr\/wp-content\/uploads\/sites\/7\/2019\/03\/muti-organization-support-300x227.png 300w\" sizes=\"(max-width: 397px) 100vw, 397px\" \/><\/div><\/div><\/div><\/div><\/div><div id=\"pg-gb478-69f3f253dc85b-5\"  class=\"panel-grid panel-has-style\" ><div class=\"features panel-row-style panel-row-style-for-gb478-69f3f253dc85b-5\" ><div id=\"pgc-gb478-69f3f253dc85b-5-0\"  class=\"panel-grid-cell\" ><div id=\"panel-gb478-69f3f253dc85b-5-0-0\" class=\"so-panel widget widget_media_image panel-first-child panel-last-child\" data-index=\"9\" ><img loading=\"lazy\" decoding=\"async\" width=\"730\" height=\"429\" src=\"https:\/\/www.alphinat.com\/fr\/wp-content\/uploads\/sites\/7\/2019\/03\/responsive-screens-1024x602.png\" class=\"image wp-image-854  attachment-large size-large\" alt=\"\" style=\"max-width: 100%; height: auto;\" srcset=\"https:\/\/www.alphinat.com\/fr\/wp-content\/uploads\/sites\/7\/2019\/03\/responsive-screens-1024x602.png 1024w, https:\/\/www.alphinat.com\/fr\/wp-content\/uploads\/sites\/7\/2019\/03\/responsive-screens-300x176.png 300w, https:\/\/www.alphinat.com\/fr\/wp-content\/uploads\/sites\/7\/2019\/03\/responsive-screens-768x452.png 768w, https:\/\/www.alphinat.com\/fr\/wp-content\/uploads\/sites\/7\/2019\/03\/responsive-screens.png 1500w\" sizes=\"(max-width: 730px) 100vw, 730px\" \/><\/div><\/div><div id=\"pgc-gb478-69f3f253dc85b-5-1\"  class=\"panel-grid-cell\" ><div id=\"panel-gb478-69f3f253dc85b-5-1-0\" class=\"so-panel widget widget_sow-editor panel-first-child panel-last-child\" data-index=\"10\" ><div\n\t\t\t\n\t\t\tclass=\"so-widget-sow-editor so-widget-sow-editor-base\"\n\t\t\t\n\t\t>\n<div class=\"siteorigin-widget-tinymce textwidget\">\n\t<h4>Effort de d\u00e9veloppement unique<\/h4>\n<h3>Construisez une fois, d\u00e9ployez n&#8217;importe o\u00f9<sup>&trade;<\/sup><\/h3>\n<p>Fournissez la couche d&#8217;interaction utilisateur quels que soient les plates-formes et les p\u00e9riph\u00e9riques (ex: ordinateur portable, mobile, etc.) ou le syst\u00e8me sous-jacent impliqu\u00e9 dans le processus. D\u00e9ployez sur n&#8217;importe quel environnement, y compris les environnements Cloud s\u00e9curis\u00e9s, .NET et Java (portail de base uniquement).<\/p>\n<\/div>\n<\/div><\/div><\/div><\/div><\/div><\/div>\n\n<div id=\"pl-gb478-69f3f253de82e\"  class=\"panel-layout\" ><div id=\"pg-gb478-69f3f253de82e-0\"  class=\"panel-grid panel-has-style\" ><div class=\"panel-row-style panel-row-style-for-gb478-69f3f253de82e-0\" ><div id=\"pgc-gb478-69f3f253de82e-0-0\"  class=\"panel-grid-cell\" ><div id=\"panel-gb478-69f3f253de82e-0-0-0\" class=\"so-panel widget widget_sow-headline panel-first-child panel-last-child\" data-index=\"0\" ><div\n\t\t\t\n\t\t\tclass=\"so-widget-sow-headline so-widget-sow-headline-default-1d1750db748d-478\"\n\t\t\t\n\t\t><div class=\"sow-headline-container \">\n\t\t\t\t\t\t\t<h1 class=\"sow-headline\">\n\t\t\t\t\t\tet beaucoup plus&#8230;\t\t\t\t\t\t<\/h1>\n\t\t\t\t\t\t\t\t\t\t\t<div class=\"decoration\">\n\t\t\t\t\t\t<div class=\"decoration-inside\"><\/div>\n\t\t\t\t\t<\/div>\n\t\t\t\t\t<\/div>\n<\/div><\/div><\/div><\/div><\/div><div id=\"pg-gb478-69f3f253de82e-1\"  class=\"panel-grid panel-no-style\" ><div id=\"pgc-gb478-69f3f253de82e-1-0\"  class=\"panel-grid-cell\" ><div id=\"panel-gb478-69f3f253de82e-1-0-0\" class=\"so-panel widget widget_origin_list panel-first-child panel-last-child\" data-index=\"1\" ><div class=\"origin-widget origin-widget-list origin-widget-list-simple-charcoal\"><ul>\n<li> Validations de champs avanc\u00e9es pour garantir des donn\u00e9es de haute qualit\u00e9<\/li>\n<li> Int\u00e9gration facile avec SharePoint<\/li>\n<li> Facilite les d\u00e9ploiements d&#8217;applications natives ou hybrides<\/li>\n<li> Prend en charge le d\u00e9veloppement sur site et l&#8217;auto-h\u00e9bergement, ainsi que les d\u00e9ploiements dans le cloud<\/li>\n<li> Prend en charge n&#8217;importe quelles langues<\/li>\n<li> Conformit\u00e9 imm\u00e9diate aux directives WCAG 2.0 AA section 508 \/ ADA<\/li>\n<\/ul>\n<\/div><\/div><\/div><div id=\"pgc-gb478-69f3f253de82e-1-1\"  class=\"panel-grid-cell\" ><div id=\"panel-gb478-69f3f253de82e-1-1-0\" class=\"so-panel widget widget_origin_list panel-first-child panel-last-child\" data-index=\"2\" ><div class=\"origin-widget origin-widget-list origin-widget-list-simple-charcoal\"><ul>\n<li> Ajoutez facilement des applications SmartGuide aux pages Dynamics 365<\/li>\n<li> Possibilit\u00e9 de cr\u00e9er automatiquement des champs \u00e0 partir de Dynamics<\/li>\n<li> Prend en charge et \u00e9tend toutes les fonctionnalit\u00e9s de XRM Portal Community Edition<\/li>\n<li> Int\u00e9gration de paiement<\/li>\n<li> Prise en charge compl\u00e8te de l&#8217;ajout d&#8217;un d\u00e9veloppement personnalis\u00e9 c\u00f4t\u00e9 serveur<\/li>\n<li> Grilles responsive avanc\u00e9es pour les grands ensembles de donn\u00e9es (large data sets)<\/li>\n<li> Prise en charge native des op\u00e9rations CRUD<\/li>\n<\/ul>\n<\/div><\/div><\/div><\/div><\/div>\n\n<div id=\"pl-gb478-69f3f253df3c6\"  class=\"panel-layout\" ><div id=\"pg-gb478-69f3f253df3c6-0\"  class=\"panel-grid panel-no-style\" ><div id=\"pgc-gb478-69f3f253df3c6-0-0\"  class=\"panel-grid-cell\" ><div id=\"panel-gb478-69f3f253df3c6-0-0-0\" class=\"so-panel widget widget_sow-editor panel-first-child panel-last-child\" data-index=\"0\" ><div\n\t\t\t\n\t\t\tclass=\"so-widget-sow-editor so-widget-sow-editor-base\"\n\t\t\t\n\t\t>\n<div class=\"siteorigin-widget-tinymce textwidget\">\n\t<h3 style=\"text-align: center;\">Apprenez-en plus avec une d\u00e9mo. <a href=\"\/mt\/fr\/requete-demo\">Planifiez la v\u00f4tre aujourd&#8217;hui<\/a>.<\/h3>\n<\/div>\n<\/div><\/div><\/div><\/div><\/div>","protected":false},"excerpt":{"rendered":"","protected":false},"author":1,"featured_media":0,"parent":23,"menu_order":0,"comment_status":"closed","ping_status":"closed","template":"landing-page.php","meta":{"footnotes":""},"_links":{"self":[{"href":"https:\/\/www.alphinat.com\/fr\/wp-json\/wp\/v2\/pages\/478"}],"collection":[{"href":"https:\/\/www.alphinat.com\/fr\/wp-json\/wp\/v2\/pages"}],"about":[{"href":"https:\/\/www.alphinat.com\/fr\/wp-json\/wp\/v2\/types\/page"}],"author":[{"embeddable":true,"href":"https:\/\/www.alphinat.com\/fr\/wp-json\/wp\/v2\/users\/1"}],"replies":[{"embeddable":true,"href":"https:\/\/www.alphinat.com\/fr\/wp-json\/wp\/v2\/comments?post=478"}],"version-history":[{"count":1,"href":"https:\/\/www.alphinat.com\/fr\/wp-json\/wp\/v2\/pages\/478\/revisions"}],"predecessor-version":[{"id":1927,"href":"https:\/\/www.alphinat.com\/fr\/wp-json\/wp\/v2\/pages\/478\/revisions\/1927"}],"up":[{"embeddable":true,"href":"https:\/\/www.alphinat.com\/fr\/wp-json\/wp\/v2\/pages\/23"}],"wp:attachment":[{"href":"https:\/\/www.alphinat.com\/fr\/wp-json\/wp\/v2\/media?parent=478"}],"curies":[{"name":"wp","href":"https:\/\/api.w.org\/{rel}","templated":true}]}}