

{"id":481,"date":"2019-01-17T11:45:07","date_gmt":"2019-01-17T16:45:07","guid":{"rendered":"http:\/\/localhost\/en\/?page_id=481"},"modified":"2024-03-19T16:08:32","modified_gmt":"2024-03-19T20:08:32","slug":"recherche-guide","status":"publish","type":"page","link":"https:\/\/www.alphinat.com\/fr\/solutions\/recherche-guide\/","title":{"rendered":"Recherche guid\u00e9"},"content":{"rendered":"<div id=\"pl-gb481-69e1a2e332872\"  class=\"panel-layout\" ><div id=\"pg-gb481-69e1a2e332872-0\"  class=\"panel-grid panel-has-style\" ><div class=\"siteorigin-panels-stretch panel-row-style panel-row-style-for-gb481-69e1a2e332872-0\" data-stretch-type=\"full-width-stretch\" ><div id=\"pgc-gb481-69e1a2e332872-0-0\"  class=\"panel-grid-cell\" ><div id=\"panel-gb481-69e1a2e332872-0-0-0\" class=\"so-panel widget widget_sow-hero panel-first-child panel-last-child\" data-index=\"0\" ><div\n\t\t\t\n\t\t\tclass=\"so-widget-sow-hero so-widget-sow-hero-default-861d522684bc-481 so-widget-fittext-wrapper\"\n\t\t\t data-fit-text-compressor=\"0.85\"\n\t\t>\t\t\t\t<div class=\"sow-slider-base\" style=\"display: none\" tabindex=\"0\">\n\t\t\t\t\t<ul\n\t\t\t\t\tclass=\"sow-slider-images\"\n\t\t\t\t\tdata-settings=\"{&quot;pagination&quot;:true,&quot;speed&quot;:800,&quot;timeout&quot;:8000,&quot;paused&quot;:false,&quot;pause_on_hover&quot;:false,&quot;swipe&quot;:true,&quot;nav_always_show_desktop&quot;:&quot;&quot;,&quot;nav_always_show_mobile&quot;:&quot;&quot;,&quot;breakpoint&quot;:&quot;780px&quot;,&quot;unmute&quot;:false,&quot;anchor&quot;:null}\"\n\t\t\t\t\t\t\t\t\t\tdata-anchor-id=\"\"\n\t\t\t\t>\t\t<li class=\"sow-slider-image  sow-slider-image-cover\" style=\"visibility: visible;;background-color: #333333\" >\n\t\t\t\t\t<div class=\"sow-slider-image-container\">\n\t\t\t<div class=\"sow-slider-image-wrapper\">\n\t\t\t\t<h1 style=\"text-align: center;max-width: 600px;margin:0 auto\">Guidez les gens vers des informations 100% pertinentes<\/h1>\n<div class=\"sow-hero-buttons\" style=\"text-align: center\"><div\n\t\t\t\n\t\t\tclass=\"so-widget-sow-button so-widget-sow-button-atom-91b50669a080\"\n\t\t\t\n\t\t><div class=\"ow-button-base ow-button-align-center\"\n>\n\t\t\t<a\n\t\t\t\t\thref=\"\/mt\/fr\/requete-demo\"\n\t\t\t\t\tclass=\"sowb-button ow-icon-placement-left ow-button-hover\" \t>\n\t\t<span>\n\t\t\t\n\t\t\tPlanifiez une d\u00e9mo\t\t<\/span>\n\t\t\t<\/a>\n\t<\/div>\n<\/div><\/div>\t\t\t<\/div>\n\t\t<\/div>\n\t\t<div class=\"sow-slider-image-overlay sow-slider-image-cover\" style=\"opacity: 0.6;background-image: url(https:\/\/www.alphinat.com\/fr\/wp-content\/uploads\/sites\/7\/2019\/02\/guide-through-maze.jpg)\"  ><\/div>\t\t<\/li>\n\t\t<\/ul>\t\t\t\t<ol class=\"sow-slider-pagination\">\n\t\t\t\t\t\t\t\t\t\t\t<li><a href=\"#\" data-goto=\"0\" aria-label=\"Display slide 1\"><\/a><\/li>\n\t\t\t\t\t\t\t\t\t<\/ol>\n\n\t\t\t\t<div class=\"sow-slide-nav sow-slide-nav-next\">\n\t\t\t\t\t<a href=\"#\" data-goto=\"next\" aria-label=\"Next slide\" data-action=\"next\">\n\t\t\t\t\t\t<em class=\"sow-sld-icon-thin-right\"><\/em>\n\t\t\t\t\t<\/a>\n\t\t\t\t<\/div>\n\n\t\t\t\t<div class=\"sow-slide-nav sow-slide-nav-prev\">\n\t\t\t\t\t<a href=\"#\" data-goto=\"previous\" aria-label=\"Previous slide\" data-action=\"prev\">\n\t\t\t\t\t\t<em class=\"sow-sld-icon-thin-left\"><\/em>\n\t\t\t\t\t<\/a>\n\t\t\t\t<\/div>\n\t\t\t\t<\/div><\/div><\/div><\/div><\/div><\/div><\/div>\n\n<h2 style=\"text-align: center;\">Permettez \u00e0 vos clients, employ\u00e9s et partenaires de trouver rapidement les informations qu&#8217;ils recherchent gr\u00e2ce \u00e0 des recherches guid\u00e9es.<\/h2>\n\n<div id=\"pl-gb481-69e1a2e3338e8\"  class=\"panel-layout\" ><div id=\"pg-gb481-69e1a2e3338e8-0\"  class=\"panel-grid panel-no-style\" ><div id=\"pgc-gb481-69e1a2e3338e8-0-0\"  class=\"panel-grid-cell\" ><div id=\"panel-gb481-69e1a2e3338e8-0-0-0\" class=\"so-panel widget widget_sow-features panel-first-child panel-last-child\" data-index=\"0\" ><div\n\t\t\t\n\t\t\tclass=\"so-widget-sow-features so-widget-sow-features-default-233ce288a3e8-481\"\n\t\t\t\n\t\t><ul\n\tclass=\"sow-features-list\n\tsow-features-responsive\">\n\n\t\t\t<li\n\t\t\tclass=\"sow-features-feature sow-icon-container-position-top\"\n\t\t\tstyle=\"display: flex; flex-direction: column; width: calc(33.333% - 25px);\"\n\t\t>\n\t\t\t\n\t\t\t\t\t\t<div\t\t\t\tclass=\"sow-icon-container sow-container-none\"\n\t\t\t\tstyle=\"color: #404040; \"\n\t\t\t\ttitle=\"R\u00e9duisez la charge sur le centre d&#039;appel\"\n\t\t\t\t\t\t\t>\n\t\t\t\t<span class=\"sow-icon-icomoon\" data-sow-icon=\"&#xe942;\"\n\t\tstyle=\"font-size: 65px; color: #000000\" \n\t\taria-hidden=\"true\"><\/span>\t\t\t<\/div>\n\n\t\t\t<div class=\"textwidget\">\n\t\t\t\t\n\t\t\t\t\t\t\t\t\t<h5 class=\"sow-features-feature-title\">\n\t\t\t\t\t\tR\u00e9duisez la charge sur le centre d&#8217;appel\t\t\t\t\t<\/h5>\n\t\t\t\t\n\t\t\t\t\t\t\t\t\t<div class=\"sow-features-feature-text\">\n\t\t\t\t\t<p>La plupart des gens pr\u00e9f\u00e8rent chercher en ligne que prendre le t\u00e9l\u00e9phone. Assurez-vous qu&#8217;ils peuvent trouver ce qu&#8217;ils recherchent et que vos lignes de centre d&#8217;appels se lib\u00e8rent.<\/p>\n\t\t\t\t\t<\/div>\n\t\t\t\t\t\t\t\t<\/div>\n\t\t\t\t\t\t\t\t<\/li>\n\n\t\t\t<li\n\t\t\tclass=\"sow-features-feature sow-icon-container-position-top\"\n\t\t\tstyle=\"display: flex; flex-direction: column; width: calc(33.333% - 25px);\"\n\t\t>\n\t\t\t\n\t\t\t\t\t\t<div\t\t\t\tclass=\"sow-icon-container sow-container-none\"\n\t\t\t\tstyle=\"color: #404040; \"\n\t\t\t\ttitle=\"Am\u00e9liorer la satisfaction client\"\n\t\t\t\t\t\t\t>\n\t\t\t\t<span class=\"sow-icon-icomoon\" data-sow-icon=\"&#xe9df;\"\n\t\tstyle=\"font-size: 65px; color: #000000\" \n\t\taria-hidden=\"true\"><\/span>\t\t\t<\/div>\n\n\t\t\t<div class=\"textwidget\">\n\t\t\t\t\n\t\t\t\t\t\t\t\t\t<h5 class=\"sow-features-feature-title\">\n\t\t\t\t\t\tAm\u00e9liorer la satisfaction client\t\t\t\t\t<\/h5>\n\t\t\t\t\n\t\t\t\t\t\t\t\t\t<div class=\"sow-features-feature-text\">\n\t\t\t\t\t<p>Selon la soci\u00e9t\u00e9 de veille strat\u00e9gique IDC, 50% des recherches en ligne \u00e9chouent. D\u00e9passez cette moyenne en apportant des r\u00e9ponses pertinentes \u00e0 100%.<\/p>\n\t\t\t\t\t<\/div>\n\t\t\t\t\t\t\t\t<\/div>\n\t\t\t\t\t\t\t\t<\/li>\n\n\t\t\t<li\n\t\t\tclass=\"sow-features-feature sow-icon-container-position-top\"\n\t\t\tstyle=\"display: flex; flex-direction: column; width: calc(33.333% - 25px);\"\n\t\t>\n\t\t\t\n\t\t\t\t\t\t<div\t\t\t\tclass=\"sow-icon-container sow-container-none\"\n\t\t\t\tstyle=\"color: #404040; \"\n\t\t\t\ttitle=\"Augmenter la productivit\u00e9 des employ\u00e9s\"\n\t\t\t\t\t\t\t>\n\t\t\t\t<span class=\"sow-icon-icomoon\" data-sow-icon=\"&#xe99d;\"\n\t\tstyle=\"font-size: 65px; color: #000000\" \n\t\taria-hidden=\"true\"><\/span>\t\t\t<\/div>\n\n\t\t\t<div class=\"textwidget\">\n\t\t\t\t\n\t\t\t\t\t\t\t\t\t<h5 class=\"sow-features-feature-title\">\n\t\t\t\t\t\tAugmenter la productivit\u00e9 des employ\u00e9s\t\t\t\t\t<\/h5>\n\t\t\t\t\n\t\t\t\t\t\t\t\t\t<div class=\"sow-features-feature-text\">\n\t\t\t\t\t<p>Vos employ\u00e9s r\u00e9pondent-ils encore et encore aux m\u00eames questions? Utilisez des recherches guid\u00e9es pour leur permettre de consacrer plus de temps aux activit\u00e9s \u00e0 valeur ajout\u00e9e.<\/p>\n\t\t\t\t\t<\/div>\n\t\t\t\t\t\t\t\t<\/div>\n\t\t\t\t\t\t\t\t<\/li>\n\n\t<\/ul>\n<\/div><\/div><\/div><\/div><\/div>\n\n<div id=\"pl-gb481-69e1a2e334ba3\"  class=\"panel-layout\" ><div id=\"pg-gb481-69e1a2e334ba3-0\"  class=\"panel-grid panel-has-style\" ><div class=\"panel-row-style panel-row-style-for-gb481-69e1a2e334ba3-0\" ><div id=\"pgc-gb481-69e1a2e334ba3-0-0\"  class=\"panel-grid-cell\" ><div id=\"panel-gb481-69e1a2e334ba3-0-0-0\" class=\"so-panel widget widget_sow-editor panel-first-child panel-last-child\" data-index=\"0\" ><div\n\t\t\t\n\t\t\tclass=\"so-widget-sow-editor so-widget-sow-editor-base\"\n\t\t\t\n\t\t>\n<div class=\"siteorigin-widget-tinymce textwidget\">\n\t<h3 style=\"margin-top:0\">Pourquoi des recherches guid\u00e9es?<\/h3>\n<p>Parce que les moteurs de recherche traditionnels imposent aux visiteurs de sites Web de rechercher eux-m\u00eames les informations. D&#8217;abord choisir les bons mots-cl\u00e9s. Puis passer au crible d&#8217;innombrables r\u00e9sultats. Comment peuvent-ils \u00eatre s\u00fbrs d\u2019avoir tout trouv\u00e9? Ou que l&#8217;information s&#8217;applique vraiment \u00e0 eux?<\/p>\n<p>Avec les recherches guid\u00e9es, vous pouvez rassurer les visiteurs de votre site Web avec le m\u00eame traitement qu\u2019un contact personnel avec un employ\u00e9. Gr\u00e2ce \u00e0 un processus simple de questions-r\u00e9ponses, ils sont guid\u00e9s vers des informations qui correspondent \u00e0 100% \u00e0 leurs besoins et \u00e0 leur situation. Rapidement. Facilement. M\u00eame lorsque les informations dont ils ont besoin r\u00e9sident dans diff\u00e9rents syst\u00e8mes d&#8217;entreprise ou sites Web.<\/p>\n<\/div>\n<\/div><\/div><\/div><\/div><\/div><\/div>","protected":false},"excerpt":{"rendered":"<p>Permettez \u00e0 vos clients, employ\u00e9s et partenaires de trouver rapidement les informations qu&#8217;ils recherchent gr\u00e2ce \u00e0 des recherches guid\u00e9es.<\/p>\n","protected":false},"author":1,"featured_media":0,"parent":23,"menu_order":0,"comment_status":"closed","ping_status":"closed","template":"landing-page.php","meta":{"footnotes":""},"_links":{"self":[{"href":"https:\/\/www.alphinat.com\/fr\/wp-json\/wp\/v2\/pages\/481"}],"collection":[{"href":"https:\/\/www.alphinat.com\/fr\/wp-json\/wp\/v2\/pages"}],"about":[{"href":"https:\/\/www.alphinat.com\/fr\/wp-json\/wp\/v2\/types\/page"}],"author":[{"embeddable":true,"href":"https:\/\/www.alphinat.com\/fr\/wp-json\/wp\/v2\/users\/1"}],"replies":[{"embeddable":true,"href":"https:\/\/www.alphinat.com\/fr\/wp-json\/wp\/v2\/comments?post=481"}],"version-history":[{"count":1,"href":"https:\/\/www.alphinat.com\/fr\/wp-json\/wp\/v2\/pages\/481\/revisions"}],"predecessor-version":[{"id":1928,"href":"https:\/\/www.alphinat.com\/fr\/wp-json\/wp\/v2\/pages\/481\/revisions\/1928"}],"up":[{"embeddable":true,"href":"https:\/\/www.alphinat.com\/fr\/wp-json\/wp\/v2\/pages\/23"}],"wp:attachment":[{"href":"https:\/\/www.alphinat.com\/fr\/wp-json\/wp\/v2\/media?parent=481"}],"curies":[{"name":"wp","href":"https:\/\/api.w.org\/{rel}","templated":true}]}}