

{"id":488,"date":"2019-01-17T11:52:51","date_gmt":"2019-01-17T16:52:51","guid":{"rendered":"http:\/\/localhost\/en\/?page_id=488"},"modified":"2019-04-25T00:49:37","modified_gmt":"2019-04-25T00:49:37","slug":"migration-applications-lotus-notes","status":"publish","type":"page","link":"https:\/\/www.alphinat.com\/fr\/solutions\/migration-applications-lotus-notes\/","title":{"rendered":"Migration d&#8217;application Lotus Notes"},"content":{"rendered":"<div id=\"pl-gb488-69f2f05c23892\"  class=\"panel-layout\" ><div id=\"pg-gb488-69f2f05c23892-0\"  class=\"panel-grid panel-has-style\" ><div class=\"siteorigin-panels-stretch panel-row-style panel-row-style-for-gb488-69f2f05c23892-0\" data-stretch-type=\"full-width-stretch\" ><div id=\"pgc-gb488-69f2f05c23892-0-0\"  class=\"panel-grid-cell\" ><div id=\"panel-gb488-69f2f05c23892-0-0-0\" class=\"so-panel widget widget_sow-hero panel-first-child panel-last-child\" data-index=\"0\" ><div\n\t\t\t\n\t\t\tclass=\"so-widget-sow-hero so-widget-sow-hero-default-861d522684bc-488 so-widget-fittext-wrapper\"\n\t\t\t data-fit-text-compressor=\"0.85\"\n\t\t>\t\t\t\t<div class=\"sow-slider-base\" style=\"display: none\" tabindex=\"0\">\n\t\t\t\t\t<ul\n\t\t\t\t\tclass=\"sow-slider-images\"\n\t\t\t\t\tdata-settings=\"{&quot;pagination&quot;:true,&quot;speed&quot;:800,&quot;timeout&quot;:8000,&quot;paused&quot;:false,&quot;pause_on_hover&quot;:false,&quot;swipe&quot;:true,&quot;nav_always_show_desktop&quot;:&quot;&quot;,&quot;nav_always_show_mobile&quot;:&quot;&quot;,&quot;breakpoint&quot;:&quot;780px&quot;,&quot;unmute&quot;:false,&quot;anchor&quot;:null}\"\n\t\t\t\t\t\t\t\t\t\tdata-anchor-id=\"\"\n\t\t\t\t>\t\t<li class=\"sow-slider-image  sow-slider-image-cover\" style=\"visibility: visible;;background-color: #333333\" >\n\t\t\t\t\t<div class=\"sow-slider-image-container\">\n\t\t\t<div class=\"sow-slider-image-wrapper\">\n\t\t\t\t<h1 style=\"text-align: center;max-width: 860px;margin: 0 auto;font-size: 3em\">Migrez rapidement vos applications Domino tout en \u00e9vitant la d\u00e9pendance fournisseur<\/h1>\n<div class=\"sow-hero-buttons\" style=\"text-align: center\"><div\n\t\t\t\n\t\t\tclass=\"so-widget-sow-button so-widget-sow-button-wire-a10e8789ad6c\"\n\t\t\t\n\t\t><div class=\"ow-button-base ow-button-align-center\"\n>\n\t\t\t<a\n\t\t\t\t\thref=\"\/mt\/fr\/free-consultation\"\n\t\t\t\t\tclass=\"sowb-button ow-icon-placement-left ow-button-hover\" \t>\n\t\t<span>\n\t\t\t\n\t\t\tObtenez une consultation gratuite\t\t<\/span>\n\t\t\t<\/a>\n\t<\/div>\n<\/div><\/div>\t\t\t<\/div>\n\t\t<\/div>\n\t\t<div class=\"sow-slider-image-overlay sow-slider-image-cover\" style=\"opacity: 0.6;background-image: url(https:\/\/www.alphinat.com\/fr\/wp-content\/uploads\/sites\/7\/2019\/02\/migration-824650_1280.jpg)\"  ><\/div>\t\t<\/li>\n\t\t<\/ul>\t\t\t\t<ol class=\"sow-slider-pagination\">\n\t\t\t\t\t\t\t\t\t\t\t<li><a href=\"#\" data-goto=\"0\" aria-label=\"Display slide 1\"><\/a><\/li>\n\t\t\t\t\t\t\t\t\t<\/ol>\n\n\t\t\t\t<div class=\"sow-slide-nav sow-slide-nav-next\">\n\t\t\t\t\t<a href=\"#\" data-goto=\"next\" aria-label=\"Next slide\" data-action=\"next\">\n\t\t\t\t\t\t<em class=\"sow-sld-icon-thin-right\"><\/em>\n\t\t\t\t\t<\/a>\n\t\t\t\t<\/div>\n\n\t\t\t\t<div class=\"sow-slide-nav sow-slide-nav-prev\">\n\t\t\t\t\t<a href=\"#\" data-goto=\"previous\" aria-label=\"Previous slide\" data-action=\"prev\">\n\t\t\t\t\t\t<em class=\"sow-sld-icon-thin-left\"><\/em>\n\t\t\t\t\t<\/a>\n\t\t\t\t<\/div>\n\t\t\t\t<\/div><\/div><\/div><\/div><\/div><\/div><\/div>\n\n<div id=\"pl-gb488-69f2f05c24812\"  class=\"panel-layout\" ><div id=\"pg-gb488-69f2f05c24812-0\"  class=\"panel-grid panel-no-style\" ><div id=\"pgc-gb488-69f2f05c24812-0-0\"  class=\"panel-grid-cell\" ><div id=\"panel-gb488-69f2f05c24812-0-0-0\" class=\"so-panel widget widget_sow-features panel-first-child panel-last-child\" data-index=\"0\" ><div\n\t\t\t\n\t\t\tclass=\"so-widget-sow-features so-widget-sow-features-default-233ce288a3e8-488\"\n\t\t\t\n\t\t><ul\n\tclass=\"sow-features-list\n\tsow-features-responsive\">\n\n\t\t\t<li\n\t\t\tclass=\"sow-features-feature sow-icon-container-position-top\"\n\t\t\tstyle=\"display: flex; flex-direction: column; width: calc(33.333% - 25px);\"\n\t\t>\n\t\t\t\n\t\t\t\t\t\t<div\t\t\t\tclass=\"sow-icon-container sow-container-none\"\n\t\t\t\tstyle=\"color: #404040; \"\n\t\t\t\ttitle=\"Cr\u00e9ez des applications 4x, 7x, voire 10x plus rapidement\"\n\t\t\t\t\t\t\t>\n\t\t\t\t<span class=\"sow-icon-icomoon\" data-sow-icon=\"&#xe9a5;\"\n\t\tstyle=\"font-size: 65px; color: #000000\" \n\t\taria-hidden=\"true\"><\/span>\t\t\t<\/div>\n\n\t\t\t<div class=\"textwidget\">\n\t\t\t\t\n\t\t\t\t\t\t\t\t\t<h5 class=\"sow-features-feature-title\">\n\t\t\t\t\t\tCr\u00e9ez des applications 4x, 7x, voire 10x plus rapidement\t\t\t\t\t<\/h5>\n\t\t\t\t\n\t\t\t\t\t\t\t\t\t<div class=\"sow-features-feature-text\">\n\t\t\t\t\t<p>D\u00e9butez vos projet avec de l&#8217;avance avec l&#8217;outil de migration SmartGuide. Les interfaces \u00e0 glisser-d\u00e9poser vous permettront de garantir que vos d\u00e9veloppeurs Lotus Notes trouveront SmartGuide facile \u00e0 utiliser et seront op\u00e9rationnels en un rien de temps.<\/p>\n\t\t\t\t\t<\/div>\n\t\t\t\t\t\t\t\t<\/div>\n\t\t\t\t\t\t\t\t<\/li>\n\n\t\t\t<li\n\t\t\tclass=\"sow-features-feature sow-icon-container-position-top\"\n\t\t\tstyle=\"display: flex; flex-direction: column; width: calc(33.333% - 25px);\"\n\t\t>\n\t\t\t\n\t\t\t\t\t\t<div\t\t\t\tclass=\"sow-icon-container sow-container-none\"\n\t\t\t\tstyle=\"color: #404040; \"\n\t\t\t\ttitle=\"Rendez les applications disponibles sur n&#039;importe quel appareil\"\n\t\t\t\t\t\t\t>\n\t\t\t\t<span class=\"sow-icon-icomoon\" data-sow-icon=\"&#xe958;\"\n\t\tstyle=\"font-size: 65px; color: #000000\" \n\t\taria-hidden=\"true\"><\/span>\t\t\t<\/div>\n\n\t\t\t<div class=\"textwidget\">\n\t\t\t\t\n\t\t\t\t\t\t\t\t\t<h5 class=\"sow-features-feature-title\">\n\t\t\t\t\t\tRendez les applications disponibles sur n&#8217;importe quel appareil\t\t\t\t\t<\/h5>\n\t\t\t\t\n\t\t\t\t\t\t\t\t\t<div class=\"sow-features-feature-text\">\n\t\t\t\t\t<p>Choisissez parmi Bootstrap, Materialize et autres afin de donner vie \u00e0 vos applications. D\u00e9ployez-les sur plusieurs appareils \u00e0 partir d&#8217;un seul effort de d\u00e9veloppement et rendez-les disponibles sur les magasins d&#8217;applications.<\/p>\n\t\t\t\t\t<\/div>\n\t\t\t\t\t\t\t\t<\/div>\n\t\t\t\t\t\t\t\t<\/li>\n\n\t\t\t<li\n\t\t\tclass=\"sow-features-feature sow-icon-container-position-top\"\n\t\t\tstyle=\"display: flex; flex-direction: column; width: calc(33.333% - 25px);\"\n\t\t>\n\t\t\t\n\t\t\t\t\t\t<div\t\t\t\tclass=\"sow-icon-container sow-container-none\"\n\t\t\t\tstyle=\"color: #404040; \"\n\t\t\t\ttitle=\"Gardez toutes vos options de d\u00e9ploiement ouvertes\"\n\t\t\t\t\t\t\t>\n\t\t\t\t<span class=\"sow-icon-icomoon\" data-sow-icon=\"&#xe9c4;\"\n\t\tstyle=\"font-size: 65px; color: #000000\" \n\t\taria-hidden=\"true\"><\/span>\t\t\t<\/div>\n\n\t\t\t<div class=\"textwidget\">\n\t\t\t\t\n\t\t\t\t\t\t\t\t\t<h5 class=\"sow-features-feature-title\">\n\t\t\t\t\t\tGardez toutes vos options de d\u00e9ploiement ouvertes\t\t\t\t\t<\/h5>\n\t\t\t\t\n\t\t\t\t\t\t\t\t\t<div class=\"sow-features-feature-text\">\n\t\t\t\t\t<p>Fatigu\u00e9 d&#8217;\u00eatre forc\u00e9 de p\u00e9n\u00e9trer dans un \u00e9cosyst\u00e8me sp\u00e9cifique avec des co\u00fbts de licence en constante augmentation? Utilisez SmartGuide pour un d\u00e9ploiement natif dans des environnements J2EE ou .NET, sur place ou sur plusieurs instances Cloud.<\/p>\n\t\t\t\t\t<\/div>\n\t\t\t\t\t\t\t\t<\/div>\n\t\t\t\t\t\t\t\t<\/li>\n\n\t<\/ul>\n<\/div><\/div><\/div><\/div><\/div>\n\n<div id=\"pl-gb488-69f2f05c25924\"  class=\"panel-layout\" ><div id=\"pg-gb488-69f2f05c25924-0\"  class=\"panel-grid panel-no-style\" ><div id=\"pgc-gb488-69f2f05c25924-0-0\"  class=\"panel-grid-cell\" ><div id=\"panel-gb488-69f2f05c25924-0-0-0\" class=\"so-panel widget widget_sow-editor panel-first-child panel-last-child\" data-index=\"0\" ><div\n\t\t\t\n\t\t\tclass=\"so-widget-sow-editor so-widget-sow-editor-base\"\n\t\t\t\n\t\t>\n<div class=\"siteorigin-widget-tinymce textwidget\">\n\t<h2 style=\"font-size: 25px; text-align:center; margin-bottom: 35px\">Choisissez une approche d&#8217;avenir pour la migration de vos applications Domino vers une plate-forme moderne, ouverte et \u00e9volutive, que vous souhaitiez le d\u00e9ployer dans des environnements Java ou .NET, en interne ou dans le Cloud.<\/h2>\n<p><img fetchpriority=\"high\" fetchpriority=\"high\" decoding=\"async\" class=\"size-full wp-image-809 alignright\" src=\"https:\/\/www.alphinat.com\/fr\/wp-content\/uploads\/sites\/7\/2019\/02\/notes-to-smartguide.png\" alt=\"\" width=\"685\" height=\"832\" srcset=\"https:\/\/www.alphinat.com\/fr\/wp-content\/uploads\/sites\/7\/2019\/02\/notes-to-smartguide.png 685w, https:\/\/www.alphinat.com\/fr\/wp-content\/uploads\/sites\/7\/2019\/02\/notes-to-smartguide-247x300.png 247w\" sizes=\"(max-width: 685px) 100vw, 685px\" \/><\/p>\n<p>Si votre organisation ressemble \u00e0 beaucoup d&#8217;autres, elle doit relever le d\u00e9fi de d\u00e9placer un grand nombre d&#8217;applications Lotus Notes vers une plate-forme <strong> moderne, \u00e9volutive <\/strong> et <strong> orient\u00e9e service <\/strong>. Le probl\u00e8me est que ces applications h\u00e9rit\u00e9es sont g\u00e9n\u00e9ralement dispers\u00e9es dans l&#8217;ensemble de l&#8217;entreprise et ont souvent \u00e9t\u00e9 con\u00e7ues pour des projets ad hoc en dehors des TI. Elles sont de plus en plus difficiles \u00e0 g\u00e9rer et ont du mal \u00e0 suivre le <strong> rythme des affaires <\/strong> d&#8217;aujourd&#8217;hui.<\/p>\n<p>En outre, ces applications <strong> \u00e9voluent mal <\/strong> et ne disposent pas de la <strong> connectivit\u00e9 <\/strong> requise pour \u00eatre int\u00e9gr\u00e9es \u00e0 vos applications et syst\u00e8mes d&#8217;entreprise.<\/p>\n<p>Sans parler des <strong> co\u00fbts croissants des licences <\/strong> qu&#8217;ils g\u00e9n\u00e8rent.<\/p>\n<p>De nombreuses solutions promettent une migration similaire de vos applications Domino, mais la question qui se pose est la suivante: pourquoi voudriez-vous le faire? Pour \u00e9viter de devoir former \u00e0 nouveau les utilisateurs? Bien que cela puisse \u00eatre vrai dans une certaine mesure (il restera probablement un certain nombre de diff\u00e9rences), le fait est que cela ne r\u00e9pond pas aux attentes toujours plus grandes des utilisateurs concernant les logiciels d\u2019entreprise, \u00e0 savoir \u00eatre simple, intuitif et <strong> accessible. depuis n&#8217;importe quel appareil <\/strong>.<\/p>\n<p>En outre, de nombreuses applications Lotus Notes entrem\u00ealent profond\u00e9ment la logique d&#8217;affaire avec le code de pr\u00e9sentation. Il n\u2019y a tout simplement aucun moyen d\u2019effectuer une telle migration automatiquement.<\/p>\n<p>D\u2019autres solutions cherchent \u00e0 vous forcer dans leur \u00e9cosyst\u00e8me Cloud, vous privant ainsi de la possibilit\u00e9 de contr\u00f4ler r\u00e9ellement vos applications et rendant plus difficile leur <strong> int\u00e9gration <\/strong> dans vos applications ou syst\u00e8mes d\u2019entreprise existants.<\/p>\n<p>Maintenant, <strong> s\u2019il y avait un moyen  d\u2019amener vos anciennes applications \u00e0 niveau, tout en \u00e9vitant la d\u00e9pendance fournisseur ?<\/p>\n<p><em>C\u2019est la promesse de SmartGuide.<\/em><\/p>\n<p>SmartGuide est une plate-forme \u00e0 codage limit\u00e9 qui permet <\/strong><strong> simultan\u00e9ment <\/strong> et <strong> de mani\u00e8re rentable <\/strong> de cr\u00e9er des applications Web et mobiles pouvant \u00eatre d\u00e9ploy\u00e9es de mani\u00e8re native dans des environnements J2EE, SharePoint ou .NET, <strong> sur place <\/strong> ou dans le <strong> Cloud <\/strong>.<\/p>\n<p>Avec SmartGuide, vous pourrez <strong> lancer votre migration <\/strong> par le biais de l&#8217;import automatique de champs et l&#8217;automatisation de la cr\u00e9ation des premi\u00e8res \u00e9tapes d&#8217;applications. De plus, gr\u00e2ce \u00e0 ses interfaces glisser-d\u00e9poser, vos d\u00e9veloppeurs Lotus Notes trouveront SmartGuide tr\u00e8s <strong> facile \u00e0 utiliser  et seront op\u00e9rationnels en un rien de temps, avec une formation minimale.<\/strong><\/p>\n<\/div>\n<\/div><\/div><\/div><\/div><\/div>\n\n<div id=\"pl-gb488-69f2f05c260e6\"  class=\"panel-layout\" ><div id=\"pg-gb488-69f2f05c260e6-0\"  class=\"panel-grid panel-no-style\" ><div id=\"pgc-gb488-69f2f05c260e6-0-0\"  class=\"panel-grid-cell\" ><div id=\"panel-gb488-69f2f05c260e6-0-0-0\" class=\"so-panel widget widget_sow-headline panel-first-child panel-last-child\" data-index=\"0\" ><div\n\t\t\t\n\t\t\tclass=\"so-widget-sow-headline so-widget-sow-headline-default-de96775c2b3c-488\"\n\t\t\t\n\t\t><div class=\"sow-headline-container \">\n\t\t\t\t\t\t\t<h2 class=\"sow-headline\">\n\t\t\t\t\t\tPrincipaux avantages\t\t\t\t\t\t<\/h2>\n\t\t\t\t\t\t\t\t\t\t\t<div class=\"decoration\">\n\t\t\t\t\t\t<div class=\"decoration-inside\"><\/div>\n\t\t\t\t\t<\/div>\n\t\t\t\t\t<\/div>\n<\/div><\/div><\/div><\/div><\/div>\n\n<div id=\"pl-gb488-69f2f05c265e3\"  class=\"panel-layout\" ><div id=\"pg-gb488-69f2f05c265e3-0\"  class=\"panel-grid panel-has-style\" ><div class=\"panel-row-style panel-row-style-for-gb488-69f2f05c265e3-0\" ><div id=\"pgc-gb488-69f2f05c265e3-0-0\"  class=\"panel-grid-cell\" ><div id=\"panel-gb488-69f2f05c265e3-0-0-0\" class=\"so-panel widget widget_origin_list panel-first-child panel-last-child\" data-index=\"0\" ><div class=\"origin-widget origin-widget-list origin-widget-list-simple-charcoal\"><ul>\n<li> R\u00e9duisez rapidement le backlog de vos applications en permettant de cr\u00e9er des applications 4x, 7x\u2012 voire 10x plus rapidement ou plus<\/li>\n<li> Construire des applications multi-canaux avec un seul effort de d\u00e9veloppement, d&#8217;un seul coup<\/li>\n<li> Donner aux d\u00e9veloppeurs citoyens la possibilit\u00e9 de participer activement au processus de cr\u00e9ation d&#8217;applications\u2012, r\u00e9duisant ainsi le fardeau de votre \u00e9quipe informatique<\/li>\n<li> Casser les silos et les projets d\u00e9partementaux d\u00e9linquants;<\/li>\n<\/ul>\n<\/div><\/div><\/div><div id=\"pgc-gb488-69f2f05c265e3-0-1\"  class=\"panel-grid-cell\" ><div id=\"panel-gb488-69f2f05c265e3-0-1-0\" class=\"so-panel widget widget_origin_list panel-first-child panel-last-child\" data-index=\"1\" ><div class=\"origin-widget origin-widget-list origin-widget-list-simple-charcoal\"><ul>\n<li> Transformez vos applications ad hoc en applications modernes, conviviales et orient\u00e9es service, qui plairont \u00e0 vos utilisateurs<\/li>\n<li> Gardez le contr\u00f4le total sur vos applications, l&#8217;emplacement de vos donn\u00e9es et dans quel syst\u00e8me de base de donn\u00e9es<\/li>\n<li> Int\u00e9grez plus facilement vos applications et syst\u00e8mes d&#8217;entreprise, car vous d\u00e9cidez o\u00f9 les applications SmartGuide sont h\u00e9berg\u00e9es. Ce n&#8217;est tout simplement pas possible avec la plupart des solutions disponibles<\/li>\n<\/ul>\n<\/div><\/div><\/div><\/div><\/div><\/div>\n\n<div id=\"pl-gb488-69f2f05c276e9\"  class=\"panel-layout\" ><div id=\"pg-gb488-69f2f05c276e9-0\"  class=\"panel-grid panel-no-style\" ><div id=\"pgc-gb488-69f2f05c276e9-0-0\"  class=\"panel-grid-cell\" ><div id=\"panel-gb488-69f2f05c276e9-0-0-0\" class=\"so-panel widget widget_sow-editor panel-first-child panel-last-child\" data-index=\"0\" ><div\n\t\t\t\n\t\t\tclass=\"so-widget-sow-editor so-widget-sow-editor-base\"\n\t\t\t\n\t\t>\n<div class=\"siteorigin-widget-tinymce textwidget\">\n\t<h3 style=\"text-align: center;\">Ne nous croyez pas sur parole, demandez une <a href=\"\/mt\/fr\/free-consultation\">consultation gratuite<\/a> et voyez par vous m\u00eame!<\/h3>\n<\/div>\n<\/div><\/div><\/div><\/div><\/div>","protected":false},"excerpt":{"rendered":"","protected":false},"author":1,"featured_media":0,"parent":23,"menu_order":0,"comment_status":"closed","ping_status":"closed","template":"landing-page.php","meta":{"footnotes":""},"_links":{"self":[{"href":"https:\/\/www.alphinat.com\/fr\/wp-json\/wp\/v2\/pages\/488"}],"collection":[{"href":"https:\/\/www.alphinat.com\/fr\/wp-json\/wp\/v2\/pages"}],"about":[{"href":"https:\/\/www.alphinat.com\/fr\/wp-json\/wp\/v2\/types\/page"}],"author":[{"embeddable":true,"href":"https:\/\/www.alphinat.com\/fr\/wp-json\/wp\/v2\/users\/1"}],"replies":[{"embeddable":true,"href":"https:\/\/www.alphinat.com\/fr\/wp-json\/wp\/v2\/comments?post=488"}],"version-history":[{"count":0,"href":"https:\/\/www.alphinat.com\/fr\/wp-json\/wp\/v2\/pages\/488\/revisions"}],"up":[{"embeddable":true,"href":"https:\/\/www.alphinat.com\/fr\/wp-json\/wp\/v2\/pages\/23"}],"wp:attachment":[{"href":"https:\/\/www.alphinat.com\/fr\/wp-json\/wp\/v2\/media?parent=488"}],"curies":[{"name":"wp","href":"https:\/\/api.w.org\/{rel}","templated":true}]}}