

{"id":682,"date":"2019-02-04T15:56:37","date_gmt":"2019-02-04T15:56:37","guid":{"rendered":"https:\/\/www.alphinat.com\/new\/?page_id=682"},"modified":"2024-03-19T16:06:24","modified_gmt":"2024-03-19T20:06:24","slug":"telecom","status":"publish","type":"page","link":"https:\/\/www.alphinat.com\/fr\/solutions\/telecom\/","title":{"rendered":"T\u00e9l\u00e9com"},"content":{"rendered":"<div id=\"pl-gb682-69f5eb2e6c2f4\"  class=\"panel-layout\" ><div id=\"pg-gb682-69f5eb2e6c2f4-0\"  class=\"panel-grid panel-has-style\" ><div class=\"siteorigin-panels-stretch panel-row-style panel-row-style-for-gb682-69f5eb2e6c2f4-0\" data-stretch-type=\"full-width-stretch\" ><div id=\"pgc-gb682-69f5eb2e6c2f4-0-0\"  class=\"panel-grid-cell\" ><div id=\"panel-gb682-69f5eb2e6c2f4-0-0-0\" class=\"so-panel widget widget_sow-hero panel-first-child panel-last-child\" data-index=\"0\" ><div\n\t\t\t\n\t\t\tclass=\"so-widget-sow-hero so-widget-sow-hero-default-861d522684bc-682 so-widget-fittext-wrapper\"\n\t\t\t data-fit-text-compressor=\"0.85\"\n\t\t>\t\t\t\t<div class=\"sow-slider-base\" style=\"display: none\" tabindex=\"0\">\n\t\t\t\t\t<ul\n\t\t\t\t\tclass=\"sow-slider-images\"\n\t\t\t\t\tdata-settings=\"{&quot;pagination&quot;:true,&quot;speed&quot;:800,&quot;timeout&quot;:8000,&quot;paused&quot;:false,&quot;pause_on_hover&quot;:false,&quot;swipe&quot;:true,&quot;nav_always_show_desktop&quot;:&quot;&quot;,&quot;nav_always_show_mobile&quot;:&quot;&quot;,&quot;breakpoint&quot;:&quot;780px&quot;,&quot;unmute&quot;:false,&quot;anchor&quot;:null}\"\n\t\t\t\t\t\t\t\t\t\tdata-anchor-id=\"\"\n\t\t\t\t>\t\t<li class=\"sow-slider-image  sow-slider-image-cover\" style=\"visibility: visible;;background-color: #333333\" >\n\t\t\t\t\t<div class=\"sow-slider-image-container\">\n\t\t\t<div class=\"sow-slider-image-wrapper\">\n\t\t\t\t<h1 style=\"text-align: center;max-width: 900px;margin: 0 auto\">Tirez parti de votre avantage en mati\u00e8re d&#8217;infrastructure pour cr\u00e9er un nouveau flux de revenus<\/h1>\n<div class=\"sow-hero-buttons\" style=\"text-align: center\"><div\n\t\t\t\n\t\t\tclass=\"so-widget-sow-button so-widget-sow-button-atom-48beb218c338\"\n\t\t\t\n\t\t><div class=\"ow-button-base ow-button-align-center\"\n>\n\t\t\t<a\n\t\t\t\t\thref=\"\/mt\/fr\/requete-demo\"\n\t\t\t\t\tclass=\"sowb-button ow-icon-placement-left ow-button-hover\" \t>\n\t\t<span>\n\t\t\t\n\t\t\tD\u00e9couvrez comment aujourd&#8217;hui\t\t<\/span>\n\t\t\t<\/a>\n\t<\/div>\n<\/div><\/div>\n\t\t\t<\/div>\n\t\t<\/div>\n\t\t<div class=\"sow-slider-image-overlay sow-slider-image-cover\" style=\"opacity: 0.6;background-image: url(https:\/\/www.alphinat.com\/fr\/wp-content\/uploads\/sites\/7\/2019\/02\/cloud-main.jpg)\"  ><\/div>\t\t<\/li>\n\t\t<\/ul>\t\t\t\t<ol class=\"sow-slider-pagination\">\n\t\t\t\t\t\t\t\t\t\t\t<li><a href=\"#\" data-goto=\"0\" aria-label=\"Display slide 1\"><\/a><\/li>\n\t\t\t\t\t\t\t\t\t<\/ol>\n\n\t\t\t\t<div class=\"sow-slide-nav sow-slide-nav-next\">\n\t\t\t\t\t<a href=\"#\" data-goto=\"next\" aria-label=\"Next slide\" data-action=\"next\">\n\t\t\t\t\t\t<em class=\"sow-sld-icon-thin-right\"><\/em>\n\t\t\t\t\t<\/a>\n\t\t\t\t<\/div>\n\n\t\t\t\t<div class=\"sow-slide-nav sow-slide-nav-prev\">\n\t\t\t\t\t<a href=\"#\" data-goto=\"previous\" aria-label=\"Previous slide\" data-action=\"prev\">\n\t\t\t\t\t\t<em class=\"sow-sld-icon-thin-left\"><\/em>\n\t\t\t\t\t<\/a>\n\t\t\t\t<\/div>\n\t\t\t\t<\/div><\/div><\/div><\/div><\/div><\/div><\/div>\n\n\n<h2 class=\"wp-block-heading has-text-align-center\">Saisissez de nouvelles opportunit\u00e9s commerciales en offrant \u00e0 vos clients professionnels une plateforme \u00e0 code r\u00e9duit qui les aide \u00e0 d\u00e9ployer rapidement des applications sur votre infrastructure Cloud.<\/h2>\n\n\n<div id=\"pl-gb682-69f5eb2e6d207\"  class=\"panel-layout\" ><div id=\"pg-gb682-69f5eb2e6d207-0\"  class=\"panel-grid panel-no-style\" ><div id=\"pgc-gb682-69f5eb2e6d207-0-0\"  class=\"panel-grid-cell\" ><div id=\"panel-gb682-69f5eb2e6d207-0-0-0\" class=\"so-panel widget widget_sow-features panel-first-child panel-last-child\" data-index=\"0\" ><div\n\t\t\t\n\t\t\tclass=\"so-widget-sow-features so-widget-sow-features-default-233ce288a3e8-682\"\n\t\t\t\n\t\t><ul\n\tclass=\"sow-features-list\n\tsow-features-responsive\">\n\n\t\t\t<li\n\t\t\tclass=\"sow-features-feature sow-icon-container-position-top\"\n\t\t\tstyle=\"display: flex; flex-direction: column; width: calc(33.333% - 25px);\"\n\t\t>\n\t\t\t\n\t\t\t\t\t\t<div\t\t\t\tclass=\"sow-icon-container sow-container-none\"\n\t\t\t\tstyle=\"color: #404040; \"\n\t\t\t\ttitle=\"D\u00e9veloppement SaaS et Cloud acc\u00e9l\u00e9r\u00e9\"\n\t\t\t\t\t\t\t>\n\t\t\t\t<span class=\"sow-icon-icomoon\" data-sow-icon=\"&#xe9c3;\"\n\t\tstyle=\"font-size: 65px; color: #000000\" \n\t\taria-hidden=\"true\"><\/span>\t\t\t<\/div>\n\n\t\t\t<div class=\"textwidget\">\n\t\t\t\t\n\t\t\t\t\t\t\t\t\t<h5 class=\"sow-features-feature-title\">\n\t\t\t\t\t\tD\u00e9veloppement SaaS et Cloud acc\u00e9l\u00e9r\u00e9\t\t\t\t\t<\/h5>\n\t\t\t\t\n\t\t\t\t\t\t\t\t\t<div class=\"sow-features-feature-text\">\n\t\t\t\t\tAvec la pile et les outils PaaS robustes de la plate-forme de d\u00e9veloppement SmartGuide \u00e0 code r\u00e9duit, vous pouvez rapidement offrir des solutions cl\u00e9s en main au cloud qui garantissent une meilleure exp\u00e9rience utilisateur et un meilleur taux d&#8217;adoption.\t\t\t\t\t<\/div>\n\t\t\t\t\t\t\t\t<\/div>\n\t\t\t\t\t\t\t\t<\/li>\n\n\t\t\t<li\n\t\t\tclass=\"sow-features-feature sow-icon-container-position-top\"\n\t\t\tstyle=\"display: flex; flex-direction: column; width: calc(33.333% - 25px);\"\n\t\t>\n\t\t\t\n\t\t\t\t\t\t<div\t\t\t\tclass=\"sow-icon-container sow-container-none\"\n\t\t\t\tstyle=\"color: #404040; \"\n\t\t\t\ttitle=\"Solutions intelligentes pour les march\u00e9s verticaux cibl\u00e9s\"\n\t\t\t\t\t\t\t>\n\t\t\t\t<span class=\"sow-icon-icomoon\" data-sow-icon=\"&#xe9b3;\"\n\t\tstyle=\"font-size: 65px; color: #000000\" \n\t\taria-hidden=\"true\"><\/span>\t\t\t<\/div>\n\n\t\t\t<div class=\"textwidget\">\n\t\t\t\t\n\t\t\t\t\t\t\t\t\t<h5 class=\"sow-features-feature-title\">\n\t\t\t\t\t\tSolutions intelligentes pour les march\u00e9s verticaux cibl\u00e9s\t\t\t\t\t<\/h5>\n\t\t\t\t\n\t\t\t\t\t\t\t\t\t<div class=\"sow-features-feature-text\">\n\t\t\t\t\tSmartGuide \u00c9dition PaaS constitue un moyen intelligent d\u2019exploiter votre expertise verticale et votre base de connaissances pour d\u00e9velopper et commercialiser des solutions intelligentes SmartGuide pour les secteurs verticaux de votre choix.\t\t\t\t\t<\/div>\n\t\t\t\t\t\t\t\t<\/div>\n\t\t\t\t\t\t\t\t<\/li>\n\n\t\t\t<li\n\t\t\tclass=\"sow-features-feature sow-icon-container-position-top\"\n\t\t\tstyle=\"display: flex; flex-direction: column; width: calc(33.333% - 25px);\"\n\t\t>\n\t\t\t\n\t\t\t\t\t\t<div\t\t\t\tclass=\"sow-icon-container sow-container-none\"\n\t\t\t\tstyle=\"color: #404040; \"\n\t\t\t\ttitle=\"Maximisez les retours sur vos investissements en TIC\"\n\t\t\t\t\t\t\t>\n\t\t\t\t<span class=\"sow-icon-icomoon\" data-sow-icon=\"&#xe93b;\"\n\t\tstyle=\"font-size: 65px; color: #000000\" \n\t\taria-hidden=\"true\"><\/span>\t\t\t<\/div>\n\n\t\t\t<div class=\"textwidget\">\n\t\t\t\t\n\t\t\t\t\t\t\t\t\t<h5 class=\"sow-features-feature-title\">\n\t\t\t\t\t\tMaximisez les retours sur vos investissements en TIC\t\t\t\t\t<\/h5>\n\t\t\t\t\n\t\t\t\t\t\t\t\t\t<div class=\"sow-features-feature-text\">\n\t\t\t\t\tLa portabilit\u00e9 \u00abConstruire une seule fois, d\u00e9ployer n\u2019importe o\u00f9\u00bb de SmartGuide offre aux op\u00e9rateurs un moyen intelligent d\u2019exploiter leurs actifs TIC et de maximiser le rendement de leurs investissements existants.\t\t\t\t\t<\/div>\n\t\t\t\t\t\t\t\t<\/div>\n\t\t\t\t\t\t\t\t<\/li>\n\n\t<\/ul>\n<\/div><\/div><\/div><\/div><\/div>\n\n<p><img fetchpriority=\"high\" decoding=\"async\" class=\"alignleft wp-image-363 size-large\" src=\"https:\/\/www.alphinat.com\/fr\/wp-content\/uploads\/sites\/7\/2018\/07\/smartguide-apps-screenshots-1024x576.png\" alt=\"\" width=\"730\" height=\"411\" srcset=\"https:\/\/www.alphinat.com\/fr\/wp-content\/uploads\/sites\/7\/2018\/07\/smartguide-apps-screenshots-1024x576.png 1024w, https:\/\/www.alphinat.com\/fr\/wp-content\/uploads\/sites\/7\/2018\/07\/smartguide-apps-screenshots-300x169.png 300w, https:\/\/www.alphinat.com\/fr\/wp-content\/uploads\/sites\/7\/2018\/07\/smartguide-apps-screenshots-768x432.png 768w, https:\/\/www.alphinat.com\/fr\/wp-content\/uploads\/sites\/7\/2018\/07\/smartguide-apps-screenshots.png 1280w\" sizes=\"(max-width: 730px) 100vw, 730px\" \/>SmartGuide PaaS Edition est une plate-forme de d\u00e9veloppement agile \u00e0 code r\u00e9duit pour le Cloud qui permet de cr\u00e9er rapidement des applications Web et mobiles dans un environnement multi-locataire.<\/p>\n<p>Gr\u00e2ce \u00e0 sa capacit\u00e9 \u00e9prouv\u00e9e de d\u00e9veloppement et de d\u00e9ploiement rapides d&#8217;applications Web et SaaS, son innovation \u00abConstruire en un instant, d\u00e9ployer n&#8217;importe o\u00f9\u00bb acc\u00e9l\u00e8re les opportunit\u00e9s de d\u00e9veloppement commercial et la r\u00e9tention des clients. Le cloud computing, changement technologique le plus perturbateur depuis le PC, extrait et virtualise les ressources informatiques pour fournir des solutions \u00e0 la demande. Le cloud computing simplifie et acc\u00e9l\u00e8re consid\u00e9rablement le d\u00e9veloppement d&#8217;applications.<\/p>\n<p>Avec SmartGuide \u00c9dition PaaS, les d\u00e9veloppeurs peuvent se concentrer sur des fonctionnalit\u00e9s v\u00e9ritablement diff\u00e9renciatrice, afin de mieux servir leur organisation ou leur communaut\u00e9. Avec SmartGuide \u00c9dition PaaS, vos clients peuvent d\u00e9ployer rapidement leurs applications sur vos offres de cloud, qu&#8217;il s&#8217;agisse d&#8217;un cloud public ou priv\u00e9. Un simple clic pour d\u00e9ployer, c\u2019est aussi simple que cela!<\/p>","protected":false},"excerpt":{"rendered":"<p>Saisissez de nouvelles opportunit\u00e9s commerciales en offrant \u00e0 vos clients professionnels une plateforme \u00e0 code r\u00e9duit qui les aide \u00e0 d\u00e9ployer rapidement des applications sur votre infrastructure Cloud. SmartGuide PaaS Edition est une plate-forme de d\u00e9veloppement agile \u00e0 code r\u00e9duit pour le Cloud qui permet de cr\u00e9er rapidement des applications Web et mobiles dans un [&hellip;]<\/p>\n","protected":false},"author":1,"featured_media":0,"parent":23,"menu_order":0,"comment_status":"closed","ping_status":"closed","template":"landing-page.php","meta":{"footnotes":""},"_links":{"self":[{"href":"https:\/\/www.alphinat.com\/fr\/wp-json\/wp\/v2\/pages\/682"}],"collection":[{"href":"https:\/\/www.alphinat.com\/fr\/wp-json\/wp\/v2\/pages"}],"about":[{"href":"https:\/\/www.alphinat.com\/fr\/wp-json\/wp\/v2\/types\/page"}],"author":[{"embeddable":true,"href":"https:\/\/www.alphinat.com\/fr\/wp-json\/wp\/v2\/users\/1"}],"replies":[{"embeddable":true,"href":"https:\/\/www.alphinat.com\/fr\/wp-json\/wp\/v2\/comments?post=682"}],"version-history":[{"count":1,"href":"https:\/\/www.alphinat.com\/fr\/wp-json\/wp\/v2\/pages\/682\/revisions"}],"predecessor-version":[{"id":1926,"href":"https:\/\/www.alphinat.com\/fr\/wp-json\/wp\/v2\/pages\/682\/revisions\/1926"}],"up":[{"embeddable":true,"href":"https:\/\/www.alphinat.com\/fr\/wp-json\/wp\/v2\/pages\/23"}],"wp:attachment":[{"href":"https:\/\/www.alphinat.com\/fr\/wp-json\/wp\/v2\/media?parent=682"}],"curies":[{"name":"wp","href":"https:\/\/api.w.org\/{rel}","templated":true}]}}