

{"id":82,"date":"2017-07-04T15:30:03","date_gmt":"2017-07-04T19:30:03","guid":{"rendered":"http:\/\/localhost\/proto1\/?page_id=82"},"modified":"2024-03-19T16:10:07","modified_gmt":"2024-03-19T20:10:07","slug":"partenaires","status":"publish","type":"page","link":"https:\/\/www.alphinat.com\/fr\/partenaires\/","title":{"rendered":"Partenaires"},"content":{"rendered":"<div id=\"pl-gb82-69e74b0845526\"  class=\"panel-layout\" ><div id=\"pg-gb82-69e74b0845526-0\"  class=\"panel-grid panel-has-style\" ><div class=\"siteorigin-panels-stretch panel-row-style panel-row-style-for-gb82-69e74b0845526-0\" data-stretch-type=\"full-width-stretch\" ><div id=\"pgc-gb82-69e74b0845526-0-0\"  class=\"panel-grid-cell\" ><div id=\"panel-gb82-69e74b0845526-0-0-0\" class=\"so-panel widget widget_sow-hero panel-first-child panel-last-child\" data-index=\"0\" ><div\n\t\t\t\n\t\t\tclass=\"so-widget-sow-hero so-widget-sow-hero-default-14300d63f52e-82 so-widget-fittext-wrapper\"\n\t\t\t data-fit-text-compressor=\"0.85\"\n\t\t>\t\t\t\t<div class=\"sow-slider-base\" style=\"display: none\" tabindex=\"0\">\n\t\t\t\t\t<ul\n\t\t\t\t\tclass=\"sow-slider-images\"\n\t\t\t\t\tdata-settings=\"{&quot;pagination&quot;:true,&quot;speed&quot;:800,&quot;timeout&quot;:8000,&quot;paused&quot;:false,&quot;pause_on_hover&quot;:false,&quot;swipe&quot;:true,&quot;nav_always_show_desktop&quot;:&quot;&quot;,&quot;nav_always_show_mobile&quot;:&quot;&quot;,&quot;breakpoint&quot;:&quot;780px&quot;,&quot;unmute&quot;:false,&quot;anchor&quot;:null}\"\n\t\t\t\t\t\t\t\t\t\tdata-anchor-id=\"\"\n\t\t\t\t>\t\t<li class=\"sow-slider-image  sow-slider-image-cover\" style=\"visibility: visible;;background-color: #333333\" >\n\t\t\t\t\t<div class=\"sow-slider-image-container\">\n\t\t\t<div class=\"sow-slider-image-wrapper\">\n\t\t\t\t<h1 style=\"text-align: center;font-size: 38px;max-width: 720px;margin: 0px auto\">Nous travaillons en partenariat avec des entreprises leaders pour r\u00e9pondre pleinement \u00e0 vos besoins.<\/h1>\n\t\t\t<\/div>\n\t\t<\/div>\n\t\t<div class=\"sow-slider-image-overlay sow-slider-image-cover\" style=\"opacity: 0.3;background-image: url(https:\/\/www.alphinat.com\/fr\/wp-content\/uploads\/sites\/7\/2019\/02\/ea30b50928f4093ecd0b4204e2445b97e673ead618b9154397_1920.jpg)\"  ><\/div>\t\t<\/li>\n\t\t<\/ul>\t\t\t\t<ol class=\"sow-slider-pagination\">\n\t\t\t\t\t\t\t\t\t\t\t<li><a href=\"#\" data-goto=\"0\" aria-label=\"Display slide 1\"><\/a><\/li>\n\t\t\t\t\t\t\t\t\t<\/ol>\n\n\t\t\t\t<div class=\"sow-slide-nav sow-slide-nav-next\">\n\t\t\t\t\t<a href=\"#\" data-goto=\"next\" aria-label=\"Next slide\" data-action=\"next\">\n\t\t\t\t\t\t<em class=\"sow-sld-icon-thin-right\"><\/em>\n\t\t\t\t\t<\/a>\n\t\t\t\t<\/div>\n\n\t\t\t\t<div class=\"sow-slide-nav sow-slide-nav-prev\">\n\t\t\t\t\t<a href=\"#\" data-goto=\"previous\" aria-label=\"Previous slide\" data-action=\"prev\">\n\t\t\t\t\t\t<em class=\"sow-sld-icon-thin-left\"><\/em>\n\t\t\t\t\t<\/a>\n\t\t\t\t<\/div>\n\t\t\t\t<\/div><\/div><\/div><\/div><\/div><\/div><\/div>\n\n<div id=\"pl-gb82-69e74b08461e2\"  class=\"panel-layout\" ><div id=\"pg-gb82-69e74b08461e2-0\"  class=\"panel-grid panel-has-style\" ><div class=\"siteorigin-panels-stretch panel-row-style panel-row-style-for-gb82-69e74b08461e2-0\" data-stretch-type=\"full\" ><div id=\"pgc-gb82-69e74b08461e2-0-0\"  class=\"panel-grid-cell\" ><div id=\"panel-gb82-69e74b08461e2-0-0-0\" class=\"so-panel widget widget_sow-editor panel-first-child panel-last-child\" data-index=\"0\" ><div\n\t\t\t\n\t\t\tclass=\"so-widget-sow-editor so-widget-sow-editor-base\"\n\t\t\t\n\t\t>\n<div class=\"siteorigin-widget-tinymce textwidget\">\n\t<p><img decoding=\"async\" src=\"\/fr\/wp-content\/uploads\/sites\/7\/2018\/01\/unisys-logo.png\" alt=\"Unisys\" width=\"128\" class=\"aligncenter wp-image-334\" \/><\/p>\n<\/div>\n<\/div><\/div><\/div><div id=\"pgc-gb82-69e74b08461e2-0-1\"  class=\"panel-grid-cell\" ><div id=\"panel-gb82-69e74b08461e2-0-1-0\" class=\"so-panel widget widget_sow-editor panel-first-child panel-last-child\" data-index=\"1\" ><div\n\t\t\t\n\t\t\tclass=\"so-widget-sow-editor so-widget-sow-editor-base\"\n\t\t\t\n\t\t>\n<div class=\"siteorigin-widget-tinymce textwidget\">\n\t<p>Unisys est une soci\u00e9t\u00e9 internationale de technologies de l\u2019information qui collabore avec bon nombre des plus grandes entreprises et organisations gouvernementales du monde pour r\u00e9soudre leurs probl\u00e8mes informatiques et commerciaux les plus pressants.<\/p>\n<p>Unisys est sp\u00e9cialis\u00e9 dans la fourniture de solutions int\u00e9gr\u00e9es et de pointe aux clients des secteurs gouvernementaux, des services financiers et commerciaux.<\/p>\n<p>Avec plus de 20 000 employ\u00e9s au service de clients r\u00e9partis dans le monde entier, les solutions d&#8217;Unisys incluent des services d&#8217;infrastructure en nuage, des services d&#8217;application, des solutions de s\u00e9curit\u00e9 et une technologie de serveur haut de gamme.<\/p>\n<\/div>\n<\/div><\/div><\/div><\/div><\/div><\/div>\n\n<div id=\"pl-gb82-69e74b0846ac8\"  class=\"panel-layout\" ><div id=\"pg-gb82-69e74b0846ac8-0\"  class=\"panel-grid panel-has-style\" ><div class=\"siteorigin-panels-stretch panel-row-style panel-row-style-for-gb82-69e74b0846ac8-0\" data-stretch-type=\"full\" ><div id=\"pgc-gb82-69e74b0846ac8-0-0\"  class=\"panel-grid-cell\" ><div id=\"panel-gb82-69e74b0846ac8-0-0-0\" class=\"so-panel widget widget_sow-editor panel-first-child panel-last-child\" data-index=\"0\" ><div\n\t\t\t\n\t\t\tclass=\"so-widget-sow-editor so-widget-sow-editor-base\"\n\t\t\t\n\t\t>\n<div class=\"siteorigin-widget-tinymce textwidget\">\n\t<p><img decoding=\"async\" src=\"\/fr\/wp-content\/uploads\/sites\/7\/2019\/03\/logo-atos.png\" alt=\"Atos\" width=\"128\" class=\"aligncenter wp-image-923\" \/><\/p>\n<\/div>\n<\/div><\/div><\/div><div id=\"pgc-gb82-69e74b0846ac8-0-1\"  class=\"panel-grid-cell\" ><div id=\"panel-gb82-69e74b0846ac8-0-1-0\" class=\"so-panel widget widget_sow-editor panel-first-child panel-last-child\" data-index=\"1\" ><div\n\t\t\t\n\t\t\tclass=\"so-widget-sow-editor so-widget-sow-editor-base\"\n\t\t\t\n\t\t>\n<div class=\"siteorigin-widget-tinymce textwidget\">\n\t<p>Atos est un leader mondial de la transformation num\u00e9rique, avec 120 000 employ\u00e9s dans 73 pays et un chiffre d\u2019affaires annuel de 13 milliards d\u2019euros.<\/p>\n<p>N \u00b0 1 europ\u00e9en du Cloud, de la cybers\u00e9curit\u00e9 et de l\u2019informatique haute performance, le groupe fournit dans le monde entier un cloud hybride orchestr\u00e9, le Big Data, Applications m\u00e9tiers et solutions de postes de travail num\u00e9riques via son usine de transformation num\u00e9rique, ainsi que des services transactionnels via Worldline, le leader europ\u00e9en du secteur des paiements.<\/p>\n<\/div>\n<\/div><\/div><\/div><\/div><\/div><\/div>\n\n<div id=\"pl-gb82-69e74b08470f0\"  class=\"panel-layout\" ><div id=\"pg-gb82-69e74b08470f0-0\"  class=\"panel-grid panel-has-style\" ><div class=\"siteorigin-panels-stretch panel-row-style panel-row-style-for-gb82-69e74b08470f0-0\" data-stretch-type=\"full\" ><div id=\"pgc-gb82-69e74b08470f0-0-0\"  class=\"panel-grid-cell\" ><div id=\"panel-gb82-69e74b08470f0-0-0-0\" class=\"so-panel widget widget_sow-editor panel-first-child panel-last-child\" data-index=\"0\" ><div\n\t\t\t\n\t\t\tclass=\"so-widget-sow-editor so-widget-sow-editor-base\"\n\t\t\t\n\t\t>\n<div class=\"siteorigin-widget-tinymce textwidget\">\n\t<p><img decoding=\"async\" src=\"\/fr\/wp-content\/uploads\/sites\/7\/2018\/01\/maplesoft-logo.png\" alt=\"Maplesoft\" width=\"128\" class=\"aligncenter wp-image-333\" \/><\/p>\n<\/div>\n<\/div><\/div><\/div><div id=\"pgc-gb82-69e74b08470f0-0-1\"  class=\"panel-grid-cell\" ><div id=\"panel-gb82-69e74b08470f0-0-1-0\" class=\"so-panel widget widget_sow-editor panel-first-child panel-last-child\" data-index=\"1\" ><div\n\t\t\t\n\t\t\tclass=\"so-widget-sow-editor so-widget-sow-editor-base\"\n\t\t\t\n\t\t>\n<div class=\"siteorigin-widget-tinymce textwidget\">\n\t<p>Depuis 1996, nous aidons nos clients \u00e0 ex\u00e9cuter avec succ\u00e8s leurs strat\u00e9gies commerciales, \u00e0 cr\u00e9er de la valeur et \u00e0 obtenir des r\u00e9sultats mesurables gr\u00e2ce des prestations innovantes et collaboratives de services de conseil professionnels.<\/p>\n<p>Nous innovons. Nos professionnels talentueux aident les clients \u00e0 d\u00e9finir les strat\u00e9gies et \u00e0 \u00e9valuer, concevoir, d\u00e9velopper et mettre en \u0153uvre les syst\u00e8mes et les processus les mieux adapt\u00e9s \u00e0 leurs objectifs. Nous ex\u00e9cutons avec pr\u00e9cision en fournissant une expertise dans toutes les facettes des environnements commerciaux et technologiques de nos clients.<\/p>\n<\/div>\n<\/div><\/div><\/div><\/div><\/div><\/div>\n\n<div id=\"pl-gb82-69e74b08476d0\"  class=\"panel-layout\" ><div id=\"pg-gb82-69e74b08476d0-0\"  class=\"panel-grid panel-has-style\" ><div class=\"siteorigin-panels-stretch panel-row-style panel-row-style-for-gb82-69e74b08476d0-0\" data-stretch-type=\"full\" ><div id=\"pgc-gb82-69e74b08476d0-0-0\"  class=\"panel-grid-cell\" ><div id=\"panel-gb82-69e74b08476d0-0-0-0\" class=\"so-panel widget widget_sow-editor panel-first-child panel-last-child\" data-index=\"0\" ><div\n\t\t\t\n\t\t\tclass=\"so-widget-sow-editor so-widget-sow-editor-base\"\n\t\t\t\n\t\t>\n<div class=\"siteorigin-widget-tinymce textwidget\">\n\t<p><img decoding=\"async\" class=\"wp-image-1717 size-medium aligncenter\" src=\"https:\/\/www.alphinat.com\/fr\/wp-content\/uploads\/sites\/7\/2023\/09\/MicrosoftTeams-image-300x189.png\" alt=\"\" width=\"250\" height=\"189\" \/><\/p>\n<\/div>\n<\/div><\/div><\/div><div id=\"pgc-gb82-69e74b08476d0-0-1\"  class=\"panel-grid-cell\" ><div id=\"panel-gb82-69e74b08476d0-0-1-0\" class=\"so-panel widget widget_sow-editor panel-first-child panel-last-child\" data-index=\"1\" ><div\n\t\t\t\n\t\t\tclass=\"so-widget-sow-editor so-widget-sow-editor-base\"\n\t\t\t\n\t\t>\n<div class=\"siteorigin-widget-tinymce textwidget\">\n\t<p>Red Hat, Inc. est une soci\u00e9t\u00e9 de logiciels am\u00e9ricaine qui fournit des produits logiciels open source aux entreprises et est une filiale d&#8217;IBM, connue pour son produit phare, Red Hat Enterprise Linux (RHEL). Fond\u00e9e en 1993, Red Hat a son si\u00e8ge social \u00e0 Raleigh, en Caroline du Nord, ainsi que d&#8217;autres bureaux dans le monde entier.<\/p>\n<p>La soci\u00e9t\u00e9 a jou\u00e9 un r\u00f4le important dans la vulgarisation de Linux dans les environnements commerciaux et gouvernementaux. L&#8217;engagement de l&#8217;entreprise en faveur de l&#8217;open source s&#8217;\u00e9tend au parrainage du projet Fedora, une distribution Linux communautaire qui sert de terrain d&#8217;essai pour les technologies utilis\u00e9es dans RHEL.<\/p>\n<\/div>\n<\/div><\/div><\/div><\/div><\/div><\/div>\n\n<div id=\"pl-gb82-69e74b0847caa\"  class=\"panel-layout\" ><div id=\"pg-gb82-69e74b0847caa-0\"  class=\"panel-grid panel-no-style\" ><div id=\"pgc-gb82-69e74b0847caa-0-0\"  class=\"panel-grid-cell\" ><div id=\"panel-gb82-69e74b0847caa-0-0-0\" class=\"so-panel widget widget_sow-editor panel-first-child panel-last-child\" data-index=\"0\" ><div\n\t\t\t\n\t\t\tclass=\"so-widget-sow-editor so-widget-sow-editor-base\"\n\t\t\t\n\t\t>\n<div class=\"siteorigin-widget-tinymce textwidget\">\n\t<h3 style=\"text-align: center;\">Veuillez nous <a href=\"\/fr\/contact\">contacter<\/a> pour en savoir plus sur l&#8217;un de nos partenaires ou sur le partenariat avec Alphinat.<\/h3>\n<\/div>\n<\/div><\/div><\/div><\/div><\/div>","protected":false},"excerpt":{"rendered":"","protected":false},"author":1,"featured_media":0,"parent":0,"menu_order":0,"comment_status":"closed","ping_status":"closed","template":"landing-page.php","meta":{"footnotes":""},"_links":{"self":[{"href":"https:\/\/www.alphinat.com\/fr\/wp-json\/wp\/v2\/pages\/82"}],"collection":[{"href":"https:\/\/www.alphinat.com\/fr\/wp-json\/wp\/v2\/pages"}],"about":[{"href":"https:\/\/www.alphinat.com\/fr\/wp-json\/wp\/v2\/types\/page"}],"author":[{"embeddable":true,"href":"https:\/\/www.alphinat.com\/fr\/wp-json\/wp\/v2\/users\/1"}],"replies":[{"embeddable":true,"href":"https:\/\/www.alphinat.com\/fr\/wp-json\/wp\/v2\/comments?post=82"}],"version-history":[{"count":9,"href":"https:\/\/www.alphinat.com\/fr\/wp-json\/wp\/v2\/pages\/82\/revisions"}],"predecessor-version":[{"id":1930,"href":"https:\/\/www.alphinat.com\/fr\/wp-json\/wp\/v2\/pages\/82\/revisions\/1930"}],"wp:attachment":[{"href":"https:\/\/www.alphinat.com\/fr\/wp-json\/wp\/v2\/media?parent=82"}],"curies":[{"name":"wp","href":"https:\/\/api.w.org\/{rel}","templated":true}]}}