

{"id":867,"date":"2019-03-14T16:19:26","date_gmt":"2019-03-14T16:19:26","guid":{"rendered":"https:\/\/www.alphinat.com\/new\/?page_id=867"},"modified":"2024-10-09T14:20:05","modified_gmt":"2024-10-09T18:20:05","slug":"contact","status":"publish","type":"page","link":"https:\/\/www.alphinat.com\/fr\/contact\/","title":{"rendered":"Nous joindre"},"content":{"rendered":"<div id=\"pl-867\"  class=\"panel-layout\" ><div id=\"pg-867-0\"  class=\"panel-grid panel-has-style\" ><div class=\"siteorigin-panels-stretch panel-row-style panel-row-style-for-867-0\" data-stretch-type=\"full-width-stretch\" ><div id=\"pgc-867-0-0\"  class=\"panel-grid-cell\" ><div id=\"panel-867-0-0-0\" class=\"so-panel widget widget_sow-hero panel-first-child panel-last-child\" data-index=\"0\" ><div\n\t\t\t\n\t\t\tclass=\"so-widget-sow-hero so-widget-sow-hero-default-94e98e6aebe4-867 so-widget-fittext-wrapper\"\n\t\t\t data-fit-text-compressor=\"0.85\"\n\t\t>\t\t\t\t<div class=\"sow-slider-base\" style=\"display: none\" tabindex=\"0\">\n\t\t\t\t\t<ul\n\t\t\t\t\tclass=\"sow-slider-images\"\n\t\t\t\t\tdata-settings=\"{&quot;pagination&quot;:true,&quot;speed&quot;:800,&quot;timeout&quot;:8000,&quot;paused&quot;:false,&quot;pause_on_hover&quot;:false,&quot;swipe&quot;:true,&quot;nav_always_show_desktop&quot;:&quot;&quot;,&quot;nav_always_show_mobile&quot;:&quot;&quot;,&quot;breakpoint&quot;:&quot;780px&quot;,&quot;unmute&quot;:false,&quot;anchor&quot;:null}\"\n\t\t\t\t\t\t\t\t\t\tdata-anchor-id=\"\"\n\t\t\t\t>\t\t<li class=\"sow-slider-image  sow-slider-image-cover\" style=\"visibility: visible;;background-color: #333333\" >\n\t\t\t\t\t<div class=\"sow-slider-image-container\">\n\t\t\t<div class=\"sow-slider-image-wrapper\">\n\t\t\t\t<h1 style=\"text-align: center\">Comment pouvons nous aider?<\/h1>\n<h3 style=\"text-align: center\">Vous trouverez un moyen facile de nous contacter juste ici<\/h3>\n\t\t\t<\/div>\n\t\t<\/div>\n\t\t<div class=\"sow-slider-image-overlay sow-slider-image-cover\" style=\"opacity: 0.6;background-image: url(https:\/\/www.alphinat.com\/fr\/wp-content\/uploads\/sites\/7\/2019\/03\/contact-us-2697949_1280.jpg)\"  ><\/div>\t\t<\/li>\n\t\t<\/ul>\t\t\t\t<ol class=\"sow-slider-pagination\">\n\t\t\t\t\t\t\t\t\t\t\t<li><a href=\"#\" data-goto=\"0\" aria-label=\"Display slide 1\"><\/a><\/li>\n\t\t\t\t\t\t\t\t\t<\/ol>\n\n\t\t\t\t<div class=\"sow-slide-nav sow-slide-nav-next\">\n\t\t\t\t\t<a href=\"#\" data-goto=\"next\" aria-label=\"Next slide\" data-action=\"next\">\n\t\t\t\t\t\t<em class=\"sow-sld-icon-thin-right\"><\/em>\n\t\t\t\t\t<\/a>\n\t\t\t\t<\/div>\n\n\t\t\t\t<div class=\"sow-slide-nav sow-slide-nav-prev\">\n\t\t\t\t\t<a href=\"#\" data-goto=\"previous\" aria-label=\"Previous slide\" data-action=\"prev\">\n\t\t\t\t\t\t<em class=\"sow-sld-icon-thin-left\"><\/em>\n\t\t\t\t\t<\/a>\n\t\t\t\t<\/div>\n\t\t\t\t<\/div><\/div><\/div><\/div><\/div><\/div><div id=\"pg-867-1\"  class=\"panel-grid panel-no-style\" ><div id=\"pgc-867-1-0\"  class=\"panel-grid-cell\" ><div id=\"panel-867-1-0-0\" class=\"so-panel widget widget_sow-editor panel-first-child panel-last-child\" data-index=\"1\" ><div\n\t\t\t\n\t\t\tclass=\"so-widget-sow-editor so-widget-sow-editor-base\"\n\t\t\t\n\t\t>\n<div class=\"siteorigin-widget-tinymce textwidget\">\n\t<p>Si vous avez des commentaires ou des questions concernant Alphinat ou la suite logicielle SmartGuide\u00ae, veuillez remplir le formulaire de contact et nous vous reviendrons dans les plus brefs d\u00e9lais..<\/p>\n<h3>Appelez nous<\/h3>\n<p>Si vous pr\u00e9f\u00e9rez parler \u00e0 l'un de nos repr\u00e9sentants, veuillez appeler l'un des num\u00e9ros suivants:<\/p>\n<p><b>Sans frais aux \u00c9tats-Unis et au Canada<\/b><br \/>\n+1 (877) 773-9799<\/p>\n<p><b>Num\u00e9ros directs<\/b><br \/>\n+1 (312) 628-2394 \u00a0 | \u00a0 +1 (514) 398-9799<br \/>\n+1 (617) 861-4685 \u00a0 | \u00a0 +1 (646) 274-1189<br \/>\nFax: +1 (514) 398-9353<\/p>\n<h3>\u00c9crivez-nous<\/h3>\n<p>Si vous pr\u00e9f\u00e9rez entrer en contact \u00e0 l\u2019ancienne, \u00e9crivez-nous \u00e0 l\u2019adresse suivante:<\/p>\n<p>Alphinat Inc.<br \/>\n1010 rue Sherbrooke St. O.<br \/>\nSuite 718<br \/>\nMontreal, QC<br \/>\nCanada H3A 2R7<\/p>\n<\/div>\n<\/div><\/div><\/div><div id=\"pgc-867-1-1\"  class=\"panel-grid-cell\" ><div id=\"panel-867-1-1-0\" class=\"so-panel widget widget_sow-editor panel-first-child panel-last-child\" data-index=\"2\" ><div class=\"panel-widget-style panel-widget-style-for-867-1-1-0\" ><div\n\t\t\t\n\t\t\tclass=\"so-widget-sow-editor so-widget-sow-editor-base\"\n\t\t\t\n\t\t>\n<div class=\"siteorigin-widget-tinymce textwidget\">\n\t<iframe style=\"width: 1px; min-width: 100%;\" src=\"\/\/site.alphinat.com\/smartlets\/sfjsp?interviewID=inquiry-form\" frameborder=\"0\" scrolling=\"no\"><\/iframe><\/div>\n<\/div><\/div><\/div><\/div><\/div><\/div>","protected":false},"excerpt":{"rendered":"<p>Si vous avez des commentaires ou des questions concernant Alphinat ou la suite logicielle SmartGuide\u00ae, veuillez remplir le formulaire de contact et nous vous reviendrons dans les plus brefs d\u00e9lais.. Appelez nous Si vous pr\u00e9f\u00e9rez parler \u00e0 l&#8217;un de nos repr\u00e9sentants, veuillez appeler l&#8217;un des num\u00e9ros suivants: Sans frais aux \u00c9tats-Unis et au Canada +1 [&hellip;]<\/p>\n","protected":false},"author":1,"featured_media":0,"parent":0,"menu_order":0,"comment_status":"closed","ping_status":"closed","template":"landing-page.php","meta":{"footnotes":""},"_links":{"self":[{"href":"https:\/\/www.alphinat.com\/fr\/wp-json\/wp\/v2\/pages\/867"}],"collection":[{"href":"https:\/\/www.alphinat.com\/fr\/wp-json\/wp\/v2\/pages"}],"about":[{"href":"https:\/\/www.alphinat.com\/fr\/wp-json\/wp\/v2\/types\/page"}],"author":[{"embeddable":true,"href":"https:\/\/www.alphinat.com\/fr\/wp-json\/wp\/v2\/users\/1"}],"replies":[{"embeddable":true,"href":"https:\/\/www.alphinat.com\/fr\/wp-json\/wp\/v2\/comments?post=867"}],"version-history":[{"count":3,"href":"https:\/\/www.alphinat.com\/fr\/wp-json\/wp\/v2\/pages\/867\/revisions"}],"predecessor-version":[{"id":1934,"href":"https:\/\/www.alphinat.com\/fr\/wp-json\/wp\/v2\/pages\/867\/revisions\/1934"}],"wp:attachment":[{"href":"https:\/\/www.alphinat.com\/fr\/wp-json\/wp\/v2\/media?parent=867"}],"curies":[{"name":"wp","href":"https:\/\/api.w.org\/{rel}","templated":true}]}}