

{"id":892,"date":"2019-03-22T14:01:35","date_gmt":"2019-03-22T14:01:35","guid":{"rendered":"https:\/\/www.alphinat.com\/new\/?page_id=892"},"modified":"2019-04-23T18:18:42","modified_gmt":"2019-04-23T18:18:42","slug":"essai-gratuit","status":"publish","type":"page","link":"https:\/\/www.alphinat.com\/fr\/essai-gratuit\/","title":{"rendered":"Essai gratuit"},"content":{"rendered":"<div id=\"pl-gb892-69e7505cdd842\"  class=\"panel-layout\" ><div id=\"pg-gb892-69e7505cdd842-0\"  class=\"panel-grid panel-has-style\" ><div class=\"siteorigin-panels-stretch panel-row-style panel-row-style-for-gb892-69e7505cdd842-0\" data-stretch-type=\"full-width-stretch\" ><div id=\"pgc-gb892-69e7505cdd842-0-0\"  class=\"panel-grid-cell\" ><div id=\"panel-gb892-69e7505cdd842-0-0-0\" class=\"so-panel widget widget_sow-hero panel-first-child panel-last-child\" data-index=\"0\" ><div\n\t\t\t\n\t\t\tclass=\"so-widget-sow-hero so-widget-sow-hero-default-ad6931d86e3a-892 so-widget-fittext-wrapper\"\n\t\t\t data-fit-text-compressor=\"0.85\"\n\t\t>\t\t\t\t<div class=\"sow-slider-base\" style=\"display: none\" tabindex=\"0\">\n\t\t\t\t\t<ul\n\t\t\t\t\tclass=\"sow-slider-images\"\n\t\t\t\t\tdata-settings=\"{&quot;pagination&quot;:true,&quot;speed&quot;:800,&quot;timeout&quot;:8000,&quot;paused&quot;:false,&quot;pause_on_hover&quot;:false,&quot;swipe&quot;:true,&quot;nav_always_show_desktop&quot;:&quot;&quot;,&quot;nav_always_show_mobile&quot;:&quot;&quot;,&quot;breakpoint&quot;:&quot;780px&quot;,&quot;unmute&quot;:false,&quot;anchor&quot;:null}\"\n\t\t\t\t\t\t\t\t\t\tdata-anchor-id=\"\"\n\t\t\t\t>\t\t<li class=\"sow-slider-image  sow-slider-image-cover\" style=\"visibility: visible;;background-color: #333333\" >\n\t\t\t\t\t<div class=\"sow-slider-image-container\">\n\t\t\t<div class=\"sow-slider-image-wrapper\">\n\t\t\t\t<h2 style=\"text-align: center\">Qualifiez-vous pour un essai gratuit de 30 jours de SmartGuide<\/h2>\n\t\t\t<\/div>\n\t\t<\/div>\n\t\t<div class=\"sow-slider-image-overlay sow-slider-image-cover\" style=\"opacity: 0.6;background-image: url(https:\/\/www.alphinat.com\/fr\/wp-content\/uploads\/sites\/7\/2017\/07\/ef35b7082ef11c3e815d4401ee514793e27fe3dd1fb71343_1920.jpg)\"  ><\/div>\t\t<\/li>\n\t\t<\/ul>\t\t\t\t<ol class=\"sow-slider-pagination\">\n\t\t\t\t\t\t\t\t\t\t\t<li><a href=\"#\" data-goto=\"0\" aria-label=\"Display slide 1\"><\/a><\/li>\n\t\t\t\t\t\t\t\t\t<\/ol>\n\n\t\t\t\t<div class=\"sow-slide-nav sow-slide-nav-next\">\n\t\t\t\t\t<a href=\"#\" data-goto=\"next\" aria-label=\"Next slide\" data-action=\"next\">\n\t\t\t\t\t\t<em class=\"sow-sld-icon-thin-right\"><\/em>\n\t\t\t\t\t<\/a>\n\t\t\t\t<\/div>\n\n\t\t\t\t<div class=\"sow-slide-nav sow-slide-nav-prev\">\n\t\t\t\t\t<a href=\"#\" data-goto=\"previous\" aria-label=\"Previous slide\" data-action=\"prev\">\n\t\t\t\t\t\t<em class=\"sow-sld-icon-thin-left\"><\/em>\n\t\t\t\t\t<\/a>\n\t\t\t\t<\/div>\n\t\t\t\t<\/div><\/div><\/div><\/div><\/div><\/div><\/div>\n\n<div id=\"pl-gb892-69e7505cde429\"  class=\"panel-layout\" ><div id=\"pg-gb892-69e7505cde429-0\"  class=\"panel-grid panel-no-style\" ><div id=\"pgc-gb892-69e7505cde429-0-0\"  class=\"panel-grid-cell\" ><div id=\"panel-gb892-69e7505cde429-0-0-0\" class=\"so-panel widget widget_sow-editor panel-first-child panel-last-child\" data-index=\"0\" ><div\n\t\t\t\n\t\t\tclass=\"so-widget-sow-editor so-widget-sow-editor-base\"\n\t\t\t\n\t\t>\n<div class=\"siteorigin-widget-tinymce textwidget\">\n\t<h4>Vous souhaitez en savoir plus sur la mani\u00e8re dont SmartGuide peut vous aider \u00e0 d\u00e9velopper des applications Web, cloud et mobiles plus performantes et plus rapides que jamais?<\/h4>\n<p>Contactez l&#8217;un de nos repr\u00e9sentants pour b\u00e9n\u00e9ficier d&#8217;un essai gratuit.<\/p>\n<p>Il vous suffit de remplir le formulaire d&#8217;inscription et un repr\u00e9sentant d&#8217;Alphinat communiquera avec vous afin d&#8217;\u00e9valuer vos besoins et vous expliquer notre service d&#8217;essai gratuit.<\/p>\n<\/div>\n<\/div><\/div><\/div><div id=\"pgc-gb892-69e7505cde429-0-1\"  class=\"panel-grid-cell\" ><div id=\"panel-gb892-69e7505cde429-0-1-0\" class=\"so-panel widget widget_sow-editor panel-first-child panel-last-child\" data-index=\"1\" ><div\n\t\t\t\n\t\t\tclass=\"so-widget-sow-editor so-widget-sow-editor-base\"\n\t\t\t\n\t\t>\n<div class=\"siteorigin-widget-tinymce textwidget\">\n\t<p><iframe style=\"width: 1px; min-width: 100%;\" src=\"\/\/site.alphinat.com\/smartlets\/sfjsp?interviewID=freetrialrequest\" frameborder=\"0\" scrolling=\"no\"><\/iframe><\/p>\n<\/div>\n<\/div><\/div><\/div><\/div><\/div>","protected":false},"excerpt":{"rendered":"","protected":false},"author":1,"featured_media":0,"parent":0,"menu_order":0,"comment_status":"closed","ping_status":"closed","template":"landing-page.php","meta":{"footnotes":""},"_links":{"self":[{"href":"https:\/\/www.alphinat.com\/fr\/wp-json\/wp\/v2\/pages\/892"}],"collection":[{"href":"https:\/\/www.alphinat.com\/fr\/wp-json\/wp\/v2\/pages"}],"about":[{"href":"https:\/\/www.alphinat.com\/fr\/wp-json\/wp\/v2\/types\/page"}],"author":[{"embeddable":true,"href":"https:\/\/www.alphinat.com\/fr\/wp-json\/wp\/v2\/users\/1"}],"replies":[{"embeddable":true,"href":"https:\/\/www.alphinat.com\/fr\/wp-json\/wp\/v2\/comments?post=892"}],"version-history":[{"count":0,"href":"https:\/\/www.alphinat.com\/fr\/wp-json\/wp\/v2\/pages\/892\/revisions"}],"wp:attachment":[{"href":"https:\/\/www.alphinat.com\/fr\/wp-json\/wp\/v2\/media?parent=892"}],"curies":[{"name":"wp","href":"https:\/\/api.w.org\/{rel}","templated":true}]}}