

{"id":925,"date":"2019-03-26T10:42:23","date_gmt":"2019-03-26T10:42:23","guid":{"rendered":"https:\/\/www.alphinat.com\/new\/?page_id=925"},"modified":"2023-11-14T14:17:08","modified_gmt":"2023-11-14T19:17:08","slug":"politique-cookie","status":"publish","type":"page","link":"https:\/\/www.alphinat.com\/fr\/politique-cookie\/","title":{"rendered":"Politique de cookie"},"content":{"rendered":"<p>Ceci est la politique de cookie pour Alphinat, accessible \u00e0 partir de https:\/\/www.alphinat.com<\/p>\n<h2>Que sont les cookies<\/h2>\n<p>Comme il est de pratique courante dans presque tous les sites Web professionnels, ce site utilise des cookies, qui sont de minuscules fichiers t\u00e9l\u00e9charg\u00e9s sur votre ordinateur, pour am\u00e9liorer votre exp\u00e9rience. Cette page d\u00e9crit quelles informations ils collectent, comment nous les utilisons et pourquoi nous avons parfois besoin de stocker ces cookies. Nous vous expliquerons \u00e9galement comment vous pouvez emp\u00eacher le stockage de ces cookies, mais cela pourrait entra\u00eener une d\u00e9gradation de la qualit\u00e9 de certains \u00e9l\u00e9ments de la fonctionnalit\u00e9 du site.<\/p>\n<p>Pour plus d&#8217;informations g\u00e9n\u00e9rales sur les cookies, consultez l&#8217;article de Wikipedia sur les cookies HTTP.<\/p>\n<h2>Comment utilisons-nous les cookies?<\/h2>\n<p>Nous utilisons des cookies pour diverses raisons d\u00e9taill\u00e9es ci-dessous. Malheureusement, dans la plupart des cas, il n\u2019existe pas d\u2019option standard de l\u2019industrie pour la d\u00e9sactivation des cookies sans d\u00e9sactiver compl\u00e8tement les fonctionnalit\u00e9s qu\u2019ils ajoutent \u00e0 ce site. Il est recommand\u00e9 de laisser tous les cookies si vous ne savez pas si vous en avez besoin ou non, s&#8217;ils sont utilis\u00e9s pour fournir un service que vous utilisez.<\/p>\n<h2>D\u00e9sactiver les cookies<\/h2>\n<p>Vous pouvez emp\u00eacher l&#8217;installation de cookies en ajustant les param\u00e8tres de votre navigateur (consultez l&#8217;aide de votre navigateur pour savoir comment faire). Sachez que la d\u00e9sactivation des cookies affectera les fonctionnalit\u00e9s de ce site et de nombreux autres sites Web que vous visitez. La d\u00e9sactivation des cookies entra\u00eene \u00e9galement la d\u00e9sactivation de certaines fonctionnalit\u00e9s et fonctionnalit\u00e9s de ce site. Par cons\u00e9quent, il est recommand\u00e9 de ne pas d\u00e9sactiver les cookies.<\/p>\n<h2>Les cookies que nous avons install\u00e9s<\/h2>\n<ul>\n<li>\n<h3>Cookies li\u00e9s au compte<\/h3>\n<p>Si vous cr\u00e9ez un compte chez nous, nous utiliserons des cookies pour la gestion du processus d&#8217;inscription et l&#8217;administration g\u00e9n\u00e9rale. Ces cookies sont g\u00e9n\u00e9ralement supprim\u00e9s lorsque vous vous d\u00e9connectez. Cependant, dans certains cas, ils peuvent rester apr\u00e8s pour m\u00e9moriser les pr\u00e9f\u00e9rences de votre site lorsque vous vous d\u00e9connectez.<\/li>\n<li>\n<h3>Cookies li\u00e9s \u00e0 la connexion<\/h3>\n<p>Nous utilisons des cookies lorsque vous \u00eates connect\u00e9 afin de pouvoir nous en souvenir. Cela vous \u00e9vite d&#8217;avoir \u00e0 vous connecter chaque fois que vous visitez une nouvelle page. Ces cookies sont g\u00e9n\u00e9ralement supprim\u00e9s ou effac\u00e9s lorsque vous vous d\u00e9connectez pour vous assurer que vous ne pouvez acc\u00e9der qu&#8217;aux fonctions et zones restreintes une fois connect\u00e9s.<\/li>\n<li>\n<h3>Cookies li\u00e9s aux newsletters<\/h3>\n<p>Ce site propose des services d&#8217;abonnement aux newsletters ou aux courriers \u00e9lectroniques. Les cookies peuvent \u00eatre utilis\u00e9s pour vous rappeler si vous \u00eates d\u00e9j\u00e0 inscrit et si vous souhaitez afficher certaines notifications qui pourraient n&#8217;\u00eatre valables que pour les utilisateurs abonn\u00e9s \/ non abonn\u00e9s.<\/li>\n<li>\n<h3>Formulaires li\u00e9s aux cookies<\/h3>\n<p>Lorsque vous soumettez des donn\u00e9es via un formulaire tel que celles trouv\u00e9es sur les pages de contact ou les formulaires de commentaires, les cookies peuvent \u00eatre configur\u00e9s pour m\u00e9moriser les informations de votre utilisateur pour une correspondance ult\u00e9rieure.<\/li>\n<\/ul>\n<h2>Cookies de tiers<\/h2>\n<p>Dans certains cas particuliers, nous utilisons \u00e9galement des cookies fournis par des tiers de confiance. La section suivante d\u00e9taille les cookies tiers que vous pourriez rencontrer via ce site.<\/p>\n<ul>\n<li>Ce site utilise Google Analytics, l\u2019une des solutions d\u2019analyse les plus r\u00e9pandues et les plus fiables sur le Web, qui nous aide \u00e0 comprendre comment vous utilisez le site et comment nous pouvons am\u00e9liorer votre exp\u00e9rience. Ces cookies peuvent suivre des choses telles que le temps que vous passez sur le site et les pages que vous visitez, afin que nous puissions continuer \u00e0 produire un contenu attrayant. Pour plus d&#8217;informations sur les cookies Google Analytics, voir la page officielle de Google Analytics.<\/li>\n<li>Ce site utilise Mautic, une plate-forme d\u2019automatisation du marketing. Ces cookies peuvent enregistrer votre visite sur notre site Web, les pages que vous avez visit\u00e9es et les liens que vous avez suivis. Nous pouvons utiliser ces informations pour adapter notre site Web \u00e0 vos int\u00e9r\u00eats.<\/li>\n<\/ul>\n<h2>Plus d&#8217;information<\/h2>\n<p>Nous esp\u00e9rons que cela clarifie les choses pour vous et comme cela a \u00e9t\u00e9 mentionn\u00e9 pr\u00e9c\u00e9demment, si vous ne savez pas vraiment si vous avez besoin de quelque chose, il est g\u00e9n\u00e9ralement plus prudent de laisser les cookies activ\u00e9s au cas o\u00f9 ils interagiraient avec l&#8217;une des fonctionnalit\u00e9s utilis\u00e9es sur notre site. Si vous recherchez toujours plus d\u2019informations, veuillez visiter notre page de\u00a0<a href=\"https:\/\/www.alphinat.com\/fr\/politique-confidentialite\/\">politique de confidentialit\u00e9<\/a> ou vous pouvez nous contacter en visitant ce lien: <a href=\"https:\/\/www.alphinat.com\/fr\/contact\/\">https:\/\/www.alphinat.com\/fr\/contact\/<\/a><\/p>\n","protected":false},"excerpt":{"rendered":"<p>Ceci est la politique de cookie pour Alphinat, accessible \u00e0 partir de https:\/\/www.alphinat.com Que sont les cookies Comme il est de pratique courante dans presque tous les sites Web professionnels, ce site utilise des cookies, qui sont de minuscules fichiers t\u00e9l\u00e9charg\u00e9s sur votre ordinateur, pour am\u00e9liorer votre exp\u00e9rience. Cette page d\u00e9crit quelles informations ils collectent, [&hellip;]<\/p>\n","protected":false},"author":1,"featured_media":0,"parent":0,"menu_order":0,"comment_status":"closed","ping_status":"closed","template":"","meta":{"footnotes":""},"_links":{"self":[{"href":"https:\/\/www.alphinat.com\/fr\/wp-json\/wp\/v2\/pages\/925"}],"collection":[{"href":"https:\/\/www.alphinat.com\/fr\/wp-json\/wp\/v2\/pages"}],"about":[{"href":"https:\/\/www.alphinat.com\/fr\/wp-json\/wp\/v2\/types\/page"}],"author":[{"embeddable":true,"href":"https:\/\/www.alphinat.com\/fr\/wp-json\/wp\/v2\/users\/1"}],"replies":[{"embeddable":true,"href":"https:\/\/www.alphinat.com\/fr\/wp-json\/wp\/v2\/comments?post=925"}],"version-history":[{"count":1,"href":"https:\/\/www.alphinat.com\/fr\/wp-json\/wp\/v2\/pages\/925\/revisions"}],"predecessor-version":[{"id":1820,"href":"https:\/\/www.alphinat.com\/fr\/wp-json\/wp\/v2\/pages\/925\/revisions\/1820"}],"wp:attachment":[{"href":"https:\/\/www.alphinat.com\/fr\/wp-json\/wp\/v2\/media?parent=925"}],"curies":[{"name":"wp","href":"https:\/\/api.w.org\/{rel}","templated":true}]}}