

{"id":926,"date":"2019-03-26T11:26:47","date_gmt":"2019-03-26T11:26:47","guid":{"rendered":"https:\/\/www.alphinat.com\/new\/?page_id=926"},"modified":"2019-04-23T17:49:59","modified_gmt":"2019-04-23T17:49:59","slug":"politique-confidentialite","status":"publish","type":"page","link":"https:\/\/www.alphinat.com\/fr\/politique-confidentialite\/","title":{"rendered":"Politique de confidentialit\u00e9"},"content":{"rendered":"<p>Nous nous engageons \u00e0 prot\u00e9ger vos informations personnelles et votre droit \u00e0 la vie priv\u00e9e. Si vous avez des questions ou des pr\u00e9occupations concernant notre politique ou nos pratiques en ce qui concerne vos informations personnelles, veuillez nous contacter.<\/p>\n<p>Cette politique de confidentialit\u00e9 r\u00e9git les politiques et pratiques de confidentialit\u00e9 de notre site Web, situ\u00e9 sur alphinat.com. Veuillez lire attentivement notre politique de confidentialit\u00e9, car elle vous aidera \u00e0 prendre des d\u00e9cisions \u00e9clair\u00e9es concernant le partage de vos informations personnelles avec nous.<\/p>\n<p>Nous avons mis \u00e0 jour notre politique de confidentialit\u00e9 le 26 mars 2019.<\/p>\n<h2>Informations collect\u00e9es<\/h2>\n<p>En tant que visiteur, vous pouvez parcourir notre site Web pour en savoir plus sur notre soci\u00e9t\u00e9 et nos produits. Vous n&#8217;\u00eates pas oblig\u00e9 de nous fournir des informations personnelles en tant que visiteur.<\/p>\n<p>Nous recueillons vos informations personnelles lorsque vous vous enregistrez aupr\u00e8s de nous (\u00abutilisateur\u00bb), lorsque vous exprimez l\u2019int\u00e9r\u00eat d\u2019obtenir des informations sur nous ou sur nos produits et services, lorsque vous participez \u00e0 des activit\u00e9s sur notre site Web (telles que l\u2019utilisation de nos applications de d\u00e9monstration ou des applications gratuites) ou autrement nous contacter.<\/p>\n<p>En r\u00e8gle g\u00e9n\u00e9rale, vous contr\u00f4lez la quantit\u00e9 et le type d&#8217;informations que vous nous fournissez lorsque vous utilisez notre site Web. Les informations personnelles que nous collectons d\u00e9pendent du contexte de vos interactions avec nous et avec le site Web, des choix que vous faites et des produits et fonctionnalit\u00e9s que vous utilisez. Les informations personnelles que nous collectons peuvent inclure:<\/p>\n<ul>\n<li>Nom, adresse courriel et donn\u00e9es de contact<\/li>\n<\/ul>\n<h2>Informations collect\u00e9es automatiquement<\/h2>\n<p>Lorsque vous utilisez notre site Web, nous collectons automatiquement certaines informations informatiques par l\u2019interaction de votre t\u00e9l\u00e9phone portable ou de votre navigateur Web avec notre site Web. Ces informations sont g\u00e9n\u00e9ralement consid\u00e9r\u00e9es comme des informations non personnelles. Nous recueillons \u00e9galement les \u00e9l\u00e9ments suivants:<\/p>\n<ul>\n<li>\n<h3>Cookies<\/h3>\n<p>Notre site Web utilise des &#8220;cookies&#8221; pour identifier les zones de notre site Web que vous avez visit\u00e9es. Un cookie est une petite donn\u00e9e stock\u00e9e sur votre ordinateur ou votre appareil mobile par votre navigateur Web. Nous utilisons des cookies pour personnaliser le contenu que vous voyez sur notre site Web. La plupart des navigateurs Web peuvent \u00eatre configur\u00e9s pour d\u00e9sactiver l&#8217;utilisation des cookies. Toutefois, si vous d\u00e9sactivez les cookies, vous ne pourrez peut-\u00eatre pas acc\u00e9der aux fonctionnalit\u00e9s de notre site Web correctement ou pas du tout. Nous ne mettons jamais d&#8217;informations personnelles identifiables dans des cookies. Pour plus d&#8217;informations s&#8217;il vous pla\u00eet visitez notre page de <a href=\"https:\/\/www.alphinat.com\/fr\/politique-cookie\/\">Politique de cookie<\/a>.<\/p>\n<\/li>\n<li>\n<h3>Outils de suivi tiers<\/h3>\n<p>Nous utilisons \u00e9galement des outils de suivi tiers pour am\u00e9liorer les performances et les fonctionnalit\u00e9s de notre site Web. Ces outils de suivi tiers sont con\u00e7us pour collecter uniquement des informations non personnelles sur votre utilisation de notre site Web. Cependant, vous comprenez que de tels outils sont cr\u00e9\u00e9s et g\u00e9r\u00e9s par des parties ind\u00e9pendantes de notre volont\u00e9. En tant que tels, nous ne sommes pas responsables des informations r\u00e9ellement captur\u00e9es par ces tiers ni de la mani\u00e8re dont ces tiers les utilisent et les prot\u00e8gent.<\/p>\n<\/li>\n<li>\n<h3>Informations au logs<\/h3>\n<p>Nous recevons automatiquement des informations de votre navigateur Web ou de votre appareil mobile. Ces informations incluent le nom du site Web \u00e0 partir duquel vous avez acc\u00e9d\u00e9 \u00e0 notre site Web, le cas \u00e9ch\u00e9ant, ainsi que le nom du site Web auquel vous vous dirigez lorsque vous quittez notre site Web. Ces informations incluent \u00e9galement l&#8217;adresse IP de votre ordinateur \/ serveur proxy que vous utilisez pour acc\u00e9der \u00e0 Internet, le nom de votre fournisseur de site Web Internet, le type de navigateur Web, le type de p\u00e9riph\u00e9rique mobile et le syst\u00e8me d&#8217;exploitation de l&#8217;ordinateur. Nous pouvons utiliser ces informations pour analyser les tendances parmi nos utilisateurs afin d&#8217;am\u00e9liorer notre site Web.<\/p>\n<\/li>\n<\/ul>\n<h2>Comment et pourquoi nous utilisons vos informations personnelles<\/h2>\n<p>Nous pouvons utiliser les informations que nous recevons de votre part \u00e0 des fins bas\u00e9es sur des int\u00e9r\u00eats commerciaux l\u00e9gitimes, l&#8217;ex\u00e9cution de notre contrat avec vous, le respect de nos obligations l\u00e9gales et \/ ou votre consentement. Nous utilisons les informations que nous recueillons ou recevons:<\/p>\n<ul>\n<li>\n<h3>Pour vous envoyer des informations administratives.<\/h3>\n<p>Nous pouvons utiliser vos informations personnelles pour vous envoyer des informations sur les produits, les services et les nouvelles fonctionnalit\u00e9s et \/ ou des informations sur les modifications de nos termes, conditions et politiques.<\/p>\n<\/li>\n<li>\n<h3>Pour vous informer des nouveaux messages si vous \u00eates abonn\u00e9 \u00e0 notre blogue.<\/h3>\n<p>Vous pouvez vous d\u00e9sabonner de notre blogue \u00e0 tout moment en suivant le lien fourni dans chaque courriel.<\/p>\n<\/li>\n<li>\n<h3>Pour entrer en contact avec vous suite \u00e0 une demande.<\/h3>\n<p>Nous utilisons vos informations pour vous contacter apr\u00e8s que vous ayez formul\u00e9 une demande sur notre site.<\/p>\n<\/li>\n<li>\n<h3>Pour personnaliser notre site Web pour votre exp\u00e9rience.<\/h3>\n<p>Nous pouvons utiliser les informations que vous nous avez fournies ainsi que toute information informatique que nous recevons pour personnaliser notre site Web.<\/p>\n<\/li>\n<li>\n<h3>\u00c0 des fins d&#8217;agr\u00e9gation de donn\u00e9es.<\/h3>\n<p>Nous nous r\u00e9servons le droit de collecter et d&#8217;utiliser toutes les informations non personnelles recueillies lors de votre utilisation de notre site Web et de les regrouper pour des analyses internes qui am\u00e9liorent notre site Web et notre service, ainsi que pour leur utilisation ou leur revente \u00e0 des tiers. A aucun moment vos informations personnellement identifiables ne sont incluses dans de telles agr\u00e9gations de donn\u00e9es.<\/p>\n<\/li>\n<\/ul>\n<h2>Transfert de vos informations personnelles<\/h2>\n<p>Vos informations, y compris vos informations personnelles, peuvent \u00eatre transf\u00e9r\u00e9es et conserv\u00e9es sur des ordinateurs situ\u00e9s en dehors de votre \u00e9tat, province, pays ou autre juridiction gouvernementale o\u00f9 les lois sur la protection des donn\u00e9es peuvent diff\u00e9rer de celles de votre juridiction.<\/p>\n<p>Nous prendrons toutes les mesures raisonnablement n\u00e9cessaires afin de garantir que vos donn\u00e9es sont trait\u00e9es de mani\u00e8re s\u00e9curis\u00e9e et conform\u00e9ment \u00e0 la pr\u00e9sente politique de confidentialit\u00e9, aucun transfert de vos informations personnelles ne sera effectu\u00e9 vers une organisation ou un pays \u00e0 moins que des contr\u00f4les ad\u00e9quats ne soient en place, notamment la s\u00e9curit\u00e9 de vos donn\u00e9es et autres informations personnelles.<\/p>\n<h2>Divulgation de vos informations personnelles<\/h2>\n<p>Si nous sommes impliqu\u00e9s dans une fusion, une acquisition ou une vente d&#8217;actifs, vos informations personnelles peuvent \u00eatre transf\u00e9r\u00e9es. Nous vous informerons avant que vos informations personnelles soient transf\u00e9r\u00e9es et deviennent soumises \u00e0 une politique de confidentialit\u00e9 diff\u00e9rente.<\/p>\n<p>Dans certaines circonstances, nous pouvons \u00eatre tenus de divulguer vos informations personnelles si la loi l&#8217;exige ou en r\u00e9ponse \u00e0 des demandes valables des autorit\u00e9s publiques (par exemple, un tribunal ou un organisme gouvernemental).<\/p>\n<h2>Conservation de vos informations personnelles<\/h2>\n<p>Nous ne conserverons vos informations personnelles que le temps n\u00e9cessaire aux fins \u00e9nonc\u00e9es dans la pr\u00e9sente politique de confidentialit\u00e9. Nous conserverons et utiliserons vos informations dans la mesure n\u00e9cessaire pour nous conformer \u00e0 nos obligations l\u00e9gales (par exemple, si nous devons les conserver pour nous conformer aux lois applicables), pour r\u00e9soudre les litiges et pour faire respecter nos accords et politiques juridiques.<\/p>\n<h2>Informations concernant vos droits de protection des donn\u00e9es en vertu du r\u00e8glement g\u00e9n\u00e9ral sur la protection des donn\u00e9es (GDPR)<\/h2>\n<p>Aux fins de la pr\u00e9sente politique de confidentialit\u00e9, nous sommes un responsable du traitement de vos informations personnelles.<\/p>\n<p>Si vous appartenez \u00e0 l&#8217;Espace \u00e9conomique europ\u00e9en (EEE), notre base l\u00e9gale pour la collecte et l&#8217;utilisation de vos informations personnelles, telle que d\u00e9crite dans la pr\u00e9sente politique de confidentialit\u00e9, d\u00e9pend des informations que nous recueillons et du contexte sp\u00e9cifique dans lequel nous les recueillons. Nous pouvons traiter vos informations personnelles pour les raisons suivantes:<\/p>\n<ul>\n<li>Nous devons signer un contrat avec vous, par exemple lorsque vous utilisez notre logiciel.<\/li>\n<li>Vous nous avez donn\u00e9 la permission de le faire<\/li>\n<li>Le traitement est dans nos int\u00e9r\u00eats l\u00e9gitimes et vos droits ne l&#8217;emportent pas<\/li>\n<li>Aux fins du traitement des paiements<\/li>\n<li>Se conformer \u00e0 la loi<\/li>\n<\/ul>\n<p>Si vous \u00eates r\u00e9sident de l&#8217;Espace \u00e9conomique europ\u00e9en (EEE), vous disposez de certains droits de protection des donn\u00e9es. Dans certaines circonstances, vous disposez des droits de protection des donn\u00e9es suivants:<\/p>\n<ul>\n<li>Le droit d&#8217;acc\u00e9der, de mettre \u00e0 jour ou de supprimer les informations personnelles que nous avons sur vous<\/li>\n<li>Le droit de rectification<\/li>\n<li>Le droit de faire objection<\/li>\n<li>Le droit de restriction<\/li>\n<li>Le droit \u00e0 la portabilit\u00e9 des donn\u00e9es<\/li>\n<li>Le droit de retirer son consentement<\/li>\n<\/ul>\n<p>Veuillez noter que nous pouvons vous demander de v\u00e9rifier votre identit\u00e9 avant de r\u00e9pondre \u00e0 de telles demandes.<\/p>\n<p>Vous avez le droit de porter plainte aupr\u00e8s d&#8217;une autorit\u00e9 de protection des donn\u00e9es concernant la collecte et l&#8217;utilisation de vos informations personnelles. Pour plus d&#8217;informations, veuillez contacter votre autorit\u00e9 locale de protection des donn\u00e9es dans l&#8217;Espace \u00e9conomique europ\u00e9en (EEE).<\/p>\n<h2>Les fournisseurs de services<\/h2>\n<p>Nous employons des soci\u00e9t\u00e9s tierces et des particuliers pour faciliter notre site Web (les \u00abfournisseurs de services\u00bb), pour fournir notre site Web en notre nom, pour fournir des services connexes au site Web ou pour nous aider \u00e0 analyser l&#8217;utilisation de notre site Web. Ces tiers ont acc\u00e8s \u00e0 vos informations personnelles uniquement pour effectuer ces t\u00e2ches en notre nom et sont tenus de ne pas les divulguer ni les utiliser \u00e0 d&#8217;autres fins.<\/p>\n<ul>\n<li>\n<h3>Analytique<\/h3>\n<ul>\n<li>Google Analytics est un service d&#8217;analyse Web propos\u00e9 par Google qui permet de suivre et de signaler le trafic sur un site Web. Google utilise les donn\u00e9es collect\u00e9es pour suivre et contr\u00f4ler l&#8217;utilisation de notre service. Ces donn\u00e9es sont partag\u00e9es avec d&#8217;autres services Google. Google peut utiliser les donn\u00e9es collect\u00e9es pour contextualiser et personnaliser les annonces de son propre r\u00e9seau publicitaire. Vous pouvez choisir de ne pas rendre votre activit\u00e9 sur le service accessible \u00e0 Google Analytics en installant le module compl\u00e9mentaire de navigateur pour la d\u00e9sactivation de Google Analytics. Le module compl\u00e9mentaire emp\u00eache le code JavaScript de Google Analytics (ga.js, analytics.js et dc.js) de partager des informations avec Google Analytics sur l&#8217;activit\u00e9 des visites. Pour plus d&#8217;informations sur les pratiques de Google en mati\u00e8re de confidentialit\u00e9, consultez la page Confidentialit\u00e9 et conditions de Google. page Web:\u00a0<a href=\"http:\/\/www.google.com\/intl\/fr\/policies\/privacy\/\">http:\/\/www.google.com\/intl\/fr\/policies\/privacy\/<\/a><\/li>\n<\/ul>\n<\/li>\n<\/ul>\n<h2>Liens vers des sites Web tiers<\/h2>\n<p>Notre site Web peut contenir des liens vers d&#8217;autres sites Web qui ne sont pas sous notre contr\u00f4le direct. Ces sites Web peuvent avoir leurs propres politiques en mati\u00e8re de confidentialit\u00e9. Nous n&#8217;avons aucun contr\u00f4le ni responsabilit\u00e9 sur les sites Web li\u00e9s et ne fournissons ces liens que pour la commodit\u00e9 et les informations de nos visiteurs. Vous acc\u00e9dez \u00e0 ces sites Web li\u00e9s \u00e0 vos risques et p\u00e9rils. Ces sites Web ne sont pas soumis \u00e0 cette politique de confidentialit\u00e9. Vous devriez v\u00e9rifier les politiques de confidentialit\u00e9 de ces sites Web, le cas \u00e9ch\u00e9ant, pour voir comment les exploitants de ces sites Web tiers utiliseront vos informations personnelles. En outre, ces sites Web peuvent contenir un lien vers des sites Web de nos soci\u00e9t\u00e9s affili\u00e9es. Les sites Web de nos affili\u00e9s ne sont pas soumis \u00e0 la pr\u00e9sente politique de confidentialit\u00e9, et vous devez consulter leurs propres politiques de confidentialit\u00e9 pour savoir comment les exploitants de ces sites Web utiliseront vos informations personnelles.<\/p>\n<h2>Notre politique de messagerie<\/h2>\n<p>Nous nous conformons pleinement aux lois nationales relatives au SPAM. Vous pouvez toujours choisir de ne plus recevoir de courrier \u00e9lectronique de notre part et \/ ou de nos filiales. Nous convenons de ne pas vendre, louer ou \u00e9changer votre adresse e-mail \u00e0 un tiers non affili\u00e9 sans votre permission.<\/p>\n<h2>Mises \u00e0 jour de notre politique de confidentialit\u00e9<\/h2>\n<p>Nous nous r\u00e9servons le droit de modifier cette politique de confidentialit\u00e9 \u00e0 tout moment. Si nous apportons des modifications importantes \u00e0 cette politique, nous pourrons vous en informer sur notre site Web, par le biais d&#8217;un blog, par courrier \u00e9lectronique ou par tout autre moyen que nous d\u00e9terminerons. La m\u00e9thode que nous avons choisie est \u00e0 notre seule discr\u00e9tion. Nous modifierons \u00e9galement la date de &#8220;derni\u00e8re mise \u00e0 jour&#8221; au d\u00e9but de la pr\u00e9sente politique de confidentialit\u00e9. Toute modification apport\u00e9e \u00e0 notre politique de confidentialit\u00e9 prend effet \u00e0 compter de cette derni\u00e8re date de mise \u00e0 jour et remplace toute politique de confidentialit\u00e9 ant\u00e9rieure.<\/p>\n<h2>Contactez nous<\/h2>\n<p>Si vous avez des questions sur nos pratiques de confidentialit\u00e9 ou sur la pr\u00e9sente politique, veuillez\u00a0<a href=\"https:\/\/www.alphinat.com\/fr\/contact\/\">nous joindre<\/a>.<\/p>\n\n","protected":false},"excerpt":{"rendered":"<p>Nous nous engageons \u00e0 prot\u00e9ger vos informations personnelles et votre droit \u00e0 la vie priv\u00e9e. Si vous avez des questions ou des pr\u00e9occupations concernant notre politique ou nos pratiques en ce qui concerne vos informations personnelles, veuillez nous contacter. Cette politique de confidentialit\u00e9 r\u00e9git les politiques et pratiques de confidentialit\u00e9 de notre site Web, situ\u00e9 [&hellip;]<\/p>\n","protected":false},"author":1,"featured_media":0,"parent":0,"menu_order":0,"comment_status":"closed","ping_status":"closed","template":"","meta":{"footnotes":""},"_links":{"self":[{"href":"https:\/\/www.alphinat.com\/fr\/wp-json\/wp\/v2\/pages\/926"}],"collection":[{"href":"https:\/\/www.alphinat.com\/fr\/wp-json\/wp\/v2\/pages"}],"about":[{"href":"https:\/\/www.alphinat.com\/fr\/wp-json\/wp\/v2\/types\/page"}],"author":[{"embeddable":true,"href":"https:\/\/www.alphinat.com\/fr\/wp-json\/wp\/v2\/users\/1"}],"replies":[{"embeddable":true,"href":"https:\/\/www.alphinat.com\/fr\/wp-json\/wp\/v2\/comments?post=926"}],"version-history":[{"count":0,"href":"https:\/\/www.alphinat.com\/fr\/wp-json\/wp\/v2\/pages\/926\/revisions"}],"wp:attachment":[{"href":"https:\/\/www.alphinat.com\/fr\/wp-json\/wp\/v2\/media?parent=926"}],"curies":[{"name":"wp","href":"https:\/\/api.w.org\/{rel}","templated":true}]}}